{"id":3684,"date":"2025-12-16T15:23:48","date_gmt":"2025-12-16T15:23:48","guid":{"rendered":"https:\/\/consideratepouchers.org\/?page_id=3684"},"modified":"2025-12-18T16:00:45","modified_gmt":"2025-12-18T16:00:45","slug":"misleading-and-manipulating-how-brussels-is-sabotaging-smoking-cessation","status":"publish","type":"page","link":"https:\/\/consideratepouchers.org\/cs\/zavadejici-a-manipulujici-jak-brusel-sabotuje-odvykani-koureni\/","title":{"rendered":"Zav\u00e1d\u011bj\u00edc\u00ed a manipuluj\u00edc\u00ed: Jak Brusel sabotuje odvyk\u00e1n\u00ed kou\u0159en\u00ed"},"content":{"rendered":"<div data-elementor-type=\"wp-page\" data-elementor-id=\"3684\" class=\"elementor elementor-3684\" data-elementor-post-type=\"page\">\n\t\t\t\t<div class=\"elementor-element elementor-element-4a7a506 e-flex e-con-boxed e-con e-parent\" data-id=\"4a7a506\" data-element_type=\"container\" data-settings=\"{&quot;background_background&quot;:&quot;classic&quot;}\">\n\t\t\t\t\t<div class=\"e-con-inner\">\n\t\t<div class=\"elementor-element elementor-element-0ef3fed e-flex e-con-boxed e-con e-child\" data-id=\"0ef3fed\" data-element_type=\"container\">\n\t\t\t\t\t<div class=\"e-con-inner\">\n\t\t\t\t<div class=\"elementor-element elementor-element-80b69b8 elementor-widget elementor-widget-heading\" data-id=\"80b69b8\" data-element_type=\"widget\" data-widget_type=\"heading.default\">\n\t\t\t\t<div class=\"elementor-widget-container\">\n\t\t\t\t\t<h1 class=\"elementor-heading-title elementor-size-default\">Zav\u00e1d\u011bj\u00edc\u00ed a manipuluj\u00edc\u00ed<\/h1>\t\t\t\t<\/div>\n\t\t\t\t<\/div>\n\t\t\t\t<div class=\"elementor-element elementor-element-125be13 elementor-widget elementor-widget-heading\" data-id=\"125be13\" data-element_type=\"widget\" data-widget_type=\"heading.default\">\n\t\t\t\t<div class=\"elementor-widget-container\">\n\t\t\t\t\t<h1 class=\"elementor-heading-title elementor-size-default\">Jak Brusel sabotuje odvyk\u00e1n\u00ed kou\u0159en\u00ed\n<\/h1>\t\t\t\t<\/div>\n\t\t\t\t<\/div>\n\t\t\t\t\t<\/div>\n\t\t\t\t<\/div>\n\t\t\t\t\t<\/div>\n\t\t\t\t<\/div>\n\t\t<div class=\"elementor-element elementor-element-21b6c02 e-flex e-con-boxed e-con e-parent\" data-id=\"21b6c02\" data-element_type=\"container\" data-settings=\"{&quot;background_background&quot;:&quot;classic&quot;}\">\n\t\t\t\t\t<div class=\"e-con-inner\">\n\t\t\t\t<div class=\"elementor-element elementor-element-5ae9b3e elementor-widget elementor-widget-heading\" data-id=\"5ae9b3e\" data-element_type=\"widget\" data-widget_type=\"heading.default\">\n\t\t\t\t<div class=\"elementor-widget-container\">\n\t\t\t\t\t<h3 class=\"elementor-heading-title elementor-size-default\">Stru\u010dn\u00fd p\u0159ehled selh\u00e1n\u00ed Evropsk\u00e9 komise\n<\/h3>\t\t\t\t<\/div>\n\t\t\t\t<\/div>\n\t\t\t\t<div class=\"elementor-element elementor-element-c3f8b57 elementor-widget elementor-widget-text-editor\" data-id=\"c3f8b57\" data-element_type=\"widget\" data-widget_type=\"text-editor.default\">\n\t\t\t\t<div class=\"elementor-widget-container\">\n\t\t\t\t\t\t\t\t\t<p><span style=\"font-weight: 400;\">Evropsk\u00e1 komise selh\u00e1v\u00e1 v z\u00e1jmu evropsk\u00fdch ku\u0159\u00e1k\u016f t\u00edm, \u017ee odm\u00edt\u00e1 uznat jeden z\u00e1kladn\u00ed fakt: <\/span><b>nikotinov\u00e9 s\u00e1\u010dky a jin\u00e9 alternativy bez kou\u0159e nejsou cigarety<\/b><span style=\"font-weight: 400;\">Nach\u00e1zej\u00ed se na zcela odli\u0161n\u00fdch \u00farovn\u00edch rizika, p\u0159esto Brusel trv\u00e1 na tom, \u017ee s nimi bude zach\u00e1zet, jako by byly stejn\u011b \u0161kodliv\u00e9. Nejde o p\u0159ehl\u00e9dnut\u00ed \u2013 jde o politiku postavenou na zav\u00e1d\u011bj\u00edc\u00edch narativech, kter\u00e1 lidi udr\u017euje u nejnebezpe\u010dn\u011bj\u0161\u00edho produktu na trhu.<\/span><\/p><p><span style=\"font-weight: 400;\">U\u017e v\u00edme, \u017ee sni\u017eov\u00e1n\u00ed \u0161kod funguje. <\/span><b>\u0160v\u00e9dsko t\u00e9m\u011b\u0159 \u00fasp\u011b\u0161n\u011b za\u017eilo nucenou cestu k \u017eivotu<\/b><span style=\"font-weight: 400;\">spolu se siln\u00fdmi v\u00fdsledky v \u0158ecku a \u010cesk\u00e9 republice dokazuj\u00ed, \u017ee kdy\u017e maj\u00ed lid\u00e9 p\u0159\u00edstup k bezpe\u010dn\u011bj\u0161\u00edm mo\u017enostem, m\u00edra kou\u0159en\u00ed kles\u00e1. M\u00edsto aby se Komise z t\u011bchto p\u0159\u00edklad\u016f pou\u010dila, d\u00edv\u00e1 se jinam.<\/span><\/p><p><span style=\"font-weight: 400;\">Z\u00e1rove\u0148 se Brusel ti\u0161e posouv\u00e1 sm\u011brem k <\/span><b>centralizovan\u00e9 da\u0148ov\u00e9 pravomoci<\/b><span style=\"font-weight: 400;\"> oproti tab\u00e1kov\u00fdm a nikotinov\u00fdm v\u00fdrobk\u016fm. Pokud se to poda\u0159\u00ed, bezpe\u010dn\u011bj\u0161\u00ed alternativy budou dra\u017e\u0161\u00ed a m\u00e9n\u011b dostupn\u00e9, zejm\u00e9na pro spot\u0159ebitele s ni\u017e\u0161\u00edmi p\u0159\u00edjmy \u2013 tedy pr\u00e1v\u011b pro ty, kte\u0159\u00ed z toho budou m\u00edt nejv\u011bt\u0161\u00ed prosp\u011bch.<\/span><\/p><p><span style=\"font-weight: 400;\">Tento bezohledn\u00fd sm\u011br riskuje zma\u0159en\u00ed desetilet\u00ed pokroku v oblasti ve\u0159ejn\u00e9ho zdrav\u00ed. Evropa pot\u0159ebuje jasnou v\u011bdu, up\u0159\u00edmnou komunikaci a respekt k \u010dlensk\u00fdm st\u00e1t\u016fm, kter\u00e9 uk\u00e1zaly, jak vypad\u00e1 skute\u010dn\u00e9 sni\u017eov\u00e1n\u00ed \u0161kod.<\/span><\/p>\t\t\t\t\t\t\t\t<\/div>\n\t\t\t\t<\/div>\n\t\t\t\t\t<\/div>\n\t\t\t\t<\/div>\n\t\t<div class=\"elementor-element elementor-element-44eb1e9 e-flex e-con-boxed e-con e-parent\" data-id=\"44eb1e9\" data-element_type=\"container\" data-settings=\"{&quot;background_background&quot;:&quot;classic&quot;}\">\n\t\t\t\t\t<div class=\"e-con-inner\">\n\t\t\t\t<div class=\"elementor-element elementor-element-82b0043 elementor-widget elementor-widget-heading\" data-id=\"82b0043\" data-element_type=\"widget\" data-widget_type=\"heading.default\">\n\t\t\t\t<div class=\"elementor-widget-container\">\n\t\t\t\t\t<h3 class=\"elementor-heading-title elementor-size-default\">P\u0159e\u010dt\u011bte si cel\u00fd \u010dl\u00e1nek\n\n<\/h3>\t\t\t\t<\/div>\n\t\t\t\t<\/div>\n\t\t\t\t<div class=\"elementor-element elementor-element-83af0d9 elementor-align-center elementor-widget elementor-widget-button\" data-id=\"83af0d9\" data-element_type=\"widget\" data-widget_type=\"button.default\">\n\t\t\t\t<div class=\"elementor-widget-container\">\n\t\t\t\t\t\t\t\t\t<div class=\"elementor-button-wrapper\">\n\t\t\t\t\t<a class=\"elementor-button elementor-button-link elementor-size-sm\" href=\"https:\/\/consideratepouchers.org\/wp-content\/uploads\/2025\/12\/CP-How-Brussels-Is-Sabotaging-Smoking-Cessation.pdf\" target=\"_blank\">\n\t\t\t\t\t\t<span class=\"elementor-button-content-wrapper\">\n\t\t\t\t\t\t\t\t\t<span class=\"elementor-button-text\">St\u00e1hnout<\/span>\n\t\t\t\t\t<\/span>\n\t\t\t\t\t<\/a>\n\t\t\t\t<\/div>\n\t\t\t\t\t\t\t\t<\/div>\n\t\t\t\t<\/div>\n\t\t\t\t\t<\/div>\n\t\t\t\t<\/div>\n\t\t<div class=\"elementor-element elementor-element-cb18bf5 e-flex e-con-boxed e-con e-parent\" data-id=\"cb18bf5\" data-element_type=\"container\" data-settings=\"{&quot;background_background&quot;:&quot;classic&quot;}\">\n\t\t\t\t\t<div class=\"e-con-inner\">\n\t\t\t\t<div class=\"elementor-element elementor-element-19e82c6 elementor-widget elementor-widget-heading\" data-id=\"19e82c6\" data-element_type=\"widget\" data-widget_type=\"heading.default\">\n\t\t\t\t<div class=\"elementor-widget-container\">\n\t\t\t\t\t<h3 class=\"elementor-heading-title elementor-size-default\">Sd\u00edlejte s ostatn\u00edmi!<\/h3>\t\t\t\t<\/div>\n\t\t\t\t<\/div>\n\t\t\t\t<div class=\"elementor-element elementor-element-b62be8c elementor-share-buttons--view-icon elementor-share-buttons--shape-circle elementor-share-buttons--align-center elementor-share-buttons--skin-gradient elementor-grid-0 elementor-share-buttons--color-official elementor-widget elementor-widget-share-buttons\" data-id=\"b62be8c\" data-element_type=\"widget\" data-widget_type=\"share-buttons.default\">\n\t\t\t\t<div class=\"elementor-widget-container\">\n\t\t\t\t\t\t\t<div class=\"elementor-grid\">\n\t\t\t\t\t\t\t\t<div class=\"elementor-grid-item\">\n\t\t\t\t\t\t<div\n\t\t\t\t\t\t\tclass=\"elementor-share-btn elementor-share-btn_x-twitter\"\n\t\t\t\t\t\t\trole=\"button\"\n\t\t\t\t\t\t\ttabindex=\"0\"\n\t\t\t\t\t\t\taria-label=\"Sd\u00edlet na x-twitteru\"\n\t\t\t\t\t\t>\n\t\t\t\t\t\t\t\t\t\t\t\t\t\t\t<span class=\"elementor-share-btn__icon\">\n\t\t\t\t\t\t\t\t<i class=\"fab fa-x-twitter\" aria-hidden=\"true\"><\/i>\t\t\t\t\t\t\t<\/span>\n\t\t\t\t\t\t\t\t\t\t\t\t\t\t\t\t\t\t\t\t<\/div>\n\t\t\t\t\t<\/div>\n\t\t\t\t\t\t\t\t\t<div class=\"elementor-grid-item\">\n\t\t\t\t\t\t<div\n\t\t\t\t\t\t\tclass=\"elementor-share-btn elementor-share-btn_facebook\"\n\t\t\t\t\t\t\trole=\"button\"\n\t\t\t\t\t\t\ttabindex=\"0\"\n\t\t\t\t\t\t\taria-label=\"Sd\u00edlet na Facebooku\"\n\t\t\t\t\t\t>\n\t\t\t\t\t\t\t\t\t\t\t\t\t\t\t<span class=\"elementor-share-btn__icon\">\n\t\t\t\t\t\t\t\t<i class=\"fab fa-facebook\" aria-hidden=\"true\"><\/i>\t\t\t\t\t\t\t<\/span>\n\t\t\t\t\t\t\t\t\t\t\t\t\t\t\t\t\t\t\t\t<\/div>\n\t\t\t\t\t<\/div>\n\t\t\t\t\t\t\t\t\t<div class=\"elementor-grid-item\">\n\t\t\t\t\t\t<div\n\t\t\t\t\t\t\tclass=\"elementor-share-btn elementor-share-btn_linkedin\"\n\t\t\t\t\t\t\trole=\"button\"\n\t\t\t\t\t\t\ttabindex=\"0\"\n\t\t\t\t\t\t\taria-label=\"Sd\u00edlet na LinkedIn\"\n\t\t\t\t\t\t>\n\t\t\t\t\t\t\t\t\t\t\t\t\t\t\t<span class=\"elementor-share-btn__icon\">\n\t\t\t\t\t\t\t\t<i class=\"fab fa-linkedin\" aria-hidden=\"true\"><\/i>\t\t\t\t\t\t\t<\/span>\n\t\t\t\t\t\t\t\t\t\t\t\t\t\t\t\t\t\t\t\t<\/div>\n\t\t\t\t\t<\/div>\n\t\t\t\t\t\t\t\t\t<div class=\"elementor-grid-item\">\n\t\t\t\t\t\t<div\n\t\t\t\t\t\t\tclass=\"elementor-share-btn elementor-share-btn_whatsapp\"\n\t\t\t\t\t\t\trole=\"button\"\n\t\t\t\t\t\t\ttabindex=\"0\"\n\t\t\t\t\t\t\taria-label=\"Sd\u00edlet na WhatsAppu\"\n\t\t\t\t\t\t>\n\t\t\t\t\t\t\t\t\t\t\t\t\t\t\t<span class=\"elementor-share-btn__icon\">\n\t\t\t\t\t\t\t\t<i class=\"fab fa-whatsapp\" aria-hidden=\"true\"><\/i>\t\t\t\t\t\t\t<\/span>\n\t\t\t\t\t\t\t\t\t\t\t\t\t\t\t\t\t\t\t\t<\/div>\n\t\t\t\t\t<\/div>\n\t\t\t\t\t\t<\/div>\n\t\t\t\t\t\t<\/div>\n\t\t\t\t<\/div>\n\t\t\t\t\t<\/div>\n\t\t\t\t<\/div>\n\t\t\t\t<\/div>","protected":false},"excerpt":{"rendered":"<p>Zav\u00e1d\u011bj\u00edc\u00ed a manipuluj\u00edc\u00ed Jak Brusel sabotuje odvyk\u00e1n\u00ed kou\u0159en\u00ed Stru\u010dn\u00fd p\u0159ehled selh\u00e1n\u00ed Evropsk\u00e9 komise Evropsk\u00e1 komise selh\u00e1v\u00e1 v\u016f\u010di evropsk\u00fdm ku\u0159\u00e1k\u016fm t\u00edm, \u017ee odm\u00edt\u00e1 uznat jeden z\u00e1kladn\u00ed fakt: nikotinov\u00e9 s\u00e1\u010dky a dal\u0161\u00ed alternativy bez kou\u0159en\u00ed nejsou cigarety. Maj\u00ed zcela odli\u0161n\u00e9 \u00farovn\u011b rizika, p\u0159esto Brusel trv\u00e1 na tom, \u017ee s nimi bude zach\u00e1zet, jako by byly [\u2026]<\/p>","protected":false},"author":10,"featured_media":3628,"parent":0,"menu_order":0,"comment_status":"closed","ping_status":"closed","template":"elementor_header_footer","meta":{"footnotes":""},"class_list":["post-3684","page","type-page","status-publish","has-post-thumbnail","hentry"],"yoast_head":"<!-- This site is optimized with the Yoast SEO plugin v25.0 - https:\/\/yoast.com\/wordpress\/plugins\/seo\/ -->\n<title>Misleading and Manipulating: How Brussels Is Sabotaging Smoking Cessation - Considerate Pouchers<\/title>\n<meta name=\"robots\" content=\"index, follow, max-snippet:-1, max-image-preview:large, max-video-preview:-1\" \/>\n<link rel=\"canonical\" href=\"https:\/\/consideratepouchers.org\/cs\/zavadejici-a-manipulujici-jak-brusel-sabotuje-odvykani-koureni\/\" \/>\n<meta property=\"og:locale\" content=\"cs_CZ\" \/>\n<meta property=\"og:type\" content=\"article\" \/>\n<meta property=\"og:title\" content=\"Misleading and Manipulating: How Brussels Is Sabotaging Smoking Cessation - Considerate Pouchers\" \/>\n<meta property=\"og:description\" content=\"Misleading and Manipulating How Brussels Is Sabotaging Smoking Cessation The EU Commission\u2019s Failures in Brief The European Commission is failing Europe\u2019s smokers by refusing to acknowledge one basic fact: nicotine pouches and other smoke-free alternatives are not cigarettes. They sit on completely different risk levels, yet Brussels insists on treating them as if they are [&hellip;]\" \/>\n<meta property=\"og:url\" content=\"https:\/\/consideratepouchers.org\/cs\/zavadejici-a-manipulujici-jak-brusel-sabotuje-odvykani-koureni\/\" \/>\n<meta property=\"og:site_name\" content=\"Considerate Pouchers\" \/>\n<meta property=\"article:publisher\" content=\"https:\/\/www.facebook.com\/cpouchers\" \/>\n<meta property=\"article:modified_time\" content=\"2025-12-18T16:00:45+00:00\" \/>\n<meta property=\"og:image\" content=\"https:\/\/consideratepouchers.org\/wp-content\/uploads\/2025\/09\/Protect-pouches-Berlin-blog-image-1024x945.png\" \/>\n\t<meta property=\"og:image:width\" content=\"1024\" \/>\n\t<meta property=\"og:image:height\" content=\"945\" \/>\n\t<meta property=\"og:image:type\" content=\"image\/png\" \/>\n<meta name=\"twitter:card\" content=\"summary_large_image\" \/>\n<meta name=\"twitter:site\" content=\"@CPouchers\" \/>\n<meta name=\"twitter:label1\" content=\"Est. reading time\" \/>\n\t<meta name=\"twitter:data1\" content=\"2 minuty\" \/>\n<script type=\"application\/ld+json\" class=\"yoast-schema-graph\">{\"@context\":\"https:\/\/schema.org\",\"@graph\":[{\"@type\":\"WebPage\",\"@id\":\"https:\/\/consideratepouchers.org\/misleading-and-manipulating-how-brussels-is-sabotaging-smoking-cessation\/\",\"url\":\"https:\/\/consideratepouchers.org\/misleading-and-manipulating-how-brussels-is-sabotaging-smoking-cessation\/\",\"name\":\"Misleading and Manipulating: How Brussels Is Sabotaging Smoking Cessation - Considerate Pouchers\",\"isPartOf\":{\"@id\":\"https:\/\/consideratepouchers.org\/#website\"},\"primaryImageOfPage\":{\"@id\":\"https:\/\/consideratepouchers.org\/misleading-and-manipulating-how-brussels-is-sabotaging-smoking-cessation\/#primaryimage\"},\"image\":{\"@id\":\"https:\/\/consideratepouchers.org\/misleading-and-manipulating-how-brussels-is-sabotaging-smoking-cessation\/#primaryimage\"},\"thumbnailUrl\":\"https:\/\/consideratepouchers.org\/wp-content\/uploads\/2025\/09\/Protect-pouches-Berlin-blog-image.png\",\"datePublished\":\"2025-12-16T15:23:48+00:00\",\"dateModified\":\"2025-12-18T16:00:45+00:00\",\"breadcrumb\":{\"@id\":\"https:\/\/consideratepouchers.org\/misleading-and-manipulating-how-brussels-is-sabotaging-smoking-cessation\/#breadcrumb\"},\"inLanguage\":\"cs\",\"potentialAction\":[{\"@type\":\"ReadAction\",\"target\":[\"https:\/\/consideratepouchers.org\/misleading-and-manipulating-how-brussels-is-sabotaging-smoking-cessation\/\"]}]},{\"@type\":\"ImageObject\",\"inLanguage\":\"cs\",\"@id\":\"https:\/\/consideratepouchers.org\/misleading-and-manipulating-how-brussels-is-sabotaging-smoking-cessation\/#primaryimage\",\"url\":\"https:\/\/consideratepouchers.org\/wp-content\/uploads\/2025\/09\/Protect-pouches-Berlin-blog-image.png\",\"contentUrl\":\"https:\/\/consideratepouchers.org\/wp-content\/uploads\/2025\/09\/Protect-pouches-Berlin-blog-image.png\",\"width\":2081,\"height\":1920},{\"@type\":\"BreadcrumbList\",\"@id\":\"https:\/\/consideratepouchers.org\/misleading-and-manipulating-how-brussels-is-sabotaging-smoking-cessation\/#breadcrumb\",\"itemListElement\":[{\"@type\":\"ListItem\",\"position\":1,\"name\":\"Home\",\"item\":\"https:\/\/consideratepouchers.org\/\"},{\"@type\":\"ListItem\",\"position\":2,\"name\":\"Misleading and Manipulating: How Brussels Is Sabotaging Smoking Cessation\"}]},{\"@type\":\"WebSite\",\"@id\":\"https:\/\/consideratepouchers.org\/#website\",\"url\":\"https:\/\/consideratepouchers.org\/\",\"name\":\"Considerate Pouchers\",\"description\":\"Improving Health &amp; Combatting Misinformation\",\"publisher\":{\"@id\":\"https:\/\/consideratepouchers.org\/#organization\"},\"potentialAction\":[{\"@type\":\"SearchAction\",\"target\":{\"@type\":\"EntryPoint\",\"urlTemplate\":\"https:\/\/consideratepouchers.org\/?s={search_term_string}\"},\"query-input\":{\"@type\":\"PropertyValueSpecification\",\"valueRequired\":true,\"valueName\":\"search_term_string\"}}],\"inLanguage\":\"cs\"},{\"@type\":\"Organization\",\"@id\":\"https:\/\/consideratepouchers.org\/#organization\",\"name\":\"Considerate Pouchers\",\"url\":\"https:\/\/consideratepouchers.org\/\",\"logo\":{\"@type\":\"ImageObject\",\"inLanguage\":\"cs\",\"@id\":\"https:\/\/consideratepouchers.org\/#\/schema\/logo\/image\/\",\"url\":\"https:\/\/consideratepouchers.com\/wp-content\/uploads\/2021\/07\/Considerate-Pouchers-lOGO.png\",\"contentUrl\":\"https:\/\/consideratepouchers.com\/wp-content\/uploads\/2021\/07\/Considerate-Pouchers-lOGO.png\",\"width\":504,\"height\":504,\"caption\":\"Considerate Pouchers\"},\"image\":{\"@id\":\"https:\/\/consideratepouchers.org\/#\/schema\/logo\/image\/\"},\"sameAs\":[\"https:\/\/www.facebook.com\/cpouchers\",\"https:\/\/x.com\/CPouchers\",\"https:\/\/www.instagram.com\/cpouchers\"]}]}<\/script>\n<!-- \/ Yoast SEO plugin. -->","yoast_head_json":{"title":"Misleading and Manipulating: How Brussels Is Sabotaging Smoking Cessation - Considerate Pouchers","robots":{"index":"index","follow":"follow","max-snippet":"max-snippet:-1","max-image-preview":"max-image-preview:large","max-video-preview":"max-video-preview:-1"},"canonical":"https:\/\/consideratepouchers.org\/cs\/zavadejici-a-manipulujici-jak-brusel-sabotuje-odvykani-koureni\/","og_locale":"cs_CZ","og_type":"article","og_title":"Misleading and Manipulating: How Brussels Is Sabotaging Smoking Cessation - Considerate Pouchers","og_description":"Misleading and Manipulating How Brussels Is Sabotaging Smoking Cessation The EU Commission\u2019s Failures in Brief The European Commission is failing Europe\u2019s smokers by refusing to acknowledge one basic fact: nicotine pouches and other smoke-free alternatives are not cigarettes. They sit on completely different risk levels, yet Brussels insists on treating them as if they are [&hellip;]","og_url":"https:\/\/consideratepouchers.org\/cs\/zavadejici-a-manipulujici-jak-brusel-sabotuje-odvykani-koureni\/","og_site_name":"Considerate Pouchers","article_publisher":"https:\/\/www.facebook.com\/cpouchers","article_modified_time":"2025-12-18T16:00:45+00:00","og_image":[{"width":1024,"height":945,"url":"https:\/\/consideratepouchers.org\/wp-content\/uploads\/2025\/09\/Protect-pouches-Berlin-blog-image-1024x945.png","type":"image\/png"}],"twitter_card":"summary_large_image","twitter_site":"@CPouchers","twitter_misc":{"Est. reading time":"2 minuty"},"schema":{"@context":"https:\/\/schema.org","@graph":[{"@type":"WebPage","@id":"https:\/\/consideratepouchers.org\/misleading-and-manipulating-how-brussels-is-sabotaging-smoking-cessation\/","url":"https:\/\/consideratepouchers.org\/misleading-and-manipulating-how-brussels-is-sabotaging-smoking-cessation\/","name":"Misleading and Manipulating: How Brussels Is Sabotaging Smoking Cessation - Considerate Pouchers","isPartOf":{"@id":"https:\/\/consideratepouchers.org\/#website"},"primaryImageOfPage":{"@id":"https:\/\/consideratepouchers.org\/misleading-and-manipulating-how-brussels-is-sabotaging-smoking-cessation\/#primaryimage"},"image":{"@id":"https:\/\/consideratepouchers.org\/misleading-and-manipulating-how-brussels-is-sabotaging-smoking-cessation\/#primaryimage"},"thumbnailUrl":"https:\/\/consideratepouchers.org\/wp-content\/uploads\/2025\/09\/Protect-pouches-Berlin-blog-image.png","datePublished":"2025-12-16T15:23:48+00:00","dateModified":"2025-12-18T16:00:45+00:00","breadcrumb":{"@id":"https:\/\/consideratepouchers.org\/misleading-and-manipulating-how-brussels-is-sabotaging-smoking-cessation\/#breadcrumb"},"inLanguage":"cs","potentialAction":[{"@type":"ReadAction","target":["https:\/\/consideratepouchers.org\/misleading-and-manipulating-how-brussels-is-sabotaging-smoking-cessation\/"]}]},{"@type":"ImageObject","inLanguage":"cs","@id":"https:\/\/consideratepouchers.org\/misleading-and-manipulating-how-brussels-is-sabotaging-smoking-cessation\/#primaryimage","url":"https:\/\/consideratepouchers.org\/wp-content\/uploads\/2025\/09\/Protect-pouches-Berlin-blog-image.png","contentUrl":"https:\/\/consideratepouchers.org\/wp-content\/uploads\/2025\/09\/Protect-pouches-Berlin-blog-image.png","width":2081,"height":1920},{"@type":"BreadcrumbList","@id":"https:\/\/consideratepouchers.org\/misleading-and-manipulating-how-brussels-is-sabotaging-smoking-cessation\/#breadcrumb","itemListElement":[{"@type":"ListItem","position":1,"name":"Home","item":"https:\/\/consideratepouchers.org\/"},{"@type":"ListItem","position":2,"name":"Misleading and Manipulating: How Brussels Is Sabotaging Smoking Cessation"}]},{"@type":"WebSite","@id":"https:\/\/consideratepouchers.org\/#website","url":"https:\/\/consideratepouchers.org\/","name":"Considerate Pouchers","description":"Improving Health &amp; Combatting Misinformation","publisher":{"@id":"https:\/\/consideratepouchers.org\/#organization"},"potentialAction":[{"@type":"SearchAction","target":{"@type":"EntryPoint","urlTemplate":"https:\/\/consideratepouchers.org\/?s={search_term_string}"},"query-input":{"@type":"PropertyValueSpecification","valueRequired":true,"valueName":"search_term_string"}}],"inLanguage":"cs"},{"@type":"Organization","@id":"https:\/\/consideratepouchers.org\/#organization","name":"Considerate Pouchers","url":"https:\/\/consideratepouchers.org\/","logo":{"@type":"ImageObject","inLanguage":"cs","@id":"https:\/\/consideratepouchers.org\/#\/schema\/logo\/image\/","url":"https:\/\/consideratepouchers.com\/wp-content\/uploads\/2021\/07\/Considerate-Pouchers-lOGO.png","contentUrl":"https:\/\/consideratepouchers.com\/wp-content\/uploads\/2021\/07\/Considerate-Pouchers-lOGO.png","width":504,"height":504,"caption":"Considerate Pouchers"},"image":{"@id":"https:\/\/consideratepouchers.org\/#\/schema\/logo\/image\/"},"sameAs":["https:\/\/www.facebook.com\/cpouchers","https:\/\/x.com\/CPouchers","https:\/\/www.instagram.com\/cpouchers"]}]}},"_links":{"self":[{"href":"https:\/\/consideratepouchers.org\/cs\/wp-json\/wp\/v2\/pages\/3684","targetHints":{"allow":["GET"]}}],"collection":[{"href":"https:\/\/consideratepouchers.org\/cs\/wp-json\/wp\/v2\/pages"}],"about":[{"href":"https:\/\/consideratepouchers.org\/cs\/wp-json\/wp\/v2\/types\/page"}],"author":[{"embeddable":true,"href":"https:\/\/consideratepouchers.org\/cs\/wp-json\/wp\/v2\/users\/10"}],"replies":[{"embeddable":true,"href":"https:\/\/consideratepouchers.org\/cs\/wp-json\/wp\/v2\/comments?post=3684"}],"version-history":[{"count":0,"href":"https:\/\/consideratepouchers.org\/cs\/wp-json\/wp\/v2\/pages\/3684\/revisions"}],"wp:featuredmedia":[{"embeddable":true,"href":"https:\/\/consideratepouchers.org\/cs\/wp-json\/wp\/v2\/media\/3628"}],"wp:attachment":[{"href":"https:\/\/consideratepouchers.org\/cs\/wp-json\/wp\/v2\/media?parent=3684"}],"curies":[{"name":"wp","href":"https:\/\/api.w.org\/{rel}","templated":true}]}}