{"id":3717,"date":"2026-02-19T16:27:43","date_gmt":"2026-02-19T16:27:43","guid":{"rendered":"https:\/\/consideratepouchers.org\/?page_id=3717"},"modified":"2026-02-25T09:29:04","modified_gmt":"2026-02-25T09:29:04","slug":"european-pouch-accessibility-index-2026","status":"publish","type":"page","link":"https:\/\/consideratepouchers.org\/cs\/evropsky-index-pristupnosti-kapes-2026\/","title":{"rendered":"Evropsk\u00fd index p\u0159\u00edstupnosti bra\u0161en 2026"},"content":{"rendered":"<div data-elementor-type=\"wp-page\" data-elementor-id=\"3717\" class=\"elementor elementor-3717\" data-elementor-post-type=\"page\">\n\t\t\t\t<div class=\"elementor-element elementor-element-776cb05 e-flex e-con-boxed e-con e-parent\" data-id=\"776cb05\" data-element_type=\"container\" data-settings=\"{&quot;background_background&quot;:&quot;classic&quot;}\">\n\t\t\t\t\t<div class=\"e-con-inner\">\n\t\t<div class=\"elementor-element elementor-element-79d75a4 e-flex e-con-boxed e-con e-child\" data-id=\"79d75a4\" data-element_type=\"container\">\n\t\t\t\t\t<div class=\"e-con-inner\">\n\t\t\t\t<div class=\"elementor-element elementor-element-651634d elementor-widget elementor-widget-heading\" data-id=\"651634d\" data-element_type=\"widget\" data-widget_type=\"heading.default\">\n\t\t\t\t<div class=\"elementor-widget-container\">\n\t\t\t\t\t<h1 class=\"elementor-heading-title elementor-size-default\">Evropsk\u00fd index p\u0159\u00edstupnosti bra\u0161en 2026\n<\/h1>\t\t\t\t<\/div>\n\t\t\t\t<\/div>\n\t\t\t\t\t<\/div>\n\t\t\t\t<\/div>\n\t\t\t\t\t<\/div>\n\t\t\t\t<\/div>\n\t\t<div class=\"elementor-element elementor-element-07f142f e-flex e-con-boxed e-con e-parent\" data-id=\"07f142f\" data-element_type=\"container\" data-settings=\"{&quot;background_background&quot;:&quot;classic&quot;}\">\n\t\t\t\t\t<div class=\"e-con-inner\">\n\t\t\t\t<div class=\"elementor-element elementor-element-dbf9038 elementor-widget elementor-widget-heading\" data-id=\"dbf9038\" data-element_type=\"widget\" data-widget_type=\"heading.default\">\n\t\t\t\t<div class=\"elementor-widget-container\">\n\t\t\t\t\t<h3 class=\"elementor-heading-title elementor-size-default\">ZAVEDEN\u00cd<\/h3>\t\t\t\t<\/div>\n\t\t\t\t<\/div>\n\t\t\t\t<div class=\"elementor-element elementor-element-a131e2f elementor-widget elementor-widget-text-editor\" data-id=\"a131e2f\" data-element_type=\"widget\" data-widget_type=\"text-editor.default\">\n\t\t\t\t<div class=\"elementor-widget-container\">\n\t\t\t\t\t\t\t\t\t<p><span style=\"font-weight: 400;\">V z\u00e1vod\u011b o Evropu bez kou\u0159en\u00ed se nikotinov\u00e9 s\u00e1\u010dky staly kl\u00ed\u010dov\u00fdm n\u00e1strojem pro ve\u0159ejn\u00e9 zdrav\u00ed. Kontinent v\u0161ak \u010del\u00ed regula\u010dn\u00ed k\u0159i\u017eovatce. Zat\u00edmco n\u011bkter\u00e9 zem\u011b p\u0159ijaly \u0161v\u00e9dskou zku\u0161enost a vyu\u017e\u00edvaj\u00ed peror\u00e1ln\u00ed nikotin k dosa\u017een\u00ed historick\u00fdch minim m\u00edry kou\u0159en\u00ed, jin\u00e9 stav\u00ed legislativn\u00ed bari\u00e9ry, kter\u00e9 hroz\u00ed zma\u0159it desetilet\u00ed pokroku v oblasti sni\u017eov\u00e1n\u00ed \u0161kod.<\/span><\/p><p><span style=\"font-weight: 400;\">Zji\u0161t\u011bn\u00ed tohoto indexu odhaluj\u00ed ost\u0159e rozd\u011blenou Evropu. Zem\u011b s vysok\u00fdmi v\u00fdsledky \u00fasp\u011b\u0161n\u011b rozli\u0161ily nikotinov\u00e9 s\u00e1\u010dky od ho\u0159lav\u00e9ho tab\u00e1ku a uv\u011bdomily si, \u017ee dosp\u011bl\u00ed ku\u0159\u00e1ci pot\u0159ebuj\u00ed dostupn\u00e9, ochucen\u00e9 a cenov\u011b dostupn\u00e9 alternativy, aby mohli \u00fasp\u011b\u0161n\u011b p\u0159estat kou\u0159it cigarety. V t\u011bchto jurisdikc\u00edch maj\u00ed spot\u0159ebitel\u00e9 mo\u017enost p\u0159evz\u00edt kontrolu nad sv\u00fdm vlastn\u00edm zdrav\u00edm prost\u0159ednictv\u00edm jasn\u00e9ho digit\u00e1ln\u00edho a fyzick\u00e9ho p\u0159\u00edstupu.<\/span><\/p><p><span style=\"font-weight: 400;\">Naopak, v sou\u010dasn\u00e9 dob\u011b se mnoha evropsk\u00fdmi hlavn\u00edmi m\u011bsty \u0161\u00ed\u0159\u00ed vlna neopodstatn\u011bn\u00e9 skepse. Jsme sv\u011bdky trendu, kdy st\u00e1ty tyto beztab\u00e1kov\u00e9 v\u00fdrobky chybn\u011b klasifikuj\u00ed jako tab\u00e1k nebo se sna\u017e\u00ed vyu\u017e\u00edvat klasifikaci \u201enov\u00fdch potravin\u201c \u010di l\u00e9\u010div k prosazov\u00e1n\u00ed faktick\u00fdch z\u00e1kaz\u016f. Tato restriktivn\u00ed opat\u0159en\u00ed nechr\u00e1n\u00ed ve\u0159ejn\u00e9 zdrav\u00ed; m\u00edsto toho chr\u00e1n\u00ed status quo spot\u0159eby cigaret t\u00edm, \u017ee odstra\u0148uj\u00ed nejefektivn\u011bj\u0161\u00ed odbo\u010dky pro ku\u0159\u00e1ky.<\/span><\/p>\t\t\t\t\t\t\t\t<\/div>\n\t\t\t\t<\/div>\n\t\t\t\t\t<\/div>\n\t\t\t\t<\/div>\n\t\t<div class=\"elementor-element elementor-element-23d79d7 e-flex e-con-boxed e-con e-parent\" data-id=\"23d79d7\" data-element_type=\"container\" data-settings=\"{&quot;background_background&quot;:&quot;classic&quot;}\">\n\t\t\t\t\t<div class=\"e-con-inner\">\n\t\t\t\t<div class=\"elementor-element elementor-element-d610dcc elementor-widget elementor-widget-heading\" data-id=\"d610dcc\" data-element_type=\"widget\" data-widget_type=\"heading.default\">\n\t\t\t\t<div class=\"elementor-widget-container\">\n\t\t\t\t\t<h3 class=\"elementor-heading-title elementor-size-default\">Kl\u00ed\u010dov\u00e1 zji\u0161t\u011bn\u00ed<\/h3>\t\t\t\t<\/div>\n\t\t\t\t<\/div>\n\t\t\t\t<div class=\"elementor-element elementor-element-ebf6913 elementor-widget elementor-widget-text-editor\" data-id=\"ebf6913\" data-element_type=\"widget\" data-widget_type=\"text-editor.default\">\n\t\t\t\t<div class=\"elementor-widget-container\">\n\t\t\t\t\t\t\t\t\t<ul><li style=\"font-weight: 400;\" aria-level=\"1\"><b>\u0160v\u00e9dsko si zaji\u0161\u0165uje zlat\u00fd standard (70\/70):<\/b><span style=\"font-weight: 400;\"> \u0160v\u00e9dsko z\u016fst\u00e1v\u00e1 jedinou zem\u00ed s perfektn\u00edm sk\u00f3re, \u00fasp\u011b\u0161n\u011b rozli\u0161ilo s\u00e1\u010dky od tab\u00e1ku a do roku 20% dokonce sn\u00ed\u017eilo dan\u011b, aby odm\u011bnilo ku\u0159\u00e1ky za p\u0159echod na jinou cigaretu.<\/span><\/li><li style=\"font-weight: 400;\" aria-level=\"1\"><b>Rostouc\u00ed prohibi\u010dn\u00ed blok:<\/b><span style=\"font-weight: 400;\"> N\u011bmecko, Nizozemsko, Belgie, Litva a Kypr obdr\u017eely kv\u016fli \u00fapln\u00e9mu z\u00e1kazu maloobchodu a online prodeje zn\u00e1mku \u201eneprosp\u011bl\u201c. Tato opat\u0159en\u00ed odstra\u0148uj\u00ed nej\u00fa\u010dinn\u011bj\u0161\u00ed \u201eodbo\u010dky\u201c pro ku\u0159\u00e1ky a \u00fa\u010dinn\u011b chr\u00e1n\u00ed status quo spot\u0159eby cigaret.<\/span><\/li><li style=\"font-weight: 400;\" aria-level=\"1\"><b>Francouzsk\u00e1 pr\u00e1vn\u00ed p\u0159etahovan\u00e1:<\/b><span style=\"font-weight: 400;\"> Francie obdr\u017eela hodnocen\u00ed \u201eneprosp\u011bl\u201c i p\u0159es ned\u00e1vn\u00e9 soudn\u00ed pozastaven\u00ed z\u00e1kazu prodeje kapsi\u010dek. Index zd\u016fraz\u0148uje, \u017ee i p\u0159es pozastaven\u00fd dekret z\u016fst\u00e1v\u00e1 trh pro dosp\u011bl\u00e9 spot\u0159ebitele fakticky uzav\u0159en kv\u016fli omezuj\u00edc\u00edm v\u00fdklad\u016fm z\u00e1kona o ve\u0159ejn\u00e9m zdrav\u00ed.<\/span><\/li><li style=\"font-weight: 400;\" aria-level=\"1\"><b>\u0160pan\u011blsko jako \u201eokrajov\u00fd p\u0159\u00edpad\u201c:<\/b><span style=\"font-weight: 400;\"> \u0160pan\u011blsk\u00e9 sk\u00f3re 45 (C) odr\u00e1\u017e\u00ed vysokou m\u00edru pr\u00e1vn\u00ed nejistoty. Navrhovan\u00e9 z\u00e1kazy p\u0159\u00edchut\u00ed a libovoln\u00fd strop nikotinu 0,99 mg vytv\u00e1\u0159ej\u00ed \u201ede facto\u201c z\u00e1kaz, kter\u00fd omezuje v\u00fdb\u011br spot\u0159ebitel\u016f a tr\u017en\u00ed inovace pro n\u011b.<\/span><\/li><\/ul>\t\t\t\t\t\t\t\t<\/div>\n\t\t\t\t<\/div>\n\t\t\t\t\t<\/div>\n\t\t\t\t<\/div>\n\t\t<div class=\"elementor-element elementor-element-0c6072b e-flex e-con-boxed e-con e-parent\" data-id=\"0c6072b\" data-element_type=\"container\" data-settings=\"{&quot;background_background&quot;:&quot;classic&quot;}\">\n\t\t\t\t\t<div class=\"e-con-inner\">\n\t\t\t\t<div class=\"elementor-element elementor-element-fbed9cc elementor-widget elementor-widget-heading\" data-id=\"fbed9cc\" data-element_type=\"widget\" data-widget_type=\"heading.default\">\n\t\t\t\t<div class=\"elementor-widget-container\">\n\t\t\t\t\t<h3 class=\"elementor-heading-title elementor-size-default\">V\u00ddHODA P\u0158\u00cdSTUPU: POS\u00cdLEN\u00cd POSTAVEN\u00cd EVROPSK\u00c9HO SPOT\u0158EBITELE\n<\/h3>\t\t\t\t<\/div>\n\t\t\t\t<\/div>\n\t\t\t\t<div class=\"elementor-element elementor-element-ad849ab elementor-widget elementor-widget-text-editor\" data-id=\"ad849ab\" data-element_type=\"widget\" data-widget_type=\"text-editor.default\">\n\t\t\t\t<div class=\"elementor-widget-container\">\n\t\t\t\t\t\t\t\t\t<p><span style=\"font-weight: 400;\">Zem\u011b, kter\u00e9 v tomto indexu dos\u00e1hly hodnocen\u00ed A nebo A+, jsou v Evrop\u011b l\u00eddry v oblasti sni\u017eov\u00e1n\u00ed \u0161kod. Pro ob\u010dany t\u011bchto nejl\u00e9pe hodnocen\u00fdch zem\u00ed jsou v\u00fdhody rozumn\u00e9ho regula\u010dn\u00edho r\u00e1mce jasn\u00e9:<\/span><\/p><ul><li style=\"font-weight: 400;\" aria-level=\"1\"><b>Diferencovan\u00e9 politick\u00e9 r\u00e1mce:<\/b><span style=\"font-weight: 400;\"> P\u0159esn\u00fdm rozli\u0161ov\u00e1n\u00edm s\u00e1\u010dk\u016f od tab\u00e1ku mohou tyto st\u00e1ty poskytnout spot\u0159ebitel\u016fm poctiv\u00e9 informace o relativn\u00edch rizic\u00edch.<\/span><\/li><li style=\"font-weight: 400;\" aria-level=\"1\"><b>Ekonomick\u00e9 pob\u00eddky pro zdrav\u00ed:<\/b><span style=\"font-weight: 400;\"> Zdan\u011bn\u00ed \u00fam\u011brn\u00e9 riziku zaji\u0161\u0165uje, \u017ee s\u00e1\u010dky z\u016fstanou dostupn\u011bj\u0161\u00ed variantou ne\u017e smrt\u00edc\u00ed cigarety, co\u017e finan\u010dn\u011b odm\u011b\u0148uje ty, kte\u0159\u00ed na n\u011b p\u0159ejdou.<\/span><\/li><li style=\"font-weight: 400;\" aria-level=\"1\"><b>Udr\u017een\u00ed d\u00edky rozmanitosti:<\/b><span style=\"font-weight: 400;\"> Ochrana mo\u017enost\u00ed p\u0159\u00edchut\u00ed je nezbytn\u00e1 pro zaji\u0161t\u011bn\u00ed toho, aby se b\u00fdval\u00ed ku\u0159\u00e1ci k tab\u00e1ku nevr\u00e1tili, proto\u017ee chu\u0165 je hlavn\u00edm faktorem pro dlouhodob\u00e9 odvyk\u00e1n\u00ed.<\/span><\/li><li style=\"font-weight: 400;\" aria-level=\"1\"><b>Nep\u0159eru\u0161ovan\u00e9 dodavatelsk\u00e9 \u0159et\u011bzce:<\/b><span style=\"font-weight: 400;\"> Robustn\u00ed online a maloobchodn\u00ed dostupnost zaji\u0161\u0165uje, \u017ee ku\u0159\u00e1ci ve venkovsk\u00fdch nebo nedostate\u010dn\u011b obslou\u017een\u00fdch oblastech nez\u016fstanou p\u0159i p\u0159echodu na bezpe\u010dn\u011bj\u0161\u00ed alternativy pozadu.<\/span><\/li><li style=\"font-weight: 400;\" aria-level=\"1\"><b>Podpora m\u00edstn\u00edch inovac\u00ed:<\/b><span style=\"font-weight: 400;\"> Spravedliv\u00e1 pravidla pro prodejn\u00ed m\u00edsta umo\u017e\u0148uj\u00ed nez\u00e1visl\u00fdm maloobchodn\u00edk\u016fm slou\u017eit sv\u00fdm komunit\u00e1m bez drtiv\u00e9 t\u00edhy omezen\u00ed tab\u00e1kov\u00e9ho monopolu.<\/span><\/li><\/ul><p>\u00a0<\/p><p><span style=\"font-weight: 400;\">Kdy\u017e st\u00e1ty vol\u00ed nespr\u00e1vnou klasifikaci a prohibici, selh\u00e1vaj\u00ed v z\u00e1jmu sv\u00fdch nejzraniteln\u011bj\u0161\u00edch ob\u010dan\u016f. Inovace je jedinou sch\u016fdnou cestou k Evrop\u011b bez kou\u0159e.<\/span><\/p>\t\t\t\t\t\t\t\t<\/div>\n\t\t\t\t<\/div>\n\t\t\t\t\t<\/div>\n\t\t\t\t<\/div>\n\t\t<div class=\"elementor-element elementor-element-5a47002 e-flex e-con-boxed e-con e-parent\" data-id=\"5a47002\" data-element_type=\"container\">\n\t\t\t\t\t<div class=\"e-con-inner\">\n\t\t\t\t<div class=\"elementor-element elementor-element-d03b089 elementor-align-center elementor-widget elementor-widget-button\" data-id=\"d03b089\" data-element_type=\"widget\" data-widget_type=\"button.default\">\n\t\t\t\t<div class=\"elementor-widget-container\">\n\t\t\t\t\t\t\t\t\t<div class=\"elementor-button-wrapper\">\n\t\t\t\t\t<a class=\"elementor-button elementor-button-link elementor-size-sm\" href=\"https:\/\/consideratepouchers.org\/wp-content\/uploads\/2026\/02\/EPAI26.pdf\" target=\"_blank\">\n\t\t\t\t\t\t<span class=\"elementor-button-content-wrapper\">\n\t\t\t\t\t\t\t\t\t<span class=\"elementor-button-text\">St\u00e1hn\u011bte si cel\u00fd dokument s metodologi\u00ed<\/span>\n\t\t\t\t\t<\/span>\n\t\t\t\t\t<\/a>\n\t\t\t\t<\/div>\n\t\t\t\t\t\t\t\t<\/div>\n\t\t\t\t<\/div>\n\t\t\t\t\t<\/div>\n\t\t\t\t<\/div>\n\t\t<div class=\"elementor-element elementor-element-bc56589 e-flex e-con-boxed e-con e-parent\" data-id=\"bc56589\" data-element_type=\"container\">\n\t\t\t\t\t<div class=\"e-con-inner\">\n\t\t\t\t\t<\/div>\n\t\t\t\t<\/div>\n\t\t<div class=\"elementor-element elementor-element-1afb5bf e-flex e-con-boxed e-con e-parent\" data-id=\"1afb5bf\" data-element_type=\"container\">\n\t\t\t\t\t<div class=\"e-con-inner\">\n\t\t\t\t<div class=\"elementor-element elementor-element-845e96c elementor-widget elementor-widget-heading\" data-id=\"845e96c\" data-element_type=\"widget\" data-widget_type=\"heading.default\">\n\t\t\t\t<div class=\"elementor-widget-container\">\n\t\t\t\t\t<h2 class=\"elementor-heading-title elementor-size-default\">Autor<\/h2>\t\t\t\t<\/div>\n\t\t\t\t<\/div>\n\t\t\t\t<div class=\"elementor-element elementor-element-13b13e9 elementor-widget elementor-widget-spacer\" data-id=\"13b13e9\" data-element_type=\"widget\" data-widget_type=\"spacer.default\">\n\t\t\t\t<div class=\"elementor-widget-container\">\n\t\t\t\t\t\t\t<div class=\"elementor-spacer\">\n\t\t\t<div class=\"elementor-spacer-inner\"><\/div>\n\t\t<\/div>\n\t\t\t\t\t\t<\/div>\n\t\t\t\t<\/div>\n\t\t\t\t<div class=\"elementor-element elementor-element-01428f8 elementor-author-box--layout-image-above elementor-author-box--align-center elementor-widget elementor-widget-author-box\" data-id=\"01428f8\" data-element_type=\"widget\" data-widget_type=\"author-box.default\">\n\t\t\t\t<div class=\"elementor-widget-container\">\n\t\t\t\t\t\t\t<div class=\"elementor-author-box\">\n\t\t\t\t\t\t\t<div  class=\"elementor-author-box__avatar\">\n\t\t\t\t\t<img decoding=\"async\" src=\"https:\/\/consideratepouchers.org\/wp-content\/uploads\/2025\/04\/CP_JU-300x300.png\" alt=\"Picture of Juan Taborcia\" loading=\"lazy\">\n\t\t\t\t<\/div>\n\t\t\t\n\t\t\t<div class=\"elementor-author-box__text\">\n\t\t\t\t\t\t\t\t\t<div >\n\t\t\t\t\t\t<h4 class=\"elementor-author-box__name\">\n\t\t\t\t\t\t\tJuan Taborcia\t\t\t\t\t\t<\/h4>\n\t\t\t\t\t<\/div>\n\t\t\t\t\n\t\t\t\t\t\t\t\t\t<div class=\"elementor-author-box__bio\">\n\t\t\t\t\t\t<p>Glob\u00e1ln\u00ed mluv\u010d\u00ed<\/p>\n\t\t\t\t\t<\/div>\n\t\t\t\t\n\t\t\t\t\t\t\t<\/div>\n\t\t<\/div>\n\t\t\t\t\t\t<\/div>\n\t\t\t\t<\/div>\n\t\t\t\t\t<\/div>\n\t\t\t\t<\/div>\n\t\t\t\t<\/div>","protected":false},"excerpt":{"rendered":"<p>Evropsk\u00fd index dostupnosti nikotinov\u00fdch s\u00e1\u010dk\u016f 2026 \u00daVOD V z\u00e1vod\u011b o Evropu bez kou\u0159en\u00ed se nikotinov\u00e9 s\u00e1\u010dky staly kl\u00ed\u010dov\u00fdm n\u00e1strojem pro ve\u0159ejn\u00e9 zdrav\u00ed. Kontinent v\u0161ak \u010del\u00ed regula\u010dn\u00ed k\u0159i\u017eovatce. Zat\u00edmco n\u011bkter\u00e9 zem\u011b p\u0159ijaly \u0161v\u00e9dskou zku\u0161enost a vyu\u017e\u00edvaj\u00ed peror\u00e1ln\u00ed nikotin k dosa\u017een\u00ed historick\u00fdch minim m\u00edry kou\u0159en\u00ed, jin\u00e9 buduj\u00ed legislativn\u00ed bari\u00e9ry, kter\u00e9 [\u2026]<\/p>","protected":false},"author":10,"featured_media":0,"parent":0,"menu_order":0,"comment_status":"closed","ping_status":"closed","template":"elementor_header_footer","meta":{"footnotes":""},"class_list":["post-3717","page","type-page","status-publish","hentry"],"yoast_head":"<!-- This site is optimized with the Yoast SEO plugin v25.0 - https:\/\/yoast.com\/wordpress\/plugins\/seo\/ -->\n<title>European Pouch Accessibility Index 2026 - Considerate Pouchers<\/title>\n<meta name=\"robots\" content=\"index, follow, max-snippet:-1, max-image-preview:large, max-video-preview:-1\" \/>\n<link rel=\"canonical\" href=\"https:\/\/consideratepouchers.org\/cs\/evropsky-index-pristupnosti-kapes-2026\/\" \/>\n<meta property=\"og:locale\" content=\"cs_CZ\" \/>\n<meta property=\"og:type\" content=\"article\" \/>\n<meta property=\"og:title\" content=\"European Pouch Accessibility Index 2026 - Considerate Pouchers\" \/>\n<meta property=\"og:description\" content=\"European Pouch Accessibility Index 2026 INTRODUCTION In the race to make Europe smoke-free, nicotine pouches have emerged as a pivotal tool for public health. However, the continent faces a regulatory crossroads. While some nations have embraced the Swedish experience, utilizing oral nicotine to drive smoking rates toward historic lows, others are constructing legislative barriers that [&hellip;]\" \/>\n<meta property=\"og:url\" content=\"https:\/\/consideratepouchers.org\/cs\/evropsky-index-pristupnosti-kapes-2026\/\" \/>\n<meta property=\"og:site_name\" content=\"Considerate Pouchers\" \/>\n<meta property=\"article:publisher\" content=\"https:\/\/www.facebook.com\/cpouchers\" \/>\n<meta property=\"article:modified_time\" content=\"2026-02-25T09:29:04+00:00\" \/>\n<meta name=\"twitter:card\" content=\"summary_large_image\" \/>\n<meta name=\"twitter:site\" content=\"@CPouchers\" \/>\n<meta name=\"twitter:label1\" content=\"Est. reading time\" \/>\n\t<meta name=\"twitter:data1\" content=\"3 minuty\" \/>\n<script type=\"application\/ld+json\" class=\"yoast-schema-graph\">{\"@context\":\"https:\/\/schema.org\",\"@graph\":[{\"@type\":\"WebPage\",\"@id\":\"https:\/\/consideratepouchers.org\/european-pouch-accessibility-index-2026\/\",\"url\":\"https:\/\/consideratepouchers.org\/european-pouch-accessibility-index-2026\/\",\"name\":\"European Pouch Accessibility Index 2026 - Considerate Pouchers\",\"isPartOf\":{\"@id\":\"https:\/\/consideratepouchers.org\/#website\"},\"datePublished\":\"2026-02-19T16:27:43+00:00\",\"dateModified\":\"2026-02-25T09:29:04+00:00\",\"breadcrumb\":{\"@id\":\"https:\/\/consideratepouchers.org\/european-pouch-accessibility-index-2026\/#breadcrumb\"},\"inLanguage\":\"cs\",\"potentialAction\":[{\"@type\":\"ReadAction\",\"target\":[\"https:\/\/consideratepouchers.org\/european-pouch-accessibility-index-2026\/\"]}]},{\"@type\":\"BreadcrumbList\",\"@id\":\"https:\/\/consideratepouchers.org\/european-pouch-accessibility-index-2026\/#breadcrumb\",\"itemListElement\":[{\"@type\":\"ListItem\",\"position\":1,\"name\":\"Home\",\"item\":\"https:\/\/consideratepouchers.org\/\"},{\"@type\":\"ListItem\",\"position\":2,\"name\":\"European Pouch Accessibility Index 2026\"}]},{\"@type\":\"WebSite\",\"@id\":\"https:\/\/consideratepouchers.org\/#website\",\"url\":\"https:\/\/consideratepouchers.org\/\",\"name\":\"Considerate Pouchers\",\"description\":\"Improving Health &amp; Combatting Misinformation\",\"publisher\":{\"@id\":\"https:\/\/consideratepouchers.org\/#organization\"},\"potentialAction\":[{\"@type\":\"SearchAction\",\"target\":{\"@type\":\"EntryPoint\",\"urlTemplate\":\"https:\/\/consideratepouchers.org\/?s={search_term_string}\"},\"query-input\":{\"@type\":\"PropertyValueSpecification\",\"valueRequired\":true,\"valueName\":\"search_term_string\"}}],\"inLanguage\":\"cs\"},{\"@type\":\"Organization\",\"@id\":\"https:\/\/consideratepouchers.org\/#organization\",\"name\":\"Considerate Pouchers\",\"url\":\"https:\/\/consideratepouchers.org\/\",\"logo\":{\"@type\":\"ImageObject\",\"inLanguage\":\"cs\",\"@id\":\"https:\/\/consideratepouchers.org\/#\/schema\/logo\/image\/\",\"url\":\"https:\/\/consideratepouchers.com\/wp-content\/uploads\/2021\/07\/Considerate-Pouchers-lOGO.png\",\"contentUrl\":\"https:\/\/consideratepouchers.com\/wp-content\/uploads\/2021\/07\/Considerate-Pouchers-lOGO.png\",\"width\":504,\"height\":504,\"caption\":\"Considerate Pouchers\"},\"image\":{\"@id\":\"https:\/\/consideratepouchers.org\/#\/schema\/logo\/image\/\"},\"sameAs\":[\"https:\/\/www.facebook.com\/cpouchers\",\"https:\/\/x.com\/CPouchers\",\"https:\/\/www.instagram.com\/cpouchers\"]}]}<\/script>\n<!-- \/ Yoast SEO plugin. -->","yoast_head_json":{"title":"European Pouch Accessibility Index 2026 - Considerate Pouchers","robots":{"index":"index","follow":"follow","max-snippet":"max-snippet:-1","max-image-preview":"max-image-preview:large","max-video-preview":"max-video-preview:-1"},"canonical":"https:\/\/consideratepouchers.org\/cs\/evropsky-index-pristupnosti-kapes-2026\/","og_locale":"cs_CZ","og_type":"article","og_title":"European Pouch Accessibility Index 2026 - Considerate Pouchers","og_description":"European Pouch Accessibility Index 2026 INTRODUCTION In the race to make Europe smoke-free, nicotine pouches have emerged as a pivotal tool for public health. However, the continent faces a regulatory crossroads. While some nations have embraced the Swedish experience, utilizing oral nicotine to drive smoking rates toward historic lows, others are constructing legislative barriers that [&hellip;]","og_url":"https:\/\/consideratepouchers.org\/cs\/evropsky-index-pristupnosti-kapes-2026\/","og_site_name":"Considerate Pouchers","article_publisher":"https:\/\/www.facebook.com\/cpouchers","article_modified_time":"2026-02-25T09:29:04+00:00","twitter_card":"summary_large_image","twitter_site":"@CPouchers","twitter_misc":{"Est. reading time":"3 minuty"},"schema":{"@context":"https:\/\/schema.org","@graph":[{"@type":"WebPage","@id":"https:\/\/consideratepouchers.org\/european-pouch-accessibility-index-2026\/","url":"https:\/\/consideratepouchers.org\/european-pouch-accessibility-index-2026\/","name":"European Pouch Accessibility Index 2026 - Considerate Pouchers","isPartOf":{"@id":"https:\/\/consideratepouchers.org\/#website"},"datePublished":"2026-02-19T16:27:43+00:00","dateModified":"2026-02-25T09:29:04+00:00","breadcrumb":{"@id":"https:\/\/consideratepouchers.org\/european-pouch-accessibility-index-2026\/#breadcrumb"},"inLanguage":"cs","potentialAction":[{"@type":"ReadAction","target":["https:\/\/consideratepouchers.org\/european-pouch-accessibility-index-2026\/"]}]},{"@type":"BreadcrumbList","@id":"https:\/\/consideratepouchers.org\/european-pouch-accessibility-index-2026\/#breadcrumb","itemListElement":[{"@type":"ListItem","position":1,"name":"Home","item":"https:\/\/consideratepouchers.org\/"},{"@type":"ListItem","position":2,"name":"European Pouch Accessibility Index 2026"}]},{"@type":"WebSite","@id":"https:\/\/consideratepouchers.org\/#website","url":"https:\/\/consideratepouchers.org\/","name":"Considerate Pouchers","description":"Improving Health &amp; Combatting Misinformation","publisher":{"@id":"https:\/\/consideratepouchers.org\/#organization"},"potentialAction":[{"@type":"SearchAction","target":{"@type":"EntryPoint","urlTemplate":"https:\/\/consideratepouchers.org\/?s={search_term_string}"},"query-input":{"@type":"PropertyValueSpecification","valueRequired":true,"valueName":"search_term_string"}}],"inLanguage":"cs"},{"@type":"Organization","@id":"https:\/\/consideratepouchers.org\/#organization","name":"Considerate Pouchers","url":"https:\/\/consideratepouchers.org\/","logo":{"@type":"ImageObject","inLanguage":"cs","@id":"https:\/\/consideratepouchers.org\/#\/schema\/logo\/image\/","url":"https:\/\/consideratepouchers.com\/wp-content\/uploads\/2021\/07\/Considerate-Pouchers-lOGO.png","contentUrl":"https:\/\/consideratepouchers.com\/wp-content\/uploads\/2021\/07\/Considerate-Pouchers-lOGO.png","width":504,"height":504,"caption":"Considerate Pouchers"},"image":{"@id":"https:\/\/consideratepouchers.org\/#\/schema\/logo\/image\/"},"sameAs":["https:\/\/www.facebook.com\/cpouchers","https:\/\/x.com\/CPouchers","https:\/\/www.instagram.com\/cpouchers"]}]}},"_links":{"self":[{"href":"https:\/\/consideratepouchers.org\/cs\/wp-json\/wp\/v2\/pages\/3717","targetHints":{"allow":["GET"]}}],"collection":[{"href":"https:\/\/consideratepouchers.org\/cs\/wp-json\/wp\/v2\/pages"}],"about":[{"href":"https:\/\/consideratepouchers.org\/cs\/wp-json\/wp\/v2\/types\/page"}],"author":[{"embeddable":true,"href":"https:\/\/consideratepouchers.org\/cs\/wp-json\/wp\/v2\/users\/10"}],"replies":[{"embeddable":true,"href":"https:\/\/consideratepouchers.org\/cs\/wp-json\/wp\/v2\/comments?post=3717"}],"version-history":[{"count":0,"href":"https:\/\/consideratepouchers.org\/cs\/wp-json\/wp\/v2\/pages\/3717\/revisions"}],"wp:attachment":[{"href":"https:\/\/consideratepouchers.org\/cs\/wp-json\/wp\/v2\/media?parent=3717"}],"curies":[{"name":"wp","href":"https:\/\/api.w.org\/{rel}","templated":true}]}}