{"id":3684,"date":"2025-12-16T15:23:48","date_gmt":"2025-12-16T15:23:48","guid":{"rendered":"https:\/\/consideratepouchers.org\/?page_id=3684"},"modified":"2025-12-18T16:00:45","modified_gmt":"2025-12-18T16:00:45","slug":"misleading-and-manipulating-how-brussels-is-sabotaging-smoking-cessation","status":"publish","type":"page","link":"https:\/\/consideratepouchers.org\/de\/irrefuhrende-und-manipulative-darstellung-wie-brussel-die-raucherentwohnung-sabotiert\/","title":{"rendered":"Irref\u00fchrung und Manipulation: Wie Br\u00fcssel die Raucherentw\u00f6hnung sabotiert"},"content":{"rendered":"<div data-elementor-type=\"wp-page\" data-elementor-id=\"3684\" class=\"elementor elementor-3684\" data-elementor-post-type=\"page\">\n\t\t\t\t<div class=\"elementor-element elementor-element-4a7a506 e-flex e-con-boxed e-con e-parent\" data-id=\"4a7a506\" data-element_type=\"container\" data-settings=\"{&quot;background_background&quot;:&quot;classic&quot;}\">\n\t\t\t\t\t<div class=\"e-con-inner\">\n\t\t<div class=\"elementor-element elementor-element-0ef3fed e-flex e-con-boxed e-con e-child\" data-id=\"0ef3fed\" data-element_type=\"container\">\n\t\t\t\t\t<div class=\"e-con-inner\">\n\t\t\t\t<div class=\"elementor-element elementor-element-80b69b8 elementor-widget elementor-widget-heading\" data-id=\"80b69b8\" data-element_type=\"widget\" data-widget_type=\"heading.default\">\n\t\t\t\t<div class=\"elementor-widget-container\">\n\t\t\t\t\t<h1 class=\"elementor-heading-title elementor-size-default\">Irref\u00fchrend und manipulativ<\/h1>\t\t\t\t<\/div>\n\t\t\t\t<\/div>\n\t\t\t\t<div class=\"elementor-element elementor-element-125be13 elementor-widget elementor-widget-heading\" data-id=\"125be13\" data-element_type=\"widget\" data-widget_type=\"heading.default\">\n\t\t\t\t<div class=\"elementor-widget-container\">\n\t\t\t\t\t<h1 class=\"elementor-heading-title elementor-size-default\">Wie Br\u00fcssel die Raucherentw\u00f6hnung sabotiert\n<\/h1>\t\t\t\t<\/div>\n\t\t\t\t<\/div>\n\t\t\t\t\t<\/div>\n\t\t\t\t<\/div>\n\t\t\t\t\t<\/div>\n\t\t\t\t<\/div>\n\t\t<div class=\"elementor-element elementor-element-21b6c02 e-flex e-con-boxed e-con e-parent\" data-id=\"21b6c02\" data-element_type=\"container\" data-settings=\"{&quot;background_background&quot;:&quot;classic&quot;}\">\n\t\t\t\t\t<div class=\"e-con-inner\">\n\t\t\t\t<div class=\"elementor-element elementor-element-5ae9b3e elementor-widget elementor-widget-heading\" data-id=\"5ae9b3e\" data-element_type=\"widget\" data-widget_type=\"heading.default\">\n\t\t\t\t<div class=\"elementor-widget-container\">\n\t\t\t\t\t<h3 class=\"elementor-heading-title elementor-size-default\">Die Vers\u00e4umnisse der EU-Kommission in K\u00fcrze\n<\/h3>\t\t\t\t<\/div>\n\t\t\t\t<\/div>\n\t\t\t\t<div class=\"elementor-element elementor-element-c3f8b57 elementor-widget elementor-widget-text-editor\" data-id=\"c3f8b57\" data-element_type=\"widget\" data-widget_type=\"text-editor.default\">\n\t\t\t\t<div class=\"elementor-widget-container\">\n\t\t\t\t\t\t\t\t\t<p><span style=\"font-weight: 400;\">Die Europ\u00e4ische Kommission l\u00e4sst die Raucher in Europa im Stich, indem sie eine grundlegende Tatsache ignoriert: <\/span><b>Nikotinbeutel und andere rauchfreie Alternativen sind keine Zigaretten.<\/b><span style=\"font-weight: 400;\">Sie weisen v\u00f6llig unterschiedliche Risikostufen auf, dennoch behandelt Br\u00fcssel sie beharrlich so, als w\u00e4ren sie gleich sch\u00e4dlich. Dies ist kein Versehen \u2013 es handelt sich um eine Politik, die auf irref\u00fchrenden Narrativen beruht und die Menschen dazu bringt, das gef\u00e4hrlichste Produkt auf dem Markt zu kaufen.<\/span><\/p><p><span style=\"font-weight: 400;\">Wir wissen bereits, dass Schadensminimierung funktioniert. <\/span><b>Schwedens nahezu rauchfreier Erfolg<\/b><span style=\"font-weight: 400;\">Die positiven Ergebnisse in Griechenland und Tschechien beweisen, dass die Raucherquoten drastisch sinken, sobald sicherere Alternativen verf\u00fcgbar sind. Anstatt aus diesen Beispielen zu lernen, ignoriert die Kommission diese Entwicklung.<\/span><\/p><p><span style=\"font-weight: 400;\">Gleichzeitig bewegt sich Br\u00fcssel stillschweigend in Richtung <\/span><b>zentralisierte Steuerbefugnisse<\/b><span style=\"font-weight: 400;\"> gegen\u00fcber Tabak- und Nikotinprodukten. Im Erfolgsfall werden dadurch sicherere Alternativen teurer und weniger zug\u00e4nglich, insbesondere f\u00fcr Verbraucher mit geringem Einkommen \u2013 also genau diejenigen, die am meisten davon profitieren w\u00fcrden.<\/span><\/p><p><span style=\"font-weight: 400;\">Diese leichtsinnige Vorgehensweise birgt die Gefahr, die Fortschritte des letzten Jahrzehnts im Bereich der \u00f6ffentlichen Gesundheit zunichtezumachen. Europa braucht fundierte wissenschaftliche Erkenntnisse, offene Kommunikation und Respekt f\u00fcr die Mitgliedstaaten, die gezeigt haben, wie echte Schadensminimierung aussieht.<\/span><\/p>\t\t\t\t\t\t\t\t<\/div>\n\t\t\t\t<\/div>\n\t\t\t\t\t<\/div>\n\t\t\t\t<\/div>\n\t\t<div class=\"elementor-element elementor-element-44eb1e9 e-flex e-con-boxed e-con e-parent\" data-id=\"44eb1e9\" data-element_type=\"container\" data-settings=\"{&quot;background_background&quot;:&quot;classic&quot;}\">\n\t\t\t\t\t<div class=\"e-con-inner\">\n\t\t\t\t<div class=\"elementor-element elementor-element-82b0043 elementor-widget elementor-widget-heading\" data-id=\"82b0043\" data-element_type=\"widget\" data-widget_type=\"heading.default\">\n\t\t\t\t<div class=\"elementor-widget-container\">\n\t\t\t\t\t<h3 class=\"elementor-heading-title elementor-size-default\">Lesen Sie den vollst\u00e4ndigen Artikel\n\n<\/h3>\t\t\t\t<\/div>\n\t\t\t\t<\/div>\n\t\t\t\t<div class=\"elementor-element elementor-element-83af0d9 elementor-align-center elementor-widget elementor-widget-button\" data-id=\"83af0d9\" data-element_type=\"widget\" data-widget_type=\"button.default\">\n\t\t\t\t<div class=\"elementor-widget-container\">\n\t\t\t\t\t\t\t\t\t<div class=\"elementor-button-wrapper\">\n\t\t\t\t\t<a class=\"elementor-button elementor-button-link elementor-size-sm\" href=\"https:\/\/consideratepouchers.org\/wp-content\/uploads\/2025\/12\/CP-How-Brussels-Is-Sabotaging-Smoking-Cessation.pdf\" target=\"_blank\">\n\t\t\t\t\t\t<span class=\"elementor-button-content-wrapper\">\n\t\t\t\t\t\t\t\t\t<span class=\"elementor-button-text\">Herunterladen<\/span>\n\t\t\t\t\t<\/span>\n\t\t\t\t\t<\/a>\n\t\t\t\t<\/div>\n\t\t\t\t\t\t\t\t<\/div>\n\t\t\t\t<\/div>\n\t\t\t\t\t<\/div>\n\t\t\t\t<\/div>\n\t\t<div class=\"elementor-element elementor-element-cb18bf5 e-flex e-con-boxed e-con e-parent\" data-id=\"cb18bf5\" data-element_type=\"container\" data-settings=\"{&quot;background_background&quot;:&quot;classic&quot;}\">\n\t\t\t\t\t<div class=\"e-con-inner\">\n\t\t\t\t<div class=\"elementor-element elementor-element-19e82c6 elementor-widget elementor-widget-heading\" data-id=\"19e82c6\" data-element_type=\"widget\" data-widget_type=\"heading.default\">\n\t\t\t\t<div class=\"elementor-widget-container\">\n\t\t\t\t\t<h3 class=\"elementor-heading-title elementor-size-default\">Teilen Sie es mit anderen!<\/h3>\t\t\t\t<\/div>\n\t\t\t\t<\/div>\n\t\t\t\t<div class=\"elementor-element elementor-element-b62be8c elementor-share-buttons--view-icon elementor-share-buttons--shape-circle elementor-share-buttons--align-center elementor-share-buttons--skin-gradient elementor-grid-0 elementor-share-buttons--color-official elementor-widget elementor-widget-share-buttons\" data-id=\"b62be8c\" data-element_type=\"widget\" data-widget_type=\"share-buttons.default\">\n\t\t\t\t<div class=\"elementor-widget-container\">\n\t\t\t\t\t\t\t<div class=\"elementor-grid\">\n\t\t\t\t\t\t\t\t<div class=\"elementor-grid-item\">\n\t\t\t\t\t\t<div\n\t\t\t\t\t\t\tclass=\"elementor-share-btn elementor-share-btn_x-twitter\"\n\t\t\t\t\t\t\trole=\"button\"\n\t\t\t\t\t\t\ttabindex=\"0\"\n\t\t\t\t\t\t\taria-label=\"Teilen auf x-twitter\"\n\t\t\t\t\t\t>\n\t\t\t\t\t\t\t\t\t\t\t\t\t\t\t<span class=\"elementor-share-btn__icon\">\n\t\t\t\t\t\t\t\t<i class=\"fab fa-x-twitter\" aria-hidden=\"true\"><\/i>\t\t\t\t\t\t\t<\/span>\n\t\t\t\t\t\t\t\t\t\t\t\t\t\t\t\t\t\t\t\t<\/div>\n\t\t\t\t\t<\/div>\n\t\t\t\t\t\t\t\t\t<div class=\"elementor-grid-item\">\n\t\t\t\t\t\t<div\n\t\t\t\t\t\t\tclass=\"elementor-share-btn elementor-share-btn_facebook\"\n\t\t\t\t\t\t\trole=\"button\"\n\t\t\t\t\t\t\ttabindex=\"0\"\n\t\t\t\t\t\t\taria-label=\"Teilen auf Facebook\"\n\t\t\t\t\t\t>\n\t\t\t\t\t\t\t\t\t\t\t\t\t\t\t<span class=\"elementor-share-btn__icon\">\n\t\t\t\t\t\t\t\t<i class=\"fab fa-facebook\" aria-hidden=\"true\"><\/i>\t\t\t\t\t\t\t<\/span>\n\t\t\t\t\t\t\t\t\t\t\t\t\t\t\t\t\t\t\t\t<\/div>\n\t\t\t\t\t<\/div>\n\t\t\t\t\t\t\t\t\t<div class=\"elementor-grid-item\">\n\t\t\t\t\t\t<div\n\t\t\t\t\t\t\tclass=\"elementor-share-btn elementor-share-btn_linkedin\"\n\t\t\t\t\t\t\trole=\"button\"\n\t\t\t\t\t\t\ttabindex=\"0\"\n\t\t\t\t\t\t\taria-label=\"Teilen auf linkedin\"\n\t\t\t\t\t\t>\n\t\t\t\t\t\t\t\t\t\t\t\t\t\t\t<span class=\"elementor-share-btn__icon\">\n\t\t\t\t\t\t\t\t<i class=\"fab fa-linkedin\" aria-hidden=\"true\"><\/i>\t\t\t\t\t\t\t<\/span>\n\t\t\t\t\t\t\t\t\t\t\t\t\t\t\t\t\t\t\t\t<\/div>\n\t\t\t\t\t<\/div>\n\t\t\t\t\t\t\t\t\t<div class=\"elementor-grid-item\">\n\t\t\t\t\t\t<div\n\t\t\t\t\t\t\tclass=\"elementor-share-btn elementor-share-btn_whatsapp\"\n\t\t\t\t\t\t\trole=\"button\"\n\t\t\t\t\t\t\ttabindex=\"0\"\n\t\t\t\t\t\t\taria-label=\"Teilen auf WhatsApp\"\n\t\t\t\t\t\t>\n\t\t\t\t\t\t\t\t\t\t\t\t\t\t\t<span class=\"elementor-share-btn__icon\">\n\t\t\t\t\t\t\t\t<i class=\"fab fa-whatsapp\" aria-hidden=\"true\"><\/i>\t\t\t\t\t\t\t<\/span>\n\t\t\t\t\t\t\t\t\t\t\t\t\t\t\t\t\t\t\t\t<\/div>\n\t\t\t\t\t<\/div>\n\t\t\t\t\t\t<\/div>\n\t\t\t\t\t\t<\/div>\n\t\t\t\t<\/div>\n\t\t\t\t\t<\/div>\n\t\t\t\t<\/div>\n\t\t\t\t<\/div>","protected":false},"excerpt":{"rendered":"<p>Irref\u00fchrung und Manipulation: Wie Br\u00fcssel die Raucherentw\u00f6hnung sabotiert \u2013 Die Vers\u00e4umnisse der EU-Kommission im \u00dcberblick: Die Europ\u00e4ische Kommission l\u00e4sst Europas Raucher im Stich, indem sie eine grundlegende Tatsache ignoriert: Nikotinbeutel und andere rauchfreie Alternativen sind keine Zigaretten. Sie bergen ein v\u00f6llig anderes Risikopotenzial, doch Br\u00fcssel beharrt darauf, sie so zu behandeln, als w\u00e4ren sie [\u2026]<\/p>","protected":false},"author":10,"featured_media":3628,"parent":0,"menu_order":0,"comment_status":"closed","ping_status":"closed","template":"elementor_header_footer","meta":{"footnotes":""},"class_list":["post-3684","page","type-page","status-publish","has-post-thumbnail","hentry"],"yoast_head":"<!-- This site is optimized with the Yoast SEO plugin v25.0 - https:\/\/yoast.com\/wordpress\/plugins\/seo\/ -->\n<title>Misleading and Manipulating: How Brussels Is Sabotaging Smoking Cessation - Considerate Pouchers<\/title>\n<meta name=\"robots\" content=\"index, follow, max-snippet:-1, max-image-preview:large, max-video-preview:-1\" \/>\n<link rel=\"canonical\" href=\"https:\/\/consideratepouchers.org\/de\/irrefuhrende-und-manipulative-darstellung-wie-brussel-die-raucherentwohnung-sabotiert\/\" \/>\n<meta property=\"og:locale\" content=\"de_DE\" \/>\n<meta property=\"og:type\" content=\"article\" \/>\n<meta property=\"og:title\" content=\"Misleading and Manipulating: How Brussels Is Sabotaging Smoking Cessation - Considerate Pouchers\" \/>\n<meta property=\"og:description\" content=\"Misleading and Manipulating How Brussels Is Sabotaging Smoking Cessation The EU Commission\u2019s Failures in Brief The European Commission is failing Europe\u2019s smokers by refusing to acknowledge one basic fact: nicotine pouches and other smoke-free alternatives are not cigarettes. They sit on completely different risk levels, yet Brussels insists on treating them as if they are [&hellip;]\" \/>\n<meta property=\"og:url\" content=\"https:\/\/consideratepouchers.org\/de\/irrefuhrende-und-manipulative-darstellung-wie-brussel-die-raucherentwohnung-sabotiert\/\" \/>\n<meta property=\"og:site_name\" content=\"Considerate Pouchers\" \/>\n<meta property=\"article:publisher\" content=\"https:\/\/www.facebook.com\/cpouchers\" \/>\n<meta property=\"article:modified_time\" content=\"2025-12-18T16:00:45+00:00\" \/>\n<meta property=\"og:image\" content=\"https:\/\/consideratepouchers.org\/wp-content\/uploads\/2025\/09\/Protect-pouches-Berlin-blog-image-1024x945.png\" \/>\n\t<meta property=\"og:image:width\" content=\"1024\" \/>\n\t<meta property=\"og:image:height\" content=\"945\" \/>\n\t<meta property=\"og:image:type\" content=\"image\/png\" \/>\n<meta name=\"twitter:card\" content=\"summary_large_image\" \/>\n<meta name=\"twitter:site\" content=\"@CPouchers\" \/>\n<meta name=\"twitter:label1\" content=\"Gesch\u00e4tzte Lesezeit\" \/>\n\t<meta name=\"twitter:data1\" content=\"2\u00a0Minuten\" \/>\n<script type=\"application\/ld+json\" class=\"yoast-schema-graph\">{\"@context\":\"https:\/\/schema.org\",\"@graph\":[{\"@type\":\"WebPage\",\"@id\":\"https:\/\/consideratepouchers.org\/misleading-and-manipulating-how-brussels-is-sabotaging-smoking-cessation\/\",\"url\":\"https:\/\/consideratepouchers.org\/misleading-and-manipulating-how-brussels-is-sabotaging-smoking-cessation\/\",\"name\":\"Misleading and Manipulating: How Brussels Is Sabotaging Smoking Cessation - Considerate Pouchers\",\"isPartOf\":{\"@id\":\"https:\/\/consideratepouchers.org\/#website\"},\"primaryImageOfPage\":{\"@id\":\"https:\/\/consideratepouchers.org\/misleading-and-manipulating-how-brussels-is-sabotaging-smoking-cessation\/#primaryimage\"},\"image\":{\"@id\":\"https:\/\/consideratepouchers.org\/misleading-and-manipulating-how-brussels-is-sabotaging-smoking-cessation\/#primaryimage\"},\"thumbnailUrl\":\"https:\/\/consideratepouchers.org\/wp-content\/uploads\/2025\/09\/Protect-pouches-Berlin-blog-image.png\",\"datePublished\":\"2025-12-16T15:23:48+00:00\",\"dateModified\":\"2025-12-18T16:00:45+00:00\",\"breadcrumb\":{\"@id\":\"https:\/\/consideratepouchers.org\/misleading-and-manipulating-how-brussels-is-sabotaging-smoking-cessation\/#breadcrumb\"},\"inLanguage\":\"de\",\"potentialAction\":[{\"@type\":\"ReadAction\",\"target\":[\"https:\/\/consideratepouchers.org\/misleading-and-manipulating-how-brussels-is-sabotaging-smoking-cessation\/\"]}]},{\"@type\":\"ImageObject\",\"inLanguage\":\"de\",\"@id\":\"https:\/\/consideratepouchers.org\/misleading-and-manipulating-how-brussels-is-sabotaging-smoking-cessation\/#primaryimage\",\"url\":\"https:\/\/consideratepouchers.org\/wp-content\/uploads\/2025\/09\/Protect-pouches-Berlin-blog-image.png\",\"contentUrl\":\"https:\/\/consideratepouchers.org\/wp-content\/uploads\/2025\/09\/Protect-pouches-Berlin-blog-image.png\",\"width\":2081,\"height\":1920},{\"@type\":\"BreadcrumbList\",\"@id\":\"https:\/\/consideratepouchers.org\/misleading-and-manipulating-how-brussels-is-sabotaging-smoking-cessation\/#breadcrumb\",\"itemListElement\":[{\"@type\":\"ListItem\",\"position\":1,\"name\":\"Home\",\"item\":\"https:\/\/consideratepouchers.org\/\"},{\"@type\":\"ListItem\",\"position\":2,\"name\":\"Misleading and Manipulating: How Brussels Is Sabotaging Smoking Cessation\"}]},{\"@type\":\"WebSite\",\"@id\":\"https:\/\/consideratepouchers.org\/#website\",\"url\":\"https:\/\/consideratepouchers.org\/\",\"name\":\"Considerate Pouchers\",\"description\":\"Improving Health &amp; Combatting Misinformation\",\"publisher\":{\"@id\":\"https:\/\/consideratepouchers.org\/#organization\"},\"potentialAction\":[{\"@type\":\"SearchAction\",\"target\":{\"@type\":\"EntryPoint\",\"urlTemplate\":\"https:\/\/consideratepouchers.org\/?s={search_term_string}\"},\"query-input\":{\"@type\":\"PropertyValueSpecification\",\"valueRequired\":true,\"valueName\":\"search_term_string\"}}],\"inLanguage\":\"de\"},{\"@type\":\"Organization\",\"@id\":\"https:\/\/consideratepouchers.org\/#organization\",\"name\":\"Considerate Pouchers\",\"url\":\"https:\/\/consideratepouchers.org\/\",\"logo\":{\"@type\":\"ImageObject\",\"inLanguage\":\"de\",\"@id\":\"https:\/\/consideratepouchers.org\/#\/schema\/logo\/image\/\",\"url\":\"https:\/\/consideratepouchers.com\/wp-content\/uploads\/2021\/07\/Considerate-Pouchers-lOGO.png\",\"contentUrl\":\"https:\/\/consideratepouchers.com\/wp-content\/uploads\/2021\/07\/Considerate-Pouchers-lOGO.png\",\"width\":504,\"height\":504,\"caption\":\"Considerate Pouchers\"},\"image\":{\"@id\":\"https:\/\/consideratepouchers.org\/#\/schema\/logo\/image\/\"},\"sameAs\":[\"https:\/\/www.facebook.com\/cpouchers\",\"https:\/\/x.com\/CPouchers\",\"https:\/\/www.instagram.com\/cpouchers\"]}]}<\/script>\n<!-- \/ Yoast SEO plugin. -->","yoast_head_json":{"title":"Misleading and Manipulating: How Brussels Is Sabotaging Smoking Cessation - Considerate Pouchers","robots":{"index":"index","follow":"follow","max-snippet":"max-snippet:-1","max-image-preview":"max-image-preview:large","max-video-preview":"max-video-preview:-1"},"canonical":"https:\/\/consideratepouchers.org\/de\/irrefuhrende-und-manipulative-darstellung-wie-brussel-die-raucherentwohnung-sabotiert\/","og_locale":"de_DE","og_type":"article","og_title":"Misleading and Manipulating: How Brussels Is Sabotaging Smoking Cessation - Considerate Pouchers","og_description":"Misleading and Manipulating How Brussels Is Sabotaging Smoking Cessation The EU Commission\u2019s Failures in Brief The European Commission is failing Europe\u2019s smokers by refusing to acknowledge one basic fact: nicotine pouches and other smoke-free alternatives are not cigarettes. They sit on completely different risk levels, yet Brussels insists on treating them as if they are [&hellip;]","og_url":"https:\/\/consideratepouchers.org\/de\/irrefuhrende-und-manipulative-darstellung-wie-brussel-die-raucherentwohnung-sabotiert\/","og_site_name":"Considerate Pouchers","article_publisher":"https:\/\/www.facebook.com\/cpouchers","article_modified_time":"2025-12-18T16:00:45+00:00","og_image":[{"width":1024,"height":945,"url":"https:\/\/consideratepouchers.org\/wp-content\/uploads\/2025\/09\/Protect-pouches-Berlin-blog-image-1024x945.png","type":"image\/png"}],"twitter_card":"summary_large_image","twitter_site":"@CPouchers","twitter_misc":{"Gesch\u00e4tzte Lesezeit":"2\u00a0Minuten"},"schema":{"@context":"https:\/\/schema.org","@graph":[{"@type":"WebPage","@id":"https:\/\/consideratepouchers.org\/misleading-and-manipulating-how-brussels-is-sabotaging-smoking-cessation\/","url":"https:\/\/consideratepouchers.org\/misleading-and-manipulating-how-brussels-is-sabotaging-smoking-cessation\/","name":"Misleading and Manipulating: How Brussels Is Sabotaging Smoking Cessation - Considerate Pouchers","isPartOf":{"@id":"https:\/\/consideratepouchers.org\/#website"},"primaryImageOfPage":{"@id":"https:\/\/consideratepouchers.org\/misleading-and-manipulating-how-brussels-is-sabotaging-smoking-cessation\/#primaryimage"},"image":{"@id":"https:\/\/consideratepouchers.org\/misleading-and-manipulating-how-brussels-is-sabotaging-smoking-cessation\/#primaryimage"},"thumbnailUrl":"https:\/\/consideratepouchers.org\/wp-content\/uploads\/2025\/09\/Protect-pouches-Berlin-blog-image.png","datePublished":"2025-12-16T15:23:48+00:00","dateModified":"2025-12-18T16:00:45+00:00","breadcrumb":{"@id":"https:\/\/consideratepouchers.org\/misleading-and-manipulating-how-brussels-is-sabotaging-smoking-cessation\/#breadcrumb"},"inLanguage":"de","potentialAction":[{"@type":"ReadAction","target":["https:\/\/consideratepouchers.org\/misleading-and-manipulating-how-brussels-is-sabotaging-smoking-cessation\/"]}]},{"@type":"ImageObject","inLanguage":"de","@id":"https:\/\/consideratepouchers.org\/misleading-and-manipulating-how-brussels-is-sabotaging-smoking-cessation\/#primaryimage","url":"https:\/\/consideratepouchers.org\/wp-content\/uploads\/2025\/09\/Protect-pouches-Berlin-blog-image.png","contentUrl":"https:\/\/consideratepouchers.org\/wp-content\/uploads\/2025\/09\/Protect-pouches-Berlin-blog-image.png","width":2081,"height":1920},{"@type":"BreadcrumbList","@id":"https:\/\/consideratepouchers.org\/misleading-and-manipulating-how-brussels-is-sabotaging-smoking-cessation\/#breadcrumb","itemListElement":[{"@type":"ListItem","position":1,"name":"Home","item":"https:\/\/consideratepouchers.org\/"},{"@type":"ListItem","position":2,"name":"Misleading and Manipulating: How Brussels Is Sabotaging Smoking Cessation"}]},{"@type":"WebSite","@id":"https:\/\/consideratepouchers.org\/#website","url":"https:\/\/consideratepouchers.org\/","name":"Considerate Pouchers","description":"Improving Health &amp; Combatting Misinformation","publisher":{"@id":"https:\/\/consideratepouchers.org\/#organization"},"potentialAction":[{"@type":"SearchAction","target":{"@type":"EntryPoint","urlTemplate":"https:\/\/consideratepouchers.org\/?s={search_term_string}"},"query-input":{"@type":"PropertyValueSpecification","valueRequired":true,"valueName":"search_term_string"}}],"inLanguage":"de"},{"@type":"Organization","@id":"https:\/\/consideratepouchers.org\/#organization","name":"Considerate Pouchers","url":"https:\/\/consideratepouchers.org\/","logo":{"@type":"ImageObject","inLanguage":"de","@id":"https:\/\/consideratepouchers.org\/#\/schema\/logo\/image\/","url":"https:\/\/consideratepouchers.com\/wp-content\/uploads\/2021\/07\/Considerate-Pouchers-lOGO.png","contentUrl":"https:\/\/consideratepouchers.com\/wp-content\/uploads\/2021\/07\/Considerate-Pouchers-lOGO.png","width":504,"height":504,"caption":"Considerate Pouchers"},"image":{"@id":"https:\/\/consideratepouchers.org\/#\/schema\/logo\/image\/"},"sameAs":["https:\/\/www.facebook.com\/cpouchers","https:\/\/x.com\/CPouchers","https:\/\/www.instagram.com\/cpouchers"]}]}},"_links":{"self":[{"href":"https:\/\/consideratepouchers.org\/de\/wp-json\/wp\/v2\/pages\/3684","targetHints":{"allow":["GET"]}}],"collection":[{"href":"https:\/\/consideratepouchers.org\/de\/wp-json\/wp\/v2\/pages"}],"about":[{"href":"https:\/\/consideratepouchers.org\/de\/wp-json\/wp\/v2\/types\/page"}],"author":[{"embeddable":true,"href":"https:\/\/consideratepouchers.org\/de\/wp-json\/wp\/v2\/users\/10"}],"replies":[{"embeddable":true,"href":"https:\/\/consideratepouchers.org\/de\/wp-json\/wp\/v2\/comments?post=3684"}],"version-history":[{"count":0,"href":"https:\/\/consideratepouchers.org\/de\/wp-json\/wp\/v2\/pages\/3684\/revisions"}],"wp:featuredmedia":[{"embeddable":true,"href":"https:\/\/consideratepouchers.org\/de\/wp-json\/wp\/v2\/media\/3628"}],"wp:attachment":[{"href":"https:\/\/consideratepouchers.org\/de\/wp-json\/wp\/v2\/media?parent=3684"}],"curies":[{"name":"wp","href":"https:\/\/api.w.org\/{rel}","templated":true}]}}