{"id":3051,"date":"2024-05-31T11:39:22","date_gmt":"2024-05-31T11:39:22","guid":{"rendered":"https:\/\/consideratepouchers.org\/?page_id=3051"},"modified":"2024-06-10T12:52:45","modified_gmt":"2024-06-10T12:52:45","slug":"pouch-awareness-month-manifesto","status":"publish","type":"page","link":"https:\/\/consideratepouchers.org\/es\/manifiesto-del-mes-de-concientizacion-sobre-las-bolsas-de-plastico\/","title":{"rendered":"Manifiesto del Mes de Concientizaci\u00f3n sobre las Bolsas de Pl\u00e1stico"},"content":{"rendered":"<div data-elementor-type=\"wp-page\" data-elementor-id=\"3051\" class=\"elementor elementor-3051\" data-elementor-post-type=\"page\">\n\t\t\t\t<div class=\"elementor-element elementor-element-64810e4 e-flex e-con-boxed e-con e-parent\" data-id=\"64810e4\" data-element_type=\"container\" data-settings=\"{&quot;background_background&quot;:&quot;classic&quot;,&quot;shape_divider_bottom&quot;:&quot;waves&quot;}\">\n\t\t\t\t\t<div class=\"e-con-inner\">\n\t\t\t\t<div class=\"elementor-shape elementor-shape-bottom\" data-negative=\"false\">\n\t\t\t<svg xmlns=\"http:\/\/www.w3.org\/2000\/svg\" viewbox=\"0 0 1000 100\" preserveaspectratio=\"none\">\n\t<path class=\"elementor-shape-fill\" d=\"M421.9,6.5c22.6-2.5,51.5,0.4,75.5,5.3c23.6,4.9,70.9,23.5,100.5,35.7c75.8,32.2,133.7,44.5,192.6,49.7\tc23.6,2.1,48.7,3.5,103.4-2.5c54.7-6,106.2-25.6,106.2-25.6V0H0v30.3c0,0,72,32.6,158.4,30.5c39.2-0.7,92.8-6.7,134-22.4\tc21.2-8.1,52.2-18.2,79.7-24.2C399.3,7.9,411.6,7.5,421.9,6.5z\"\/>\n<\/svg>\t\t<\/div>\n\t\t<div class=\"elementor-element elementor-element-f075ab5 e-flex e-con-boxed e-con e-child\" data-id=\"f075ab5\" data-element_type=\"container\">\n\t\t\t\t\t<div class=\"e-con-inner\">\n\t\t\t\t<div class=\"elementor-element elementor-element-fd0e96d elementor-widget__width-initial elementor-widget elementor-widget-heading\" data-id=\"fd0e96d\" data-element_type=\"widget\" data-widget_type=\"heading.default\">\n\t\t\t\t<div class=\"elementor-widget-container\">\n\t\t\t\t\t<h1 class=\"elementor-heading-title elementor-size-default\">Mes de concientizaci\u00f3n sobre las bolsas\n<p> Manifiesto<\/h1>\t\t\t\t<\/div>\n\t\t\t\t<\/div>\n\t\t\t\t<div class=\"elementor-element elementor-element-1746963 elementor-widget elementor-widget-button\" data-id=\"1746963\" data-element_type=\"widget\" data-widget_type=\"button.default\">\n\t\t\t\t<div class=\"elementor-widget-container\">\n\t\t\t\t\t\t\t\t\t<div class=\"elementor-button-wrapper\">\n\t\t\t\t\t<a class=\"elementor-button elementor-button-link elementor-size-sm\" href=\"#making-smoking-history\">\n\t\t\t\t\t\t<span class=\"elementor-button-content-wrapper\">\n\t\t\t\t\t\t<span class=\"elementor-button-icon\">\n\t\t\t\t<i aria-hidden=\"true\" class=\"fas fa-chevron-down\"><\/i>\t\t\t<\/span>\n\t\t\t\t\t\t\t\t<\/span>\n\t\t\t\t\t<\/a>\n\t\t\t\t<\/div>\n\t\t\t\t\t\t\t\t<\/div>\n\t\t\t\t<\/div>\n\t\t\t\t\t<\/div>\n\t\t\t\t<\/div>\n\t\t\t\t\t<\/div>\n\t\t\t\t<\/div>\n\t\t<div class=\"elementor-element elementor-element-826a0e2 e-flex e-con-boxed e-con e-parent\" data-id=\"826a0e2\" data-element_type=\"container\">\n\t\t\t\t\t<div class=\"e-con-inner\">\n\t\t\t\t<div class=\"elementor-element elementor-element-ad7d0ed elementor-headline--style-highlight elementor-widget elementor-widget-animated-headline\" data-id=\"ad7d0ed\" data-element_type=\"widget\" data-settings=\"{&quot;highlighted_text&quot;:&quot;Choose Better Health&quot;,&quot;marker&quot;:&quot;underline&quot;,&quot;headline_style&quot;:&quot;highlight&quot;,&quot;loop&quot;:&quot;yes&quot;,&quot;highlight_animation_duration&quot;:1200,&quot;highlight_iteration_delay&quot;:8000}\" data-widget_type=\"animated-headline.default\">\n\t\t\t\t<div class=\"elementor-widget-container\">\n\t\t\t\t\t\t\t<h3 class=\"elementor-headline\">\n\t\t\t\t\t<span class=\"elementor-headline-plain-text elementor-headline-text-wrapper\">#BeConsiderado<\/span>\n\t\t\t\t<span class=\"elementor-headline-dynamic-wrapper elementor-headline-text-wrapper\">\n\t\t\t\t\t<span class=\"elementor-headline-dynamic-text elementor-headline-text-active\">Elija una mejor salud<\/span>\n\t\t\t\t<\/span>\n\t\t\t\t<\/h3>\n\t\t\t\t\t\t<\/div>\n\t\t\t\t<\/div>\n\t\t\t\t\t<\/div>\n\t\t\t\t<\/div>\n\t\t<div class=\"elementor-element elementor-element-15976ed e-flex e-con-boxed e-con e-parent\" data-id=\"15976ed\" data-element_type=\"container\" data-settings=\"{&quot;background_background&quot;:&quot;classic&quot;}\">\n\t\t\t\t\t<div class=\"e-con-inner\">\n\t\t<div class=\"elementor-element elementor-element-848872a e-con-full e-flex e-con e-child\" data-id=\"848872a\" data-element_type=\"container\">\n\t\t\t\t<div class=\"elementor-element elementor-element-2c131ad elementor-widget elementor-widget-heading\" data-id=\"2c131ad\" data-element_type=\"widget\" data-widget_type=\"heading.default\">\n\t\t\t\t<div class=\"elementor-widget-container\">\n\t\t\t\t\t<h2 class=\"elementor-heading-title elementor-size-default\">Manifiesto<\/h2>\t\t\t\t<\/div>\n\t\t\t\t<\/div>\n\t\t\t\t<div class=\"elementor-element elementor-element-7c6c75a elementor-widget-tablet__width-initial elementor-widget elementor-widget-text-editor\" data-id=\"7c6c75a\" data-element_type=\"widget\" data-widget_type=\"text-editor.default\">\n\t\t\t\t<div class=\"elementor-widget-container\">\n\t\t\t\t\t\t\t\t\t<p><span style=\"font-weight: 400;\">Las bolsas de nicotina han empoderado a millones de personas <\/span><span style=\"font-weight: 400;\">En todo el mundo<\/span><span style=\"font-weight: 400;\"> Dejar de fumar, protegiendo nuestra salud, nuestras finanzas y nuestras relaciones. Han impactado profundamente nuestras vidas sin afectar a las de nadie m\u00e1s, gracias a su naturaleza discreta.<\/span><\/p><p><span style=\"font-weight: 400;\">Las bolsitas son una opci\u00f3n considerada para todos: sin humo, sin olor y pr\u00e1cticamente invisibles. Son la alternativa m\u00e1s segura al tabaco y han demostrado ser eficaces para ayudar a dejar de fumar.<\/span><\/p><p><span style=\"font-weight: 400;\">La historia de \u00e9xito de Suecia es un testimonio de ello: al no restringir la nicotina oral, Suecia es... <\/span><span style=\"font-weight: 400;\">A punto de lograrlo<\/span><span style=\"font-weight: 400;\"> El objetivo de incidencia del tabaquismo 5% de la Organizaci\u00f3n Mundial de la Salud se alcanza m\u00e1s r\u00e1pido que cualquier otro pa\u00eds. Como resultado, Suecia tiene las tasas m\u00e1s bajas de enfermedades y muertes relacionadas con el tabaquismo en la UE.<\/span><\/p><p><span style=\"font-weight: 400;\">Sin embargo, nos preocupa que algunos pa\u00edses est\u00e9n considerando o hayan implementado restricciones a las bolsas, lo cual podr\u00eda tener consecuencias devastadoras. \u00a1Por favor, sean considerados! Una legislaci\u00f3n mal concebida podr\u00eda privar a muchas personas de este recurso vital.<\/span><\/p><p><span style=\"font-weight: 400;\">Este mes, en Pouchers concientizamos sobre la manera m\u00e1s considerada, segura y efectiva de ayudar a los fumadores a dejar el cigarrillo. Tambi\u00e9n destacamos el papel crucial de la legislaci\u00f3n.<\/span><\/p><p><span style=\"font-weight: 400;\">Las bolsas siempre deben ser:<\/span><\/p><ul><li style=\"font-weight: 400;\" aria-level=\"1\"><b>Accesible<\/b><span style=\"font-weight: 400;\"> \u2013 Disponible legalmente en todos los pa\u00edses para aquellos que buscan una alternativa considerada a los cigarrillos.<\/span><\/li><li style=\"font-weight: 400;\" aria-level=\"1\"><b>Aceptable<\/b><span style=\"font-weight: 400;\"> \u2013 Disponible en varios sabores y concentraciones de nicotina para adaptarse a las preferencias individuales.<\/span><\/li><li style=\"font-weight: 400;\" aria-level=\"1\"><b>Asequible<\/b><span style=\"font-weight: 400;\"> Para garantizar que las bolsitas sigan siendo una alternativa atractiva a los cigarrillos, es necesario mantenerlas asequibles para todos los que las necesitan. Los impuestos sobre las bolsitas deber\u00edan reflejar su riesgo significativamente menor para la salud.<\/span><\/li><\/ul><p>\u00a0<\/p><p><span style=\"font-weight: 400;\">Para una mejor salud,<\/span><\/p><p><span style=\"font-weight: 400;\">Considerate Pouchers<\/span><\/p>\t\t\t\t\t\t\t\t<\/div>\n\t\t\t\t<\/div>\n\t\t\t\t<div class=\"elementor-element elementor-element-5276680 elementor-widget elementor-widget-spacer\" data-id=\"5276680\" data-element_type=\"widget\" data-widget_type=\"spacer.default\">\n\t\t\t\t<div class=\"elementor-widget-container\">\n\t\t\t\t\t\t\t<div class=\"elementor-spacer\">\n\t\t\t<div class=\"elementor-spacer-inner\"><\/div>\n\t\t<\/div>\n\t\t\t\t\t\t<\/div>\n\t\t\t\t<\/div>\n\t\t\t\t<\/div>\n\t\t\t\t\t<\/div>\n\t\t\t\t<\/div>\n\t\t<div class=\"elementor-element elementor-element-dea2ac2 e-flex e-con-boxed e-con e-parent\" data-id=\"dea2ac2\" data-element_type=\"container\" data-settings=\"{&quot;background_background&quot;:&quot;classic&quot;}\">\n\t\t\t\t\t<div class=\"e-con-inner\">\n\t\t<div class=\"elementor-element elementor-element-ae06615 e-con-full e-flex e-con e-child\" data-id=\"ae06615\" data-element_type=\"container\">\n\t\t\t\t<div class=\"elementor-element elementor-element-51bc1d8 elementor-widget elementor-widget-heading\" data-id=\"51bc1d8\" data-element_type=\"widget\" data-widget_type=\"heading.default\">\n\t\t\t\t<div class=\"elementor-widget-container\">\n\t\t\t\t\t<h2 class=\"elementor-heading-title elementor-size-default\">Descargar el Manifiesto de Poucher<\/h2>\t\t\t\t<\/div>\n\t\t\t\t<\/div>\n\t\t<div class=\"elementor-element elementor-element-5ecd394 e-flex e-con-boxed e-con e-child\" data-id=\"5ecd394\" data-element_type=\"container\">\n\t\t\t\t\t<div class=\"e-con-inner\">\n\t\t<div class=\"elementor-element elementor-element-643bdad e-flex e-con-boxed e-con e-child\" data-id=\"643bdad\" data-element_type=\"container\">\n\t\t\t\t\t<div class=\"e-con-inner\">\n\t\t\t\t<div class=\"elementor-element elementor-element-dbbfbbc elementor-widget elementor-widget-button\" data-id=\"dbbfbbc\" data-element_type=\"widget\" data-widget_type=\"button.default\">\n\t\t\t\t<div class=\"elementor-widget-container\">\n\t\t\t\t\t\t\t\t\t<div class=\"elementor-button-wrapper\">\n\t\t\t\t\t<a class=\"elementor-button elementor-button-link elementor-size-sm\" href=\"https:\/\/consideratepouchers.org\/wp-content\/uploads\/2024\/05\/CPM_ENG.pdf\" target=\"_blank\">\n\t\t\t\t\t\t<span class=\"elementor-button-content-wrapper\">\n\t\t\t\t\t\t\t\t\t<span class=\"elementor-button-text\">INGL\u00c9S<\/span>\n\t\t\t\t\t<\/span>\n\t\t\t\t\t<\/a>\n\t\t\t\t<\/div>\n\t\t\t\t\t\t\t\t<\/div>\n\t\t\t\t<\/div>\n\t\t\t\t\t<\/div>\n\t\t\t\t<\/div>\n\t\t<div class=\"elementor-element elementor-element-2843cd2 e-flex e-con-boxed e-con e-child\" data-id=\"2843cd2\" data-element_type=\"container\">\n\t\t\t\t\t<div class=\"e-con-inner\">\n\t\t\t\t<div class=\"elementor-element elementor-element-f133c60 elementor-widget elementor-widget-button\" data-id=\"f133c60\" data-element_type=\"widget\" data-widget_type=\"button.default\">\n\t\t\t\t<div class=\"elementor-widget-container\">\n\t\t\t\t\t\t\t\t\t<div class=\"elementor-button-wrapper\">\n\t\t\t\t\t<a class=\"elementor-button elementor-button-link elementor-size-sm\" href=\"https:\/\/consideratepouchers.org\/wp-content\/uploads\/2024\/06\/CPM_SWED.pdf\" target=\"_blank\">\n\t\t\t\t\t\t<span class=\"elementor-button-content-wrapper\">\n\t\t\t\t\t\t\t\t\t<span class=\"elementor-button-text\">SUECO<\/span>\n\t\t\t\t\t<\/span>\n\t\t\t\t\t<\/a>\n\t\t\t\t<\/div>\n\t\t\t\t\t\t\t\t<\/div>\n\t\t\t\t<\/div>\n\t\t\t\t\t<\/div>\n\t\t\t\t<\/div>\n\t\t<div class=\"elementor-element elementor-element-ca028e2 e-flex e-con-boxed e-con e-child\" data-id=\"ca028e2\" data-element_type=\"container\">\n\t\t\t\t\t<div class=\"e-con-inner\">\n\t\t\t\t<div class=\"elementor-element elementor-element-7dfc468 elementor-widget elementor-widget-button\" data-id=\"7dfc468\" data-element_type=\"widget\" data-widget_type=\"button.default\">\n\t\t\t\t<div class=\"elementor-widget-container\">\n\t\t\t\t\t\t\t\t\t<div class=\"elementor-button-wrapper\">\n\t\t\t\t\t<a class=\"elementor-button elementor-button-link elementor-size-sm\" href=\"https:\/\/consideratepouchers.org\/wp-content\/uploads\/2024\/05\/CPM_GER.pdf\" target=\"_blank\">\n\t\t\t\t\t\t<span class=\"elementor-button-content-wrapper\">\n\t\t\t\t\t\t\t\t\t<span class=\"elementor-button-text\">ALEM\u00c1N<\/span>\n\t\t\t\t\t<\/span>\n\t\t\t\t\t<\/a>\n\t\t\t\t<\/div>\n\t\t\t\t\t\t\t\t<\/div>\n\t\t\t\t<\/div>\n\t\t\t\t\t<\/div>\n\t\t\t\t<\/div>\n\t\t<div class=\"elementor-element elementor-element-558bf3c e-flex e-con-boxed e-con e-child\" data-id=\"558bf3c\" data-element_type=\"container\">\n\t\t\t\t\t<div class=\"e-con-inner\">\n\t\t\t\t<div class=\"elementor-element elementor-element-9a39b56 elementor-widget elementor-widget-button\" data-id=\"9a39b56\" data-element_type=\"widget\" data-widget_type=\"button.default\">\n\t\t\t\t<div class=\"elementor-widget-container\">\n\t\t\t\t\t\t\t\t\t<div class=\"elementor-button-wrapper\">\n\t\t\t\t\t<a class=\"elementor-button elementor-button-link elementor-size-sm\" href=\"https:\/\/consideratepouchers.org\/wp-content\/uploads\/2024\/05\/CPM_UZB.pdf\" target=\"_blank\">\n\t\t\t\t\t\t<span class=\"elementor-button-content-wrapper\">\n\t\t\t\t\t\t\t\t\t<span class=\"elementor-button-text\">Uzbeko<\/span>\n\t\t\t\t\t<\/span>\n\t\t\t\t\t<\/a>\n\t\t\t\t<\/div>\n\t\t\t\t\t\t\t\t<\/div>\n\t\t\t\t<\/div>\n\t\t\t\t\t<\/div>\n\t\t\t\t<\/div>\n\t\t<div class=\"elementor-element elementor-element-8d74348 e-flex e-con-boxed e-con e-child\" data-id=\"8d74348\" data-element_type=\"container\">\n\t\t\t\t\t<div class=\"e-con-inner\">\n\t\t\t\t<div class=\"elementor-element elementor-element-10cb940 elementor-widget elementor-widget-button\" data-id=\"10cb940\" data-element_type=\"widget\" data-widget_type=\"button.default\">\n\t\t\t\t<div class=\"elementor-widget-container\">\n\t\t\t\t\t\t\t\t\t<div class=\"elementor-button-wrapper\">\n\t\t\t\t\t<a class=\"elementor-button elementor-button-link elementor-size-sm\" href=\"https:\/\/consideratepouchers.org\/wp-content\/uploads\/2024\/05\/CPM_FR.pdf\" target=\"_blank\">\n\t\t\t\t\t\t<span class=\"elementor-button-content-wrapper\">\n\t\t\t\t\t\t\t\t\t<span class=\"elementor-button-text\">FRANC\u00c9S<\/span>\n\t\t\t\t\t<\/span>\n\t\t\t\t\t<\/a>\n\t\t\t\t<\/div>\n\t\t\t\t\t\t\t\t<\/div>\n\t\t\t\t<\/div>\n\t\t\t\t\t<\/div>\n\t\t\t\t<\/div>\n\t\t\t\t\t<\/div>\n\t\t\t\t<\/div>\n\t\t\t\t<\/div>\n\t\t\t\t\t<\/div>\n\t\t\t\t<\/div>\n\t\t\t\t<\/div>","protected":false},"excerpt":{"rendered":"<p>Manifiesto del Mes de Concientizaci\u00f3n sobre las Bolsas #BeConsiderate Choose Better Health. Las bolsas de nicotina han ayudado a millones de personas en todo el mundo a dejar de fumar, protegiendo nuestra salud, finanzas y relaciones. Han impactado profundamente nuestras vidas sin afectar las de los dem\u00e1s, gracias a su discreci\u00f3n. Las bolsas son una opci\u00f3n considerada para todos: sin humo, sin olor y una opci\u00f3n [\u2026]<\/p>","protected":false},"author":10,"featured_media":2061,"parent":0,"menu_order":0,"comment_status":"closed","ping_status":"closed","template":"","meta":{"footnotes":""},"class_list":["post-3051","page","type-page","status-publish","has-post-thumbnail","hentry"],"yoast_head":"<!-- This site is optimized with the Yoast SEO plugin v25.0 - https:\/\/yoast.com\/wordpress\/plugins\/seo\/ -->\n<title>Pouch Awareness Month Manifesto - Considerate Pouchers<\/title>\n<meta name=\"robots\" content=\"index, follow, max-snippet:-1, max-image-preview:large, max-video-preview:-1\" \/>\n<link rel=\"canonical\" href=\"https:\/\/consideratepouchers.org\/es\/manifiesto-del-mes-de-concientizacion-sobre-las-bolsas-de-plastico\/\" \/>\n<meta property=\"og:locale\" content=\"es_ES\" \/>\n<meta property=\"og:type\" content=\"article\" \/>\n<meta property=\"og:title\" content=\"Pouch Awareness Month Manifesto - Considerate Pouchers\" \/>\n<meta property=\"og:description\" content=\"Pouch Awareness Month Manifesto #BeConsiderate Choose Better Health Manifesto Nicotine Pouches have empowered millions all around the world to quit smoking, safeguarding our health, finances, and relationships. They&#8217;ve profoundly impacted our lives without affecting anyone else&#8217;s, thanks to their discrete nature. Pouches are a considerate choice for everyone: no smoke, no smell, and a choice [&hellip;]\" \/>\n<meta property=\"og:url\" content=\"https:\/\/consideratepouchers.org\/es\/manifiesto-del-mes-de-concientizacion-sobre-las-bolsas-de-plastico\/\" \/>\n<meta property=\"og:site_name\" content=\"Considerate Pouchers\" \/>\n<meta property=\"article:publisher\" content=\"https:\/\/www.facebook.com\/cpouchers\" \/>\n<meta property=\"article:modified_time\" content=\"2024-06-10T12:52:45+00:00\" \/>\n<meta property=\"og:image\" content=\"https:\/\/consideratepouchers.org\/wp-content\/uploads\/2024\/04\/LPA_Cover-2.png\" \/>\n\t<meta property=\"og:image:width\" content=\"800\" \/>\n\t<meta property=\"og:image:height\" content=\"222\" \/>\n\t<meta property=\"og:image:type\" content=\"image\/png\" \/>\n<meta name=\"twitter:card\" content=\"summary_large_image\" \/>\n<meta name=\"twitter:site\" content=\"@CPouchers\" \/>\n<meta name=\"twitter:label1\" content=\"Est. reading time\" \/>\n\t<meta name=\"twitter:data1\" content=\"2 minutos\" \/>\n<script type=\"application\/ld+json\" class=\"yoast-schema-graph\">{\"@context\":\"https:\/\/schema.org\",\"@graph\":[{\"@type\":\"WebPage\",\"@id\":\"https:\/\/consideratepouchers.org\/pouch-awareness-month-manifesto\/\",\"url\":\"https:\/\/consideratepouchers.org\/pouch-awareness-month-manifesto\/\",\"name\":\"Pouch Awareness Month Manifesto - Considerate Pouchers\",\"isPartOf\":{\"@id\":\"https:\/\/consideratepouchers.org\/#website\"},\"primaryImageOfPage\":{\"@id\":\"https:\/\/consideratepouchers.org\/pouch-awareness-month-manifesto\/#primaryimage\"},\"image\":{\"@id\":\"https:\/\/consideratepouchers.org\/pouch-awareness-month-manifesto\/#primaryimage\"},\"thumbnailUrl\":\"https:\/\/consideratepouchers.org\/wp-content\/uploads\/2024\/04\/LPA_Cover-2.png\",\"datePublished\":\"2024-05-31T11:39:22+00:00\",\"dateModified\":\"2024-06-10T12:52:45+00:00\",\"breadcrumb\":{\"@id\":\"https:\/\/consideratepouchers.org\/pouch-awareness-month-manifesto\/#breadcrumb\"},\"inLanguage\":\"es\",\"potentialAction\":[{\"@type\":\"ReadAction\",\"target\":[\"https:\/\/consideratepouchers.org\/pouch-awareness-month-manifesto\/\"]}]},{\"@type\":\"ImageObject\",\"inLanguage\":\"es\",\"@id\":\"https:\/\/consideratepouchers.org\/pouch-awareness-month-manifesto\/#primaryimage\",\"url\":\"https:\/\/consideratepouchers.org\/wp-content\/uploads\/2024\/04\/LPA_Cover-2.png\",\"contentUrl\":\"https:\/\/consideratepouchers.org\/wp-content\/uploads\/2024\/04\/LPA_Cover-2.png\",\"width\":7680,\"height\":2132},{\"@type\":\"BreadcrumbList\",\"@id\":\"https:\/\/consideratepouchers.org\/pouch-awareness-month-manifesto\/#breadcrumb\",\"itemListElement\":[{\"@type\":\"ListItem\",\"position\":1,\"name\":\"Home\",\"item\":\"https:\/\/consideratepouchers.org\/\"},{\"@type\":\"ListItem\",\"position\":2,\"name\":\"Pouch Awareness Month Manifesto\"}]},{\"@type\":\"WebSite\",\"@id\":\"https:\/\/consideratepouchers.org\/#website\",\"url\":\"https:\/\/consideratepouchers.org\/\",\"name\":\"Considerate Pouchers\",\"description\":\"Improving Health &amp; Combatting Misinformation\",\"publisher\":{\"@id\":\"https:\/\/consideratepouchers.org\/#organization\"},\"potentialAction\":[{\"@type\":\"SearchAction\",\"target\":{\"@type\":\"EntryPoint\",\"urlTemplate\":\"https:\/\/consideratepouchers.org\/?s={search_term_string}\"},\"query-input\":{\"@type\":\"PropertyValueSpecification\",\"valueRequired\":true,\"valueName\":\"search_term_string\"}}],\"inLanguage\":\"es\"},{\"@type\":\"Organization\",\"@id\":\"https:\/\/consideratepouchers.org\/#organization\",\"name\":\"Considerate Pouchers\",\"url\":\"https:\/\/consideratepouchers.org\/\",\"logo\":{\"@type\":\"ImageObject\",\"inLanguage\":\"es\",\"@id\":\"https:\/\/consideratepouchers.org\/#\/schema\/logo\/image\/\",\"url\":\"https:\/\/consideratepouchers.com\/wp-content\/uploads\/2021\/07\/Considerate-Pouchers-lOGO.png\",\"contentUrl\":\"https:\/\/consideratepouchers.com\/wp-content\/uploads\/2021\/07\/Considerate-Pouchers-lOGO.png\",\"width\":504,\"height\":504,\"caption\":\"Considerate Pouchers\"},\"image\":{\"@id\":\"https:\/\/consideratepouchers.org\/#\/schema\/logo\/image\/\"},\"sameAs\":[\"https:\/\/www.facebook.com\/cpouchers\",\"https:\/\/x.com\/CPouchers\",\"https:\/\/www.instagram.com\/cpouchers\"]}]}<\/script>\n<!-- \/ Yoast SEO plugin. -->","yoast_head_json":{"title":"Pouch Awareness Month Manifesto - Considerate Pouchers","robots":{"index":"index","follow":"follow","max-snippet":"max-snippet:-1","max-image-preview":"max-image-preview:large","max-video-preview":"max-video-preview:-1"},"canonical":"https:\/\/consideratepouchers.org\/es\/manifiesto-del-mes-de-concientizacion-sobre-las-bolsas-de-plastico\/","og_locale":"es_ES","og_type":"article","og_title":"Pouch Awareness Month Manifesto - Considerate Pouchers","og_description":"Pouch Awareness Month Manifesto #BeConsiderate Choose Better Health Manifesto Nicotine Pouches have empowered millions all around the world to quit smoking, safeguarding our health, finances, and relationships. They&#8217;ve profoundly impacted our lives without affecting anyone else&#8217;s, thanks to their discrete nature. Pouches are a considerate choice for everyone: no smoke, no smell, and a choice [&hellip;]","og_url":"https:\/\/consideratepouchers.org\/es\/manifiesto-del-mes-de-concientizacion-sobre-las-bolsas-de-plastico\/","og_site_name":"Considerate Pouchers","article_publisher":"https:\/\/www.facebook.com\/cpouchers","article_modified_time":"2024-06-10T12:52:45+00:00","og_image":[{"url":"https:\/\/consideratepouchers.org\/wp-content\/uploads\/2024\/04\/LPA_Cover-2.png","width":800,"height":222,"type":"image\/png"}],"twitter_card":"summary_large_image","twitter_site":"@CPouchers","twitter_misc":{"Est. reading time":"2 minutos"},"schema":{"@context":"https:\/\/schema.org","@graph":[{"@type":"WebPage","@id":"https:\/\/consideratepouchers.org\/pouch-awareness-month-manifesto\/","url":"https:\/\/consideratepouchers.org\/pouch-awareness-month-manifesto\/","name":"Pouch Awareness Month Manifesto - Considerate Pouchers","isPartOf":{"@id":"https:\/\/consideratepouchers.org\/#website"},"primaryImageOfPage":{"@id":"https:\/\/consideratepouchers.org\/pouch-awareness-month-manifesto\/#primaryimage"},"image":{"@id":"https:\/\/consideratepouchers.org\/pouch-awareness-month-manifesto\/#primaryimage"},"thumbnailUrl":"https:\/\/consideratepouchers.org\/wp-content\/uploads\/2024\/04\/LPA_Cover-2.png","datePublished":"2024-05-31T11:39:22+00:00","dateModified":"2024-06-10T12:52:45+00:00","breadcrumb":{"@id":"https:\/\/consideratepouchers.org\/pouch-awareness-month-manifesto\/#breadcrumb"},"inLanguage":"es","potentialAction":[{"@type":"ReadAction","target":["https:\/\/consideratepouchers.org\/pouch-awareness-month-manifesto\/"]}]},{"@type":"ImageObject","inLanguage":"es","@id":"https:\/\/consideratepouchers.org\/pouch-awareness-month-manifesto\/#primaryimage","url":"https:\/\/consideratepouchers.org\/wp-content\/uploads\/2024\/04\/LPA_Cover-2.png","contentUrl":"https:\/\/consideratepouchers.org\/wp-content\/uploads\/2024\/04\/LPA_Cover-2.png","width":7680,"height":2132},{"@type":"BreadcrumbList","@id":"https:\/\/consideratepouchers.org\/pouch-awareness-month-manifesto\/#breadcrumb","itemListElement":[{"@type":"ListItem","position":1,"name":"Home","item":"https:\/\/consideratepouchers.org\/"},{"@type":"ListItem","position":2,"name":"Pouch Awareness Month Manifesto"}]},{"@type":"WebSite","@id":"https:\/\/consideratepouchers.org\/#website","url":"https:\/\/consideratepouchers.org\/","name":"Considerate Pouchers","description":"Improving Health &amp; Combatting Misinformation","publisher":{"@id":"https:\/\/consideratepouchers.org\/#organization"},"potentialAction":[{"@type":"SearchAction","target":{"@type":"EntryPoint","urlTemplate":"https:\/\/consideratepouchers.org\/?s={search_term_string}"},"query-input":{"@type":"PropertyValueSpecification","valueRequired":true,"valueName":"search_term_string"}}],"inLanguage":"es"},{"@type":"Organization","@id":"https:\/\/consideratepouchers.org\/#organization","name":"Considerate Pouchers","url":"https:\/\/consideratepouchers.org\/","logo":{"@type":"ImageObject","inLanguage":"es","@id":"https:\/\/consideratepouchers.org\/#\/schema\/logo\/image\/","url":"https:\/\/consideratepouchers.com\/wp-content\/uploads\/2021\/07\/Considerate-Pouchers-lOGO.png","contentUrl":"https:\/\/consideratepouchers.com\/wp-content\/uploads\/2021\/07\/Considerate-Pouchers-lOGO.png","width":504,"height":504,"caption":"Considerate Pouchers"},"image":{"@id":"https:\/\/consideratepouchers.org\/#\/schema\/logo\/image\/"},"sameAs":["https:\/\/www.facebook.com\/cpouchers","https:\/\/x.com\/CPouchers","https:\/\/www.instagram.com\/cpouchers"]}]}},"_links":{"self":[{"href":"https:\/\/consideratepouchers.org\/es\/wp-json\/wp\/v2\/pages\/3051","targetHints":{"allow":["GET"]}}],"collection":[{"href":"https:\/\/consideratepouchers.org\/es\/wp-json\/wp\/v2\/pages"}],"about":[{"href":"https:\/\/consideratepouchers.org\/es\/wp-json\/wp\/v2\/types\/page"}],"author":[{"embeddable":true,"href":"https:\/\/consideratepouchers.org\/es\/wp-json\/wp\/v2\/users\/10"}],"replies":[{"embeddable":true,"href":"https:\/\/consideratepouchers.org\/es\/wp-json\/wp\/v2\/comments?post=3051"}],"version-history":[{"count":0,"href":"https:\/\/consideratepouchers.org\/es\/wp-json\/wp\/v2\/pages\/3051\/revisions"}],"wp:featuredmedia":[{"embeddable":true,"href":"https:\/\/consideratepouchers.org\/es\/wp-json\/wp\/v2\/media\/2061"}],"wp:attachment":[{"href":"https:\/\/consideratepouchers.org\/es\/wp-json\/wp\/v2\/media?parent=3051"}],"curies":[{"name":"wp","href":"https:\/\/api.w.org\/{rel}","templated":true}]}}