{"id":3717,"date":"2026-02-19T16:27:43","date_gmt":"2026-02-19T16:27:43","guid":{"rendered":"https:\/\/consideratepouchers.org\/?page_id=3717"},"modified":"2026-02-25T09:29:04","modified_gmt":"2026-02-25T09:29:04","slug":"european-pouch-accessibility-index-2026","status":"publish","type":"page","link":"https:\/\/consideratepouchers.org\/es\/indice-europeo-de-accesibilidad-de-las-bolsas-de-plastico-2026\/","title":{"rendered":"\u00cdndice Europeo de Accesibilidad de las Bolsas de Pl\u00e1stico 2026"},"content":{"rendered":"<div data-elementor-type=\"wp-page\" data-elementor-id=\"3717\" class=\"elementor elementor-3717\" data-elementor-post-type=\"page\">\n\t\t\t\t<div class=\"elementor-element elementor-element-776cb05 e-flex e-con-boxed e-con e-parent\" data-id=\"776cb05\" data-element_type=\"container\" data-settings=\"{&quot;background_background&quot;:&quot;classic&quot;}\">\n\t\t\t\t\t<div class=\"e-con-inner\">\n\t\t<div class=\"elementor-element elementor-element-79d75a4 e-flex e-con-boxed e-con e-child\" data-id=\"79d75a4\" data-element_type=\"container\">\n\t\t\t\t\t<div class=\"e-con-inner\">\n\t\t\t\t<div class=\"elementor-element elementor-element-651634d elementor-widget elementor-widget-heading\" data-id=\"651634d\" data-element_type=\"widget\" data-widget_type=\"heading.default\">\n\t\t\t\t<div class=\"elementor-widget-container\">\n\t\t\t\t\t<h1 class=\"elementor-heading-title elementor-size-default\">\u00cdndice Europeo de Accesibilidad de las Bolsas de Pl\u00e1stico 2026\n<\/h1>\t\t\t\t<\/div>\n\t\t\t\t<\/div>\n\t\t\t\t\t<\/div>\n\t\t\t\t<\/div>\n\t\t\t\t\t<\/div>\n\t\t\t\t<\/div>\n\t\t<div class=\"elementor-element elementor-element-07f142f e-flex e-con-boxed e-con e-parent\" data-id=\"07f142f\" data-element_type=\"container\" data-settings=\"{&quot;background_background&quot;:&quot;classic&quot;}\">\n\t\t\t\t\t<div class=\"e-con-inner\">\n\t\t\t\t<div class=\"elementor-element elementor-element-dbf9038 elementor-widget elementor-widget-heading\" data-id=\"dbf9038\" data-element_type=\"widget\" data-widget_type=\"heading.default\">\n\t\t\t\t<div class=\"elementor-widget-container\">\n\t\t\t\t\t<h3 class=\"elementor-heading-title elementor-size-default\">INTRODUCCI\u00d3N<\/h3>\t\t\t\t<\/div>\n\t\t\t\t<\/div>\n\t\t\t\t<div class=\"elementor-element elementor-element-a131e2f elementor-widget elementor-widget-text-editor\" data-id=\"a131e2f\" data-element_type=\"widget\" data-widget_type=\"text-editor.default\">\n\t\t\t\t<div class=\"elementor-widget-container\">\n\t\t\t\t\t\t\t\t\t<p><span style=\"font-weight: 400;\">En la carrera por lograr una Europa libre de humo, las bolsas de nicotina se han convertido en una herramienta fundamental para la salud p\u00fablica. Sin embargo, el continente se enfrenta a una encrucijada regulatoria. Mientras algunos pa\u00edses han adoptado la experiencia sueca, utilizando nicotina oral para reducir las tasas de tabaquismo a m\u00ednimos hist\u00f3ricos, otros est\u00e1n construyendo barreras legislativas que amenazan con deshacer d\u00e9cadas de progreso en la reducci\u00f3n de da\u00f1os.<\/span><\/p><p><span style=\"font-weight: 400;\">Los resultados de este \u00edndice revelan una Europa profundamente dividida. Las naciones con un alto rendimiento han logrado distinguir con \u00e9xito las bolsas de nicotina del tabaco combustible, reconociendo que los fumadores adultos necesitan alternativas accesibles, con sabores y asequibles para una transici\u00f3n exitosa hacia el abandono del tabaco. En estas jurisdicciones, los consumidores tienen la capacidad de tomar las riendas de su propia salud mediante un acceso digital y f\u00edsico transparente.<\/span><\/p><p><span style=\"font-weight: 400;\">Por el contrario, una ola de escepticismo infundado recorre actualmente muchas capitales europeas. Asistimos a una tendencia en la que los estados clasifican err\u00f3neamente estos productos sin tabaco como tabaco, o intentan utilizar clasificaciones de &quot;nuevos alimentos&quot; o medicinales para imponer prohibiciones de facto. Estas pol\u00edticas restrictivas no protegen la salud p\u00fablica; en cambio, protegen el statu quo del consumo de cigarrillos al eliminar las v\u00edas de escape m\u00e1s efectivas para los fumadores.<\/span><\/p>\t\t\t\t\t\t\t\t<\/div>\n\t\t\t\t<\/div>\n\t\t\t\t\t<\/div>\n\t\t\t\t<\/div>\n\t\t<div class=\"elementor-element elementor-element-23d79d7 e-flex e-con-boxed e-con e-parent\" data-id=\"23d79d7\" data-element_type=\"container\" data-settings=\"{&quot;background_background&quot;:&quot;classic&quot;}\">\n\t\t\t\t\t<div class=\"e-con-inner\">\n\t\t\t\t<div class=\"elementor-element elementor-element-d610dcc elementor-widget elementor-widget-heading\" data-id=\"d610dcc\" data-element_type=\"widget\" data-widget_type=\"heading.default\">\n\t\t\t\t<div class=\"elementor-widget-container\">\n\t\t\t\t\t<h3 class=\"elementor-heading-title elementor-size-default\">Hallazgos clave<\/h3>\t\t\t\t<\/div>\n\t\t\t\t<\/div>\n\t\t\t\t<div class=\"elementor-element elementor-element-ebf6913 elementor-widget elementor-widget-text-editor\" data-id=\"ebf6913\" data-element_type=\"widget\" data-widget_type=\"text-editor.default\">\n\t\t\t\t<div class=\"elementor-widget-container\">\n\t\t\t\t\t\t\t\t\t<ul><li style=\"font-weight: 400;\" aria-level=\"1\"><b>Suecia asegura el patr\u00f3n oro (70\/70):<\/b><span style=\"font-weight: 400;\"> Suecia sigue siendo el \u00fanico pa\u00eds con una puntuaci\u00f3n perfecta, tras haber diferenciado con \u00e9xito las bolsas de tabaco e incluso haber reducido los impuestos en 20% para recompensar a los fumadores por cambiarse.<\/span><\/li><li style=\"font-weight: 400;\" aria-level=\"1\"><b>Un bloque prohibicionista en crecimiento:<\/b><span style=\"font-weight: 400;\"> Alemania, Pa\u00edses Bajos, B\u00e9lgica, Lituania y Chipre recibieron calificaciones reprobatorias (F) debido a la prohibici\u00f3n total de las ventas minoristas y en l\u00ednea. Estas pol\u00edticas eliminan las v\u00edas de escape m\u00e1s efectivas para los fumadores, protegiendo eficazmente el statu quo del consumo de cigarrillos.<\/span><\/li><li style=\"font-weight: 400;\" aria-level=\"1\"><b>El tira y afloja jur\u00eddico franc\u00e9s:<\/b><span style=\"font-weight: 400;\"> Francia recibi\u00f3 una calificaci\u00f3n reprobatoria a pesar de una reciente suspensi\u00f3n judicial de la prohibici\u00f3n de las bolsas. El \u00cdndice destaca que, incluso con el decreto suspendido, el mercado permanece pr\u00e1cticamente cerrado para los consumidores adultos debido a las interpretaciones restrictivas del C\u00f3digo de Salud P\u00fablica.<\/span><\/li><li style=\"font-weight: 400;\" aria-level=\"1\"><b>Espa\u00f1a como un \u00abcaso extremo\u00bb:<\/b><span style=\"font-weight: 400;\"> La puntuaci\u00f3n de 45 (C) de Espa\u00f1a refleja un alto nivel de incertidumbre legal. Las prohibiciones propuestas de aromas y un l\u00edmite arbitrario de nicotina de 0,99 mg crean una prohibici\u00f3n de facto que limita la elecci\u00f3n y la innovaci\u00f3n en el mercado para los consumidores.<\/span><\/li><\/ul>\t\t\t\t\t\t\t\t<\/div>\n\t\t\t\t<\/div>\n\t\t\t\t\t<\/div>\n\t\t\t\t<\/div>\n\t\t<div class=\"elementor-element elementor-element-0c6072b e-flex e-con-boxed e-con e-parent\" data-id=\"0c6072b\" data-element_type=\"container\" data-settings=\"{&quot;background_background&quot;:&quot;classic&quot;}\">\n\t\t\t\t\t<div class=\"e-con-inner\">\n\t\t\t\t<div class=\"elementor-element elementor-element-fbed9cc elementor-widget elementor-widget-heading\" data-id=\"fbed9cc\" data-element_type=\"widget\" data-widget_type=\"heading.default\">\n\t\t\t\t<div class=\"elementor-widget-container\">\n\t\t\t\t\t<h3 class=\"elementor-heading-title elementor-size-default\">LA VENTAJA DEL ACCESO: EMPODERANDO AL CONSUMIDOR EUROPEO\n<\/h3>\t\t\t\t<\/div>\n\t\t\t\t<\/div>\n\t\t\t\t<div class=\"elementor-element elementor-element-ad849ab elementor-widget elementor-widget-text-editor\" data-id=\"ad849ab\" data-element_type=\"widget\" data-widget_type=\"text-editor.default\">\n\t\t\t\t<div class=\"elementor-widget-container\">\n\t\t\t\t\t\t\t\t\t<p><span style=\"font-weight: 400;\">Los pa\u00edses que obtuvieron una A o A+ en este \u00edndice lideran la reducci\u00f3n de da\u00f1os en Europa. Para los ciudadanos de estas naciones de primera categor\u00eda, los beneficios de un marco regulatorio sensato son evidentes:<\/span><\/p><ul><li style=\"font-weight: 400;\" aria-level=\"1\"><b>Marcos de pol\u00edticas diferenciados:<\/b><span style=\"font-weight: 400;\"> Al distinguir con precisi\u00f3n las bolsas del tabaco, estos estados pueden ofrecer a los consumidores una educaci\u00f3n honesta sobre los riesgos relativos.<\/span><\/li><li style=\"font-weight: 400;\" aria-level=\"1\"><b>Incentivos econ\u00f3micos para la salud:<\/b><span style=\"font-weight: 400;\"> Los impuestos proporcionales al riesgo garantizan que las bolsitas sigan siendo una opci\u00f3n m\u00e1s asequible que los cigarrillos letales, recompensando econ\u00f3micamente a quienes hacen el cambio.<\/span><\/li><li style=\"font-weight: 400;\" aria-level=\"1\"><b>Retenci\u00f3n a trav\u00e9s de la variedad:<\/b><span style=\"font-weight: 400;\"> Proteger las opciones de sabor es esencial para garantizar que los ex fumadores no regresen al tabaco, ya que el sabor es un factor principal para el abandono del h\u00e1bito a largo plazo.<\/span><\/li><li style=\"font-weight: 400;\" aria-level=\"1\"><b>Cadenas de suministro ininterrumpidas:<\/b><span style=\"font-weight: 400;\"> La accesibilidad s\u00f3lida en l\u00ednea y en los comercios minoristas garantiza que los fumadores en zonas rurales o marginadas no se queden atr\u00e1s en la transici\u00f3n hacia alternativas m\u00e1s seguras.<\/span><\/li><li style=\"font-weight: 400;\" aria-level=\"1\"><b>Apoyando la innovaci\u00f3n local:<\/b><span style=\"font-weight: 400;\"> Unas normas justas para los puntos de venta permiten a los minoristas independientes servir a sus comunidades sin el peso aplastante de las restricciones del monopolio del tabaco.<\/span><\/li><\/ul><p>\u00a0<\/p><p><span style=\"font-weight: 400;\">Cuando los Estados optan por la clasificaci\u00f3n err\u00f3nea y la prohibici\u00f3n, defraudan a sus ciudadanos m\u00e1s vulnerables. La innovaci\u00f3n es la \u00fanica v\u00eda viable para una Europa sin humo.<\/span><\/p>\t\t\t\t\t\t\t\t<\/div>\n\t\t\t\t<\/div>\n\t\t\t\t\t<\/div>\n\t\t\t\t<\/div>\n\t\t<div class=\"elementor-element elementor-element-5a47002 e-flex e-con-boxed e-con e-parent\" data-id=\"5a47002\" data-element_type=\"container\">\n\t\t\t\t\t<div class=\"e-con-inner\">\n\t\t\t\t<div class=\"elementor-element elementor-element-d03b089 elementor-align-center elementor-widget elementor-widget-button\" data-id=\"d03b089\" data-element_type=\"widget\" data-widget_type=\"button.default\">\n\t\t\t\t<div class=\"elementor-widget-container\">\n\t\t\t\t\t\t\t\t\t<div class=\"elementor-button-wrapper\">\n\t\t\t\t\t<a class=\"elementor-button elementor-button-link elementor-size-sm\" href=\"https:\/\/consideratepouchers.org\/wp-content\/uploads\/2026\/02\/EPAI26.pdf\" target=\"_blank\">\n\t\t\t\t\t\t<span class=\"elementor-button-content-wrapper\">\n\t\t\t\t\t\t\t\t\t<span class=\"elementor-button-text\">Descargar art\u00edculo completo con Metodolog\u00eda<\/span>\n\t\t\t\t\t<\/span>\n\t\t\t\t\t<\/a>\n\t\t\t\t<\/div>\n\t\t\t\t\t\t\t\t<\/div>\n\t\t\t\t<\/div>\n\t\t\t\t\t<\/div>\n\t\t\t\t<\/div>\n\t\t<div class=\"elementor-element elementor-element-bc56589 e-flex e-con-boxed e-con e-parent\" data-id=\"bc56589\" data-element_type=\"container\">\n\t\t\t\t\t<div class=\"e-con-inner\">\n\t\t\t\t\t<\/div>\n\t\t\t\t<\/div>\n\t\t<div class=\"elementor-element elementor-element-1afb5bf e-flex e-con-boxed e-con e-parent\" data-id=\"1afb5bf\" data-element_type=\"container\">\n\t\t\t\t\t<div class=\"e-con-inner\">\n\t\t\t\t<div class=\"elementor-element elementor-element-845e96c elementor-widget elementor-widget-heading\" data-id=\"845e96c\" data-element_type=\"widget\" data-widget_type=\"heading.default\">\n\t\t\t\t<div class=\"elementor-widget-container\">\n\t\t\t\t\t<h2 class=\"elementor-heading-title elementor-size-default\">Autor<\/h2>\t\t\t\t<\/div>\n\t\t\t\t<\/div>\n\t\t\t\t<div class=\"elementor-element elementor-element-13b13e9 elementor-widget elementor-widget-spacer\" data-id=\"13b13e9\" data-element_type=\"widget\" data-widget_type=\"spacer.default\">\n\t\t\t\t<div class=\"elementor-widget-container\">\n\t\t\t\t\t\t\t<div class=\"elementor-spacer\">\n\t\t\t<div class=\"elementor-spacer-inner\"><\/div>\n\t\t<\/div>\n\t\t\t\t\t\t<\/div>\n\t\t\t\t<\/div>\n\t\t\t\t<div class=\"elementor-element elementor-element-01428f8 elementor-author-box--layout-image-above elementor-author-box--align-center elementor-widget elementor-widget-author-box\" data-id=\"01428f8\" data-element_type=\"widget\" data-widget_type=\"author-box.default\">\n\t\t\t\t<div class=\"elementor-widget-container\">\n\t\t\t\t\t\t\t<div class=\"elementor-author-box\">\n\t\t\t\t\t\t\t<div  class=\"elementor-author-box__avatar\">\n\t\t\t\t\t<img decoding=\"async\" src=\"https:\/\/consideratepouchers.org\/wp-content\/uploads\/2025\/04\/CP_JU-300x300.png\" alt=\"Picture of Juan Taborcia\" loading=\"lazy\">\n\t\t\t\t<\/div>\n\t\t\t\n\t\t\t<div class=\"elementor-author-box__text\">\n\t\t\t\t\t\t\t\t\t<div >\n\t\t\t\t\t\t<h4 class=\"elementor-author-box__name\">\n\t\t\t\t\t\t\tJuan Taborcia\t\t\t\t\t\t<\/h4>\n\t\t\t\t\t<\/div>\n\t\t\t\t\n\t\t\t\t\t\t\t\t\t<div class=\"elementor-author-box__bio\">\n\t\t\t\t\t\t<p>Portavoz global<\/p>\n\t\t\t\t\t<\/div>\n\t\t\t\t\n\t\t\t\t\t\t\t<\/div>\n\t\t<\/div>\n\t\t\t\t\t\t<\/div>\n\t\t\t\t<\/div>\n\t\t\t\t\t<\/div>\n\t\t\t\t<\/div>\n\t\t\t\t<\/div>","protected":false},"excerpt":{"rendered":"<p>\u00cdndice Europeo de Accesibilidad a las Bolsas 2026 INTRODUCCI\u00d3N En la carrera por lograr una Europa libre de humo, las bolsas de nicotina se han convertido en una herramienta fundamental para la salud p\u00fablica. Sin embargo, el continente se enfrenta a una encrucijada regulatoria. Mientras que algunos pa\u00edses han adoptado la experiencia sueca, utilizando nicotina oral para reducir las tasas de tabaquismo a m\u00ednimos hist\u00f3ricos, otros est\u00e1n construyendo barreras legislativas que [\u2026]<\/p>","protected":false},"author":10,"featured_media":0,"parent":0,"menu_order":0,"comment_status":"closed","ping_status":"closed","template":"elementor_header_footer","meta":{"footnotes":""},"class_list":["post-3717","page","type-page","status-publish","hentry"],"yoast_head":"<!-- This site is optimized with the Yoast SEO plugin v25.0 - https:\/\/yoast.com\/wordpress\/plugins\/seo\/ -->\n<title>European Pouch Accessibility Index 2026 - Considerate Pouchers<\/title>\n<meta name=\"robots\" content=\"index, follow, max-snippet:-1, max-image-preview:large, max-video-preview:-1\" \/>\n<link rel=\"canonical\" href=\"https:\/\/consideratepouchers.org\/es\/indice-europeo-de-accesibilidad-de-las-bolsas-de-plastico-2026\/\" \/>\n<meta property=\"og:locale\" content=\"es_ES\" \/>\n<meta property=\"og:type\" content=\"article\" \/>\n<meta property=\"og:title\" content=\"European Pouch Accessibility Index 2026 - Considerate Pouchers\" \/>\n<meta property=\"og:description\" content=\"European Pouch Accessibility Index 2026 INTRODUCTION In the race to make Europe smoke-free, nicotine pouches have emerged as a pivotal tool for public health. However, the continent faces a regulatory crossroads. While some nations have embraced the Swedish experience, utilizing oral nicotine to drive smoking rates toward historic lows, others are constructing legislative barriers that [&hellip;]\" \/>\n<meta property=\"og:url\" content=\"https:\/\/consideratepouchers.org\/es\/indice-europeo-de-accesibilidad-de-las-bolsas-de-plastico-2026\/\" \/>\n<meta property=\"og:site_name\" content=\"Considerate Pouchers\" \/>\n<meta property=\"article:publisher\" content=\"https:\/\/www.facebook.com\/cpouchers\" \/>\n<meta property=\"article:modified_time\" content=\"2026-02-25T09:29:04+00:00\" \/>\n<meta name=\"twitter:card\" content=\"summary_large_image\" \/>\n<meta name=\"twitter:site\" content=\"@CPouchers\" \/>\n<meta name=\"twitter:label1\" content=\"Est. reading time\" \/>\n\t<meta name=\"twitter:data1\" content=\"3 minutos\" \/>\n<script type=\"application\/ld+json\" class=\"yoast-schema-graph\">{\"@context\":\"https:\/\/schema.org\",\"@graph\":[{\"@type\":\"WebPage\",\"@id\":\"https:\/\/consideratepouchers.org\/european-pouch-accessibility-index-2026\/\",\"url\":\"https:\/\/consideratepouchers.org\/european-pouch-accessibility-index-2026\/\",\"name\":\"European Pouch Accessibility Index 2026 - Considerate Pouchers\",\"isPartOf\":{\"@id\":\"https:\/\/consideratepouchers.org\/#website\"},\"datePublished\":\"2026-02-19T16:27:43+00:00\",\"dateModified\":\"2026-02-25T09:29:04+00:00\",\"breadcrumb\":{\"@id\":\"https:\/\/consideratepouchers.org\/european-pouch-accessibility-index-2026\/#breadcrumb\"},\"inLanguage\":\"es\",\"potentialAction\":[{\"@type\":\"ReadAction\",\"target\":[\"https:\/\/consideratepouchers.org\/european-pouch-accessibility-index-2026\/\"]}]},{\"@type\":\"BreadcrumbList\",\"@id\":\"https:\/\/consideratepouchers.org\/european-pouch-accessibility-index-2026\/#breadcrumb\",\"itemListElement\":[{\"@type\":\"ListItem\",\"position\":1,\"name\":\"Home\",\"item\":\"https:\/\/consideratepouchers.org\/\"},{\"@type\":\"ListItem\",\"position\":2,\"name\":\"European Pouch Accessibility Index 2026\"}]},{\"@type\":\"WebSite\",\"@id\":\"https:\/\/consideratepouchers.org\/#website\",\"url\":\"https:\/\/consideratepouchers.org\/\",\"name\":\"Considerate Pouchers\",\"description\":\"Improving Health &amp; Combatting Misinformation\",\"publisher\":{\"@id\":\"https:\/\/consideratepouchers.org\/#organization\"},\"potentialAction\":[{\"@type\":\"SearchAction\",\"target\":{\"@type\":\"EntryPoint\",\"urlTemplate\":\"https:\/\/consideratepouchers.org\/?s={search_term_string}\"},\"query-input\":{\"@type\":\"PropertyValueSpecification\",\"valueRequired\":true,\"valueName\":\"search_term_string\"}}],\"inLanguage\":\"es\"},{\"@type\":\"Organization\",\"@id\":\"https:\/\/consideratepouchers.org\/#organization\",\"name\":\"Considerate Pouchers\",\"url\":\"https:\/\/consideratepouchers.org\/\",\"logo\":{\"@type\":\"ImageObject\",\"inLanguage\":\"es\",\"@id\":\"https:\/\/consideratepouchers.org\/#\/schema\/logo\/image\/\",\"url\":\"https:\/\/consideratepouchers.com\/wp-content\/uploads\/2021\/07\/Considerate-Pouchers-lOGO.png\",\"contentUrl\":\"https:\/\/consideratepouchers.com\/wp-content\/uploads\/2021\/07\/Considerate-Pouchers-lOGO.png\",\"width\":504,\"height\":504,\"caption\":\"Considerate Pouchers\"},\"image\":{\"@id\":\"https:\/\/consideratepouchers.org\/#\/schema\/logo\/image\/\"},\"sameAs\":[\"https:\/\/www.facebook.com\/cpouchers\",\"https:\/\/x.com\/CPouchers\",\"https:\/\/www.instagram.com\/cpouchers\"]}]}<\/script>\n<!-- \/ Yoast SEO plugin. -->","yoast_head_json":{"title":"European Pouch Accessibility Index 2026 - Considerate Pouchers","robots":{"index":"index","follow":"follow","max-snippet":"max-snippet:-1","max-image-preview":"max-image-preview:large","max-video-preview":"max-video-preview:-1"},"canonical":"https:\/\/consideratepouchers.org\/es\/indice-europeo-de-accesibilidad-de-las-bolsas-de-plastico-2026\/","og_locale":"es_ES","og_type":"article","og_title":"European Pouch Accessibility Index 2026 - Considerate Pouchers","og_description":"European Pouch Accessibility Index 2026 INTRODUCTION In the race to make Europe smoke-free, nicotine pouches have emerged as a pivotal tool for public health. However, the continent faces a regulatory crossroads. While some nations have embraced the Swedish experience, utilizing oral nicotine to drive smoking rates toward historic lows, others are constructing legislative barriers that [&hellip;]","og_url":"https:\/\/consideratepouchers.org\/es\/indice-europeo-de-accesibilidad-de-las-bolsas-de-plastico-2026\/","og_site_name":"Considerate Pouchers","article_publisher":"https:\/\/www.facebook.com\/cpouchers","article_modified_time":"2026-02-25T09:29:04+00:00","twitter_card":"summary_large_image","twitter_site":"@CPouchers","twitter_misc":{"Est. reading time":"3 minutos"},"schema":{"@context":"https:\/\/schema.org","@graph":[{"@type":"WebPage","@id":"https:\/\/consideratepouchers.org\/european-pouch-accessibility-index-2026\/","url":"https:\/\/consideratepouchers.org\/european-pouch-accessibility-index-2026\/","name":"European Pouch Accessibility Index 2026 - Considerate Pouchers","isPartOf":{"@id":"https:\/\/consideratepouchers.org\/#website"},"datePublished":"2026-02-19T16:27:43+00:00","dateModified":"2026-02-25T09:29:04+00:00","breadcrumb":{"@id":"https:\/\/consideratepouchers.org\/european-pouch-accessibility-index-2026\/#breadcrumb"},"inLanguage":"es","potentialAction":[{"@type":"ReadAction","target":["https:\/\/consideratepouchers.org\/european-pouch-accessibility-index-2026\/"]}]},{"@type":"BreadcrumbList","@id":"https:\/\/consideratepouchers.org\/european-pouch-accessibility-index-2026\/#breadcrumb","itemListElement":[{"@type":"ListItem","position":1,"name":"Home","item":"https:\/\/consideratepouchers.org\/"},{"@type":"ListItem","position":2,"name":"European Pouch Accessibility Index 2026"}]},{"@type":"WebSite","@id":"https:\/\/consideratepouchers.org\/#website","url":"https:\/\/consideratepouchers.org\/","name":"Considerate Pouchers","description":"Improving Health &amp; Combatting Misinformation","publisher":{"@id":"https:\/\/consideratepouchers.org\/#organization"},"potentialAction":[{"@type":"SearchAction","target":{"@type":"EntryPoint","urlTemplate":"https:\/\/consideratepouchers.org\/?s={search_term_string}"},"query-input":{"@type":"PropertyValueSpecification","valueRequired":true,"valueName":"search_term_string"}}],"inLanguage":"es"},{"@type":"Organization","@id":"https:\/\/consideratepouchers.org\/#organization","name":"Considerate Pouchers","url":"https:\/\/consideratepouchers.org\/","logo":{"@type":"ImageObject","inLanguage":"es","@id":"https:\/\/consideratepouchers.org\/#\/schema\/logo\/image\/","url":"https:\/\/consideratepouchers.com\/wp-content\/uploads\/2021\/07\/Considerate-Pouchers-lOGO.png","contentUrl":"https:\/\/consideratepouchers.com\/wp-content\/uploads\/2021\/07\/Considerate-Pouchers-lOGO.png","width":504,"height":504,"caption":"Considerate Pouchers"},"image":{"@id":"https:\/\/consideratepouchers.org\/#\/schema\/logo\/image\/"},"sameAs":["https:\/\/www.facebook.com\/cpouchers","https:\/\/x.com\/CPouchers","https:\/\/www.instagram.com\/cpouchers"]}]}},"_links":{"self":[{"href":"https:\/\/consideratepouchers.org\/es\/wp-json\/wp\/v2\/pages\/3717","targetHints":{"allow":["GET"]}}],"collection":[{"href":"https:\/\/consideratepouchers.org\/es\/wp-json\/wp\/v2\/pages"}],"about":[{"href":"https:\/\/consideratepouchers.org\/es\/wp-json\/wp\/v2\/types\/page"}],"author":[{"embeddable":true,"href":"https:\/\/consideratepouchers.org\/es\/wp-json\/wp\/v2\/users\/10"}],"replies":[{"embeddable":true,"href":"https:\/\/consideratepouchers.org\/es\/wp-json\/wp\/v2\/comments?post=3717"}],"version-history":[{"count":0,"href":"https:\/\/consideratepouchers.org\/es\/wp-json\/wp\/v2\/pages\/3717\/revisions"}],"wp:attachment":[{"href":"https:\/\/consideratepouchers.org\/es\/wp-json\/wp\/v2\/media?parent=3717"}],"curies":[{"name":"wp","href":"https:\/\/api.w.org\/{rel}","templated":true}]}}