{"id":3717,"date":"2026-02-19T16:27:43","date_gmt":"2026-02-19T16:27:43","guid":{"rendered":"https:\/\/consideratepouchers.org\/?page_id=3717"},"modified":"2026-02-25T09:29:04","modified_gmt":"2026-02-25T09:29:04","slug":"european-pouch-accessibility-index-2026","status":"publish","type":"page","link":"https:\/\/consideratepouchers.org\/fi\/euroopan-pussien-esteettomyysindeksi-2026\/","title":{"rendered":"Euroopan k\u00e4silaukkujen esteett\u00f6myysindeksi 2026"},"content":{"rendered":"<div data-elementor-type=\"wp-page\" data-elementor-id=\"3717\" class=\"elementor elementor-3717\" data-elementor-post-type=\"page\">\n\t\t\t\t<div class=\"elementor-element elementor-element-776cb05 e-flex e-con-boxed e-con e-parent\" data-id=\"776cb05\" data-element_type=\"container\" data-settings=\"{&quot;background_background&quot;:&quot;classic&quot;}\">\n\t\t\t\t\t<div class=\"e-con-inner\">\n\t\t<div class=\"elementor-element elementor-element-79d75a4 e-flex e-con-boxed e-con e-child\" data-id=\"79d75a4\" data-element_type=\"container\">\n\t\t\t\t\t<div class=\"e-con-inner\">\n\t\t\t\t<div class=\"elementor-element elementor-element-651634d elementor-widget elementor-widget-heading\" data-id=\"651634d\" data-element_type=\"widget\" data-widget_type=\"heading.default\">\n\t\t\t\t<div class=\"elementor-widget-container\">\n\t\t\t\t\t<h1 class=\"elementor-heading-title elementor-size-default\">Euroopan k\u00e4silaukkujen esteett\u00f6myysindeksi 2026\n<\/h1>\t\t\t\t<\/div>\n\t\t\t\t<\/div>\n\t\t\t\t\t<\/div>\n\t\t\t\t<\/div>\n\t\t\t\t\t<\/div>\n\t\t\t\t<\/div>\n\t\t<div class=\"elementor-element elementor-element-07f142f e-flex e-con-boxed e-con e-parent\" data-id=\"07f142f\" data-element_type=\"container\" data-settings=\"{&quot;background_background&quot;:&quot;classic&quot;}\">\n\t\t\t\t\t<div class=\"e-con-inner\">\n\t\t\t\t<div class=\"elementor-element elementor-element-dbf9038 elementor-widget elementor-widget-heading\" data-id=\"dbf9038\" data-element_type=\"widget\" data-widget_type=\"heading.default\">\n\t\t\t\t<div class=\"elementor-widget-container\">\n\t\t\t\t\t<h3 class=\"elementor-heading-title elementor-size-default\">JOHDANTO<\/h3>\t\t\t\t<\/div>\n\t\t\t\t<\/div>\n\t\t\t\t<div class=\"elementor-element elementor-element-a131e2f elementor-widget elementor-widget-text-editor\" data-id=\"a131e2f\" data-element_type=\"widget\" data-widget_type=\"text-editor.default\">\n\t\t\t\t<div class=\"elementor-widget-container\">\n\t\t\t\t\t\t\t\t\t<p><span style=\"font-weight: 400;\">Nikotiinipusseista on tullut keskeinen kansanterveyden edist\u00e4misen v\u00e4line Euroopan savuttomuuden edist\u00e4miseksi. Euroopan unioni on kuitenkin s\u00e4\u00e4ntelyn tienhaarassa. Jotkut maat ovat omaksuneet Ruotsin kokemuksen ja k\u00e4ytt\u00e4neet suun kautta otettavaa nikotiinia tupakoinnin v\u00e4hent\u00e4miseen historiallisen alhaiselle tasolle, kun taas toiset rakentavat lains\u00e4\u00e4d\u00e4nn\u00f6llisi\u00e4 esteit\u00e4, jotka uhkaavat mit\u00e4t\u00f6id\u00e4 vuosikymmenten edistyksen haittojen v\u00e4hent\u00e4misess\u00e4.<\/span><\/p><p><span style=\"font-weight: 400;\">T\u00e4m\u00e4n indeksin tulokset paljastavat jyrk\u00e4sti jakautuneen Euroopan. Huippusuoriutujat ovat onnistuneet erottamaan nikotiinipussit palavasta tupakasta ja tunnustaneet, ett\u00e4 aikuiset tupakoitsijat tarvitsevat helposti saatavilla olevia, maustettuja ja kohtuuhintaisia vaihtoehtoja voidakseen siirty\u00e4 pois savukkeista. N\u00e4iss\u00e4 laink\u00e4ytt\u00f6alueissa kuluttajilla on mahdollisuus ottaa vastuu omasta terveydest\u00e4\u00e4n selke\u00e4n digitaalisen ja fyysisen saatavuuden avulla.<\/span><\/p><p><span style=\"font-weight: 400;\">Toisaalta perusteettoman skeptisyyden aalto pyyhk\u00e4isee parhaillaan monien Euroopan p\u00e4\u00e4kaupunkien l\u00e4pi. N\u00e4emme trendin, jossa valtiot luokittelevat n\u00e4m\u00e4 savuttomat tuotteet virheellisesti tupakaksi tai yritt\u00e4v\u00e4t k\u00e4ytt\u00e4\u00e4 &quot;uuselintarvike&quot;- tai l\u00e4\u00e4keluokituksia tosiasiallisten kieltojen t\u00e4yt\u00e4nt\u00f6\u00f6npanoon. N\u00e4m\u00e4 rajoittavat politiikat eiv\u00e4t suojele kansanterveytt\u00e4; sen sijaan ne suojelevat savukkeiden kulutuksen nykytilaa poistamalla tehokkaimmat tupakoitsijoiden pys\u00e4hdyspaikat.<\/span><\/p>\t\t\t\t\t\t\t\t<\/div>\n\t\t\t\t<\/div>\n\t\t\t\t\t<\/div>\n\t\t\t\t<\/div>\n\t\t<div class=\"elementor-element elementor-element-23d79d7 e-flex e-con-boxed e-con e-parent\" data-id=\"23d79d7\" data-element_type=\"container\" data-settings=\"{&quot;background_background&quot;:&quot;classic&quot;}\">\n\t\t\t\t\t<div class=\"e-con-inner\">\n\t\t\t\t<div class=\"elementor-element elementor-element-d610dcc elementor-widget elementor-widget-heading\" data-id=\"d610dcc\" data-element_type=\"widget\" data-widget_type=\"heading.default\">\n\t\t\t\t<div class=\"elementor-widget-container\">\n\t\t\t\t\t<h3 class=\"elementor-heading-title elementor-size-default\">Keskeiset havainnot<\/h3>\t\t\t\t<\/div>\n\t\t\t\t<\/div>\n\t\t\t\t<div class=\"elementor-element elementor-element-ebf6913 elementor-widget elementor-widget-text-editor\" data-id=\"ebf6913\" data-element_type=\"widget\" data-widget_type=\"text-editor.default\">\n\t\t\t\t<div class=\"elementor-widget-container\">\n\t\t\t\t\t\t\t\t\t<ul><li style=\"font-weight: 400;\" aria-level=\"1\"><b>Ruotsi varmistaa kultakannan (70\/70):<\/b><span style=\"font-weight: 400;\"> Ruotsi on edelleen ainoa maa, joka on saavuttanut t\u00e4ydellisen pistem\u00e4\u00e4r\u00e4n. Se on onnistuneesti erottanut pussit tupakasta ja jopa alentanut veroja vuoteen 20% menness\u00e4 palkitakseen tupakoitsijoita vaihtamisesta.<\/span><\/li><li style=\"font-weight: 400;\" aria-level=\"1\"><b>Kasvava kieltolain kannattajien blokki:<\/b><span style=\"font-weight: 400;\"> Saksa, Alankomaat, Belgia, Liettua ja Kypros saivat hyl\u00e4tyn arvosanan (F) t\u00e4ydellisten v\u00e4hitt\u00e4ismyynti- ja verkkokauppakieltojen vuoksi. N\u00e4m\u00e4 k\u00e4yt\u00e4nn\u00f6t poistavat tehokkaimmat tupakoitsijoiden &quot;loppuk\u00e4velytiet&quot; ja suojelevat tehokkaasti savukkeiden kulutuksen nykytilaa.<\/span><\/li><li style=\"font-weight: 400;\" aria-level=\"1\"><b>Ranskan oikeudellinen k\u00f6ydenveto:<\/b><span style=\"font-weight: 400;\"> Ranska sai hyl\u00e4tyn arvosanan, vaikka tuomioistuin \u00e4skett\u00e4in lykk\u00e4si sen pussikieltoa. Index korostaa, ett\u00e4 jopa lyk\u00e4tyst\u00e4 p\u00e4\u00e4t\u00f6ksest\u00e4 huolimatta markkinat ovat k\u00e4yt\u00e4nn\u00f6ss\u00e4 suljettuja aikuisilta kuluttajilta kansanterveyslain rajoittavien tulkintojen vuoksi.<\/span><\/li><li style=\"font-weight: 400;\" aria-level=\"1\"><b>Espanja &quot;reunatapauksena&quot;:<\/b><span style=\"font-weight: 400;\"> Espanjan pistem\u00e4\u00e4r\u00e4 45 (C) heijastaa suurta oikeudellista ep\u00e4varmuutta. Ehdotetut makukiellot ja mielivaltainen 0,99 mg:n nikotiinikatto luovat tosiasiallisen kiellon, joka tukahduttaa kuluttajien valinnanvaraa ja markkinoiden innovaatioita.<\/span><\/li><\/ul>\t\t\t\t\t\t\t\t<\/div>\n\t\t\t\t<\/div>\n\t\t\t\t\t<\/div>\n\t\t\t\t<\/div>\n\t\t<div class=\"elementor-element elementor-element-0c6072b e-flex e-con-boxed e-con e-parent\" data-id=\"0c6072b\" data-element_type=\"container\" data-settings=\"{&quot;background_background&quot;:&quot;classic&quot;}\">\n\t\t\t\t\t<div class=\"e-con-inner\">\n\t\t\t\t<div class=\"elementor-element elementor-element-fbed9cc elementor-widget elementor-widget-heading\" data-id=\"fbed9cc\" data-element_type=\"widget\" data-widget_type=\"heading.default\">\n\t\t\t\t<div class=\"elementor-widget-container\">\n\t\t\t\t\t<h3 class=\"elementor-heading-title elementor-size-default\">P\u00c4\u00c4SYN ETU: EUROOPPALAISEN KULUTTAJAN VOIMAANTUMINEN\n<\/h3>\t\t\t\t<\/div>\n\t\t\t\t<\/div>\n\t\t\t\t<div class=\"elementor-element elementor-element-ad849ab elementor-widget elementor-widget-text-editor\" data-id=\"ad849ab\" data-element_type=\"widget\" data-widget_type=\"text-editor.default\">\n\t\t\t\t<div class=\"elementor-widget-container\">\n\t\t\t\t\t\t\t\t\t<p><span style=\"font-weight: 400;\">Maat, jotka saavuttivat t\u00e4ss\u00e4 indeksiss\u00e4 arvosanan A tai A+, ovat edell\u00e4k\u00e4vij\u00f6it\u00e4 haittojen v\u00e4hent\u00e4misess\u00e4 Euroopassa. N\u00e4iden k\u00e4rkimaiden kansalaisille j\u00e4rkev\u00e4n s\u00e4\u00e4ntelykehyksen hy\u00f6dyt ovat selv\u00e4t:<\/span><\/p><ul><li style=\"font-weight: 400;\" aria-level=\"1\"><b>Eriytetyt toimintakehykset:<\/b><span style=\"font-weight: 400;\"> Erottamalla pussit tarkasti tupakasta n\u00e4m\u00e4 osavaltiot voivat tarjota kuluttajille rehellist\u00e4 tietoa suhteellisista riskeist\u00e4.<\/span><\/li><li style=\"font-weight: 400;\" aria-level=\"1\"><b>Terveydenhuollon taloudelliset kannustimet:<\/b><span style=\"font-weight: 400;\"> Riskisuhteinen verotus varmistaa, ett\u00e4 pussit ovat edelleen tappavia savukkeita edullisempi vaihtoehto, mik\u00e4 palkitsee taloudellisesti niit\u00e4, jotka vaihtavat savukkeeseen.<\/span><\/li><li style=\"font-weight: 400;\" aria-level=\"1\"><b>S\u00e4ilyvyys monimuotoisuuden kautta:<\/b><span style=\"font-weight: 400;\"> Makuvaihtoehtojen suojaaminen on olennaista sen varmistamiseksi, ett\u00e4 entiset tupakoitsijat eiv\u00e4t palaa tupakan pariin, sill\u00e4 maku on ensisijainen tekij\u00e4 pitk\u00e4aikaisessa lopettamisessa.<\/span><\/li><li style=\"font-weight: 400;\" aria-level=\"1\"><b>Keskeytym\u00e4tt\u00f6m\u00e4t toimitusketjut:<\/b><span style=\"font-weight: 400;\"> Vankka verkko- ja v\u00e4hitt\u00e4iskaupan saatavuus varmistaa, ett\u00e4 maaseudun tai alipalveltujen alueiden tupakoitsijat eiv\u00e4t j\u00e4\u00e4 j\u00e4lkeen siirtymisess\u00e4 turvallisempiin vaihtoehtoihin.<\/span><\/li><li style=\"font-weight: 400;\" aria-level=\"1\"><b>Paikallisen innovaation tukeminen:<\/b><span style=\"font-weight: 400;\"> Oikeudenmukaiset myyntipistes\u00e4\u00e4nn\u00f6t antavat itsen\u00e4isille v\u00e4hitt\u00e4iskauppiaille mahdollisuuden palvella yhteis\u00f6j\u00e4\u00e4n ilman tupakkamonopolirajoitusten musertavaa taakkaa.<\/span><\/li><\/ul><p>\u00a0<\/p><p><span style=\"font-weight: 400;\">Kun valtiot valitsevat virheellisen luokittelun ja kiellon, ne pett\u00e4v\u00e4t haavoittuvimmat kansalaisensa. Innovaatio on ainoa mahdollinen tie savuttomaan Eurooppaan.<\/span><\/p>\t\t\t\t\t\t\t\t<\/div>\n\t\t\t\t<\/div>\n\t\t\t\t\t<\/div>\n\t\t\t\t<\/div>\n\t\t<div class=\"elementor-element elementor-element-5a47002 e-flex e-con-boxed e-con e-parent\" data-id=\"5a47002\" data-element_type=\"container\">\n\t\t\t\t\t<div class=\"e-con-inner\">\n\t\t\t\t<div class=\"elementor-element elementor-element-d03b089 elementor-align-center elementor-widget elementor-widget-button\" data-id=\"d03b089\" data-element_type=\"widget\" data-widget_type=\"button.default\">\n\t\t\t\t<div class=\"elementor-widget-container\">\n\t\t\t\t\t\t\t\t\t<div class=\"elementor-button-wrapper\">\n\t\t\t\t\t<a class=\"elementor-button elementor-button-link elementor-size-sm\" href=\"https:\/\/consideratepouchers.org\/wp-content\/uploads\/2026\/02\/EPAI26.pdf\" target=\"_blank\">\n\t\t\t\t\t\t<span class=\"elementor-button-content-wrapper\">\n\t\t\t\t\t\t\t\t\t<span class=\"elementor-button-text\">Lataa koko artikkeli metodologian kanssa<\/span>\n\t\t\t\t\t<\/span>\n\t\t\t\t\t<\/a>\n\t\t\t\t<\/div>\n\t\t\t\t\t\t\t\t<\/div>\n\t\t\t\t<\/div>\n\t\t\t\t\t<\/div>\n\t\t\t\t<\/div>\n\t\t<div class=\"elementor-element elementor-element-bc56589 e-flex e-con-boxed e-con e-parent\" data-id=\"bc56589\" data-element_type=\"container\">\n\t\t\t\t\t<div class=\"e-con-inner\">\n\t\t\t\t\t<\/div>\n\t\t\t\t<\/div>\n\t\t<div class=\"elementor-element elementor-element-1afb5bf e-flex e-con-boxed e-con e-parent\" data-id=\"1afb5bf\" data-element_type=\"container\">\n\t\t\t\t\t<div class=\"e-con-inner\">\n\t\t\t\t<div class=\"elementor-element elementor-element-845e96c elementor-widget elementor-widget-heading\" data-id=\"845e96c\" data-element_type=\"widget\" data-widget_type=\"heading.default\">\n\t\t\t\t<div class=\"elementor-widget-container\">\n\t\t\t\t\t<h2 class=\"elementor-heading-title elementor-size-default\">Tekij\u00e4<\/h2>\t\t\t\t<\/div>\n\t\t\t\t<\/div>\n\t\t\t\t<div class=\"elementor-element elementor-element-13b13e9 elementor-widget elementor-widget-spacer\" data-id=\"13b13e9\" data-element_type=\"widget\" data-widget_type=\"spacer.default\">\n\t\t\t\t<div class=\"elementor-widget-container\">\n\t\t\t\t\t\t\t<div class=\"elementor-spacer\">\n\t\t\t<div class=\"elementor-spacer-inner\"><\/div>\n\t\t<\/div>\n\t\t\t\t\t\t<\/div>\n\t\t\t\t<\/div>\n\t\t\t\t<div class=\"elementor-element elementor-element-01428f8 elementor-author-box--layout-image-above elementor-author-box--align-center elementor-widget elementor-widget-author-box\" data-id=\"01428f8\" data-element_type=\"widget\" data-widget_type=\"author-box.default\">\n\t\t\t\t<div class=\"elementor-widget-container\">\n\t\t\t\t\t\t\t<div class=\"elementor-author-box\">\n\t\t\t\t\t\t\t<div  class=\"elementor-author-box__avatar\">\n\t\t\t\t\t<img decoding=\"async\" src=\"https:\/\/consideratepouchers.org\/wp-content\/uploads\/2025\/04\/CP_JU-300x300.png\" alt=\"Picture of Juan Taborcia\" loading=\"lazy\">\n\t\t\t\t<\/div>\n\t\t\t\n\t\t\t<div class=\"elementor-author-box__text\">\n\t\t\t\t\t\t\t\t\t<div >\n\t\t\t\t\t\t<h4 class=\"elementor-author-box__name\">\n\t\t\t\t\t\t\tJuan Taborcia\t\t\t\t\t\t<\/h4>\n\t\t\t\t\t<\/div>\n\t\t\t\t\n\t\t\t\t\t\t\t\t\t<div class=\"elementor-author-box__bio\">\n\t\t\t\t\t\t<p>Globaali tiedottaja<\/p>\n\t\t\t\t\t<\/div>\n\t\t\t\t\n\t\t\t\t\t\t\t<\/div>\n\t\t<\/div>\n\t\t\t\t\t\t<\/div>\n\t\t\t\t<\/div>\n\t\t\t\t\t<\/div>\n\t\t\t\t<\/div>\n\t\t\t\t<\/div>","protected":false},"excerpt":{"rendered":"<p>Euroopan pussien esteett\u00f6myysindeksi 2026 JOHDANTO Nikotiinipusseista on tullut keskeinen kansanterveyden v\u00e4line Euroopan savuttomuuden edist\u00e4miseksi. Manner on kuitenkin s\u00e4\u00e4ntelyn tienhaarassa. Jotkut maat ovat omaksuneet Ruotsin kokemuksen ja k\u00e4ytt\u00e4neet suun kautta otettavaa nikotiinia tupakoinnin v\u00e4hent\u00e4miseen historiallisen alhaiselle tasolle, kun taas toiset rakentavat lains\u00e4\u00e4d\u00e4nn\u00f6llisi\u00e4 esteit\u00e4, jotka [\u2026]<\/p>","protected":false},"author":10,"featured_media":0,"parent":0,"menu_order":0,"comment_status":"closed","ping_status":"closed","template":"elementor_header_footer","meta":{"footnotes":""},"class_list":["post-3717","page","type-page","status-publish","hentry"],"yoast_head":"<!-- This site is optimized with the Yoast SEO plugin v25.0 - https:\/\/yoast.com\/wordpress\/plugins\/seo\/ -->\n<title>European Pouch Accessibility Index 2026 - Considerate Pouchers<\/title>\n<meta name=\"robots\" content=\"index, follow, max-snippet:-1, max-image-preview:large, max-video-preview:-1\" \/>\n<link rel=\"canonical\" href=\"https:\/\/consideratepouchers.org\/fi\/euroopan-pussien-esteettomyysindeksi-2026\/\" \/>\n<meta property=\"og:locale\" content=\"fi_FI\" \/>\n<meta property=\"og:type\" content=\"article\" \/>\n<meta property=\"og:title\" content=\"European Pouch Accessibility Index 2026 - Considerate Pouchers\" \/>\n<meta property=\"og:description\" content=\"European Pouch Accessibility Index 2026 INTRODUCTION In the race to make Europe smoke-free, nicotine pouches have emerged as a pivotal tool for public health. However, the continent faces a regulatory crossroads. While some nations have embraced the Swedish experience, utilizing oral nicotine to drive smoking rates toward historic lows, others are constructing legislative barriers that [&hellip;]\" \/>\n<meta property=\"og:url\" content=\"https:\/\/consideratepouchers.org\/fi\/euroopan-pussien-esteettomyysindeksi-2026\/\" \/>\n<meta property=\"og:site_name\" content=\"Considerate Pouchers\" \/>\n<meta property=\"article:publisher\" content=\"https:\/\/www.facebook.com\/cpouchers\" \/>\n<meta property=\"article:modified_time\" content=\"2026-02-25T09:29:04+00:00\" \/>\n<meta name=\"twitter:card\" content=\"summary_large_image\" \/>\n<meta name=\"twitter:site\" content=\"@CPouchers\" \/>\n<meta name=\"twitter:label1\" content=\"Arvioitu lukuaika\" \/>\n\t<meta name=\"twitter:data1\" content=\"3 minuuttia\" \/>\n<script type=\"application\/ld+json\" class=\"yoast-schema-graph\">{\"@context\":\"https:\/\/schema.org\",\"@graph\":[{\"@type\":\"WebPage\",\"@id\":\"https:\/\/consideratepouchers.org\/european-pouch-accessibility-index-2026\/\",\"url\":\"https:\/\/consideratepouchers.org\/european-pouch-accessibility-index-2026\/\",\"name\":\"European Pouch Accessibility Index 2026 - Considerate Pouchers\",\"isPartOf\":{\"@id\":\"https:\/\/consideratepouchers.org\/#website\"},\"datePublished\":\"2026-02-19T16:27:43+00:00\",\"dateModified\":\"2026-02-25T09:29:04+00:00\",\"breadcrumb\":{\"@id\":\"https:\/\/consideratepouchers.org\/european-pouch-accessibility-index-2026\/#breadcrumb\"},\"inLanguage\":\"fi\",\"potentialAction\":[{\"@type\":\"ReadAction\",\"target\":[\"https:\/\/consideratepouchers.org\/european-pouch-accessibility-index-2026\/\"]}]},{\"@type\":\"BreadcrumbList\",\"@id\":\"https:\/\/consideratepouchers.org\/european-pouch-accessibility-index-2026\/#breadcrumb\",\"itemListElement\":[{\"@type\":\"ListItem\",\"position\":1,\"name\":\"Home\",\"item\":\"https:\/\/consideratepouchers.org\/\"},{\"@type\":\"ListItem\",\"position\":2,\"name\":\"European Pouch Accessibility Index 2026\"}]},{\"@type\":\"WebSite\",\"@id\":\"https:\/\/consideratepouchers.org\/#website\",\"url\":\"https:\/\/consideratepouchers.org\/\",\"name\":\"Considerate Pouchers\",\"description\":\"Improving Health &amp; Combatting Misinformation\",\"publisher\":{\"@id\":\"https:\/\/consideratepouchers.org\/#organization\"},\"potentialAction\":[{\"@type\":\"SearchAction\",\"target\":{\"@type\":\"EntryPoint\",\"urlTemplate\":\"https:\/\/consideratepouchers.org\/?s={search_term_string}\"},\"query-input\":{\"@type\":\"PropertyValueSpecification\",\"valueRequired\":true,\"valueName\":\"search_term_string\"}}],\"inLanguage\":\"fi\"},{\"@type\":\"Organization\",\"@id\":\"https:\/\/consideratepouchers.org\/#organization\",\"name\":\"Considerate Pouchers\",\"url\":\"https:\/\/consideratepouchers.org\/\",\"logo\":{\"@type\":\"ImageObject\",\"inLanguage\":\"fi\",\"@id\":\"https:\/\/consideratepouchers.org\/#\/schema\/logo\/image\/\",\"url\":\"https:\/\/consideratepouchers.com\/wp-content\/uploads\/2021\/07\/Considerate-Pouchers-lOGO.png\",\"contentUrl\":\"https:\/\/consideratepouchers.com\/wp-content\/uploads\/2021\/07\/Considerate-Pouchers-lOGO.png\",\"width\":504,\"height\":504,\"caption\":\"Considerate Pouchers\"},\"image\":{\"@id\":\"https:\/\/consideratepouchers.org\/#\/schema\/logo\/image\/\"},\"sameAs\":[\"https:\/\/www.facebook.com\/cpouchers\",\"https:\/\/x.com\/CPouchers\",\"https:\/\/www.instagram.com\/cpouchers\"]}]}<\/script>\n<!-- \/ Yoast SEO plugin. -->","yoast_head_json":{"title":"European Pouch Accessibility Index 2026 - Considerate Pouchers","robots":{"index":"index","follow":"follow","max-snippet":"max-snippet:-1","max-image-preview":"max-image-preview:large","max-video-preview":"max-video-preview:-1"},"canonical":"https:\/\/consideratepouchers.org\/fi\/euroopan-pussien-esteettomyysindeksi-2026\/","og_locale":"fi_FI","og_type":"article","og_title":"European Pouch Accessibility Index 2026 - Considerate Pouchers","og_description":"European Pouch Accessibility Index 2026 INTRODUCTION In the race to make Europe smoke-free, nicotine pouches have emerged as a pivotal tool for public health. However, the continent faces a regulatory crossroads. While some nations have embraced the Swedish experience, utilizing oral nicotine to drive smoking rates toward historic lows, others are constructing legislative barriers that [&hellip;]","og_url":"https:\/\/consideratepouchers.org\/fi\/euroopan-pussien-esteettomyysindeksi-2026\/","og_site_name":"Considerate Pouchers","article_publisher":"https:\/\/www.facebook.com\/cpouchers","article_modified_time":"2026-02-25T09:29:04+00:00","twitter_card":"summary_large_image","twitter_site":"@CPouchers","twitter_misc":{"Arvioitu lukuaika":"3 minuuttia"},"schema":{"@context":"https:\/\/schema.org","@graph":[{"@type":"WebPage","@id":"https:\/\/consideratepouchers.org\/european-pouch-accessibility-index-2026\/","url":"https:\/\/consideratepouchers.org\/european-pouch-accessibility-index-2026\/","name":"European Pouch Accessibility Index 2026 - Considerate Pouchers","isPartOf":{"@id":"https:\/\/consideratepouchers.org\/#website"},"datePublished":"2026-02-19T16:27:43+00:00","dateModified":"2026-02-25T09:29:04+00:00","breadcrumb":{"@id":"https:\/\/consideratepouchers.org\/european-pouch-accessibility-index-2026\/#breadcrumb"},"inLanguage":"fi","potentialAction":[{"@type":"ReadAction","target":["https:\/\/consideratepouchers.org\/european-pouch-accessibility-index-2026\/"]}]},{"@type":"BreadcrumbList","@id":"https:\/\/consideratepouchers.org\/european-pouch-accessibility-index-2026\/#breadcrumb","itemListElement":[{"@type":"ListItem","position":1,"name":"Home","item":"https:\/\/consideratepouchers.org\/"},{"@type":"ListItem","position":2,"name":"European Pouch Accessibility Index 2026"}]},{"@type":"WebSite","@id":"https:\/\/consideratepouchers.org\/#website","url":"https:\/\/consideratepouchers.org\/","name":"Considerate Pouchers","description":"Improving Health &amp; Combatting Misinformation","publisher":{"@id":"https:\/\/consideratepouchers.org\/#organization"},"potentialAction":[{"@type":"SearchAction","target":{"@type":"EntryPoint","urlTemplate":"https:\/\/consideratepouchers.org\/?s={search_term_string}"},"query-input":{"@type":"PropertyValueSpecification","valueRequired":true,"valueName":"search_term_string"}}],"inLanguage":"fi"},{"@type":"Organization","@id":"https:\/\/consideratepouchers.org\/#organization","name":"Considerate Pouchers","url":"https:\/\/consideratepouchers.org\/","logo":{"@type":"ImageObject","inLanguage":"fi","@id":"https:\/\/consideratepouchers.org\/#\/schema\/logo\/image\/","url":"https:\/\/consideratepouchers.com\/wp-content\/uploads\/2021\/07\/Considerate-Pouchers-lOGO.png","contentUrl":"https:\/\/consideratepouchers.com\/wp-content\/uploads\/2021\/07\/Considerate-Pouchers-lOGO.png","width":504,"height":504,"caption":"Considerate Pouchers"},"image":{"@id":"https:\/\/consideratepouchers.org\/#\/schema\/logo\/image\/"},"sameAs":["https:\/\/www.facebook.com\/cpouchers","https:\/\/x.com\/CPouchers","https:\/\/www.instagram.com\/cpouchers"]}]}},"_links":{"self":[{"href":"https:\/\/consideratepouchers.org\/fi\/wp-json\/wp\/v2\/pages\/3717","targetHints":{"allow":["GET"]}}],"collection":[{"href":"https:\/\/consideratepouchers.org\/fi\/wp-json\/wp\/v2\/pages"}],"about":[{"href":"https:\/\/consideratepouchers.org\/fi\/wp-json\/wp\/v2\/types\/page"}],"author":[{"embeddable":true,"href":"https:\/\/consideratepouchers.org\/fi\/wp-json\/wp\/v2\/users\/10"}],"replies":[{"embeddable":true,"href":"https:\/\/consideratepouchers.org\/fi\/wp-json\/wp\/v2\/comments?post=3717"}],"version-history":[{"count":0,"href":"https:\/\/consideratepouchers.org\/fi\/wp-json\/wp\/v2\/pages\/3717\/revisions"}],"wp:attachment":[{"href":"https:\/\/consideratepouchers.org\/fi\/wp-json\/wp\/v2\/media?parent=3717"}],"curies":[{"name":"wp","href":"https:\/\/api.w.org\/{rel}","templated":true}]}}