{"id":2483,"date":"2024-05-14T09:23:03","date_gmt":"2024-05-14T09:23:03","guid":{"rendered":"https:\/\/consideratepouchers.com\/?page_id=2483"},"modified":"2024-05-16T11:17:42","modified_gmt":"2024-05-16T11:17:42","slug":"nicotine-pouches-survey-2023","status":"publish","type":"page","link":"https:\/\/consideratepouchers.org\/fr\/enquete-sur-les-sachets-de-nicotine-2023\/","title":{"rendered":"Enqu\u00eate sur les sachets de nicotine 2023"},"content":{"rendered":"<div data-elementor-type=\"wp-page\" data-elementor-id=\"2483\" class=\"elementor elementor-2483\" data-elementor-post-type=\"page\">\n\t\t\t\t<div class=\"elementor-element elementor-element-1428d8a e-flex e-con-boxed e-con e-parent\" data-id=\"1428d8a\" data-element_type=\"container\" data-settings=\"{&quot;background_background&quot;:&quot;classic&quot;,&quot;shape_divider_bottom&quot;:&quot;waves&quot;}\">\n\t\t\t\t\t<div class=\"e-con-inner\">\n\t\t\t\t<div class=\"elementor-shape elementor-shape-bottom\" data-negative=\"false\">\n\t\t\t<svg xmlns=\"http:\/\/www.w3.org\/2000\/svg\" viewbox=\"0 0 1000 100\" preserveaspectratio=\"none\">\n\t<path class=\"elementor-shape-fill\" d=\"M421.9,6.5c22.6-2.5,51.5,0.4,75.5,5.3c23.6,4.9,70.9,23.5,100.5,35.7c75.8,32.2,133.7,44.5,192.6,49.7\tc23.6,2.1,48.7,3.5,103.4-2.5c54.7-6,106.2-25.6,106.2-25.6V0H0v30.3c0,0,72,32.6,158.4,30.5c39.2-0.7,92.8-6.7,134-22.4\tc21.2-8.1,52.2-18.2,79.7-24.2C399.3,7.9,411.6,7.5,421.9,6.5z\"\/>\n<\/svg>\t\t<\/div>\n\t\t<div class=\"elementor-element elementor-element-dc7dec1 e-flex e-con-boxed e-con e-child\" data-id=\"dc7dec1\" data-element_type=\"container\">\n\t\t\t\t\t<div class=\"e-con-inner\">\n\t\t\t\t<div class=\"elementor-element elementor-element-63a2595 elementor-widget elementor-widget-heading\" data-id=\"63a2595\" data-element_type=\"widget\" data-widget_type=\"heading.default\">\n\t\t\t\t<div class=\"elementor-widget-container\">\n\t\t\t\t\t<h1 class=\"elementor-heading-title elementor-size-default\">Enqu\u00eate sur les sachets de nicotine 2023\n<\/h1>\t\t\t\t<\/div>\n\t\t\t\t<\/div>\n\t\t\t\t\t<\/div>\n\t\t\t\t<\/div>\n\t\t\t\t\t<\/div>\n\t\t\t\t<\/div>\n\t\t<div class=\"elementor-element elementor-element-a254a3e e-flex e-con-boxed e-con e-parent\" data-id=\"a254a3e\" data-element_type=\"container\">\n\t\t\t\t\t<div class=\"e-con-inner\">\n\t\t\t\t<div class=\"elementor-element elementor-element-c5bc6e2 elementor-widget elementor-widget-text-editor\" data-id=\"c5bc6e2\" data-element_type=\"widget\" data-widget_type=\"text-editor.default\">\n\t\t\t\t<div class=\"elementor-widget-container\">\n\t\t\t\t\t\t\t\t\t<p>Considerate Pouchers, une organisation leader de d\u00e9fense des consommateurs, est fi\u00e8re d&#039;annoncer le lancement de la Nicotine Pouch Survey 2023, une enqu\u00eate mondiale compl\u00e8te con\u00e7ue pour recueillir des informations pr\u00e9cieuses sur les sachets de nicotine du monde entier. L&#039;enqu\u00eate vise \u00e0 mieux comprendre les pr\u00e9f\u00e9rences, les exp\u00e9riences et les besoins des utilisateurs de sachets, afin de plaider pour que leurs voix soient entendues par les d\u00e9cideurs politiques.<\/p>\t\t\t\t\t\t\t\t<\/div>\n\t\t\t\t<\/div>\n\t\t\t\t<div class=\"elementor-element elementor-element-7269fcf elementor-widget elementor-widget-html\" data-id=\"7269fcf\" data-element_type=\"widget\" data-widget_type=\"html.default\">\n\t\t\t\t<div class=\"elementor-widget-container\">\n\t\t\t\t\t<div class=\"framecontainer\">\n    <iframe class=\"responsive-iframe\" src=\"https:\/\/docs.google.com\/forms\/d\/e\/1FAIpQLSefUPioXJ0I6twNwRdKiivTfILXsGCy4taJT8a9zQtU7bP-3Q\/viewform?embedded=true\" width=\"50%\"  frameborder=\"0\" marginheight=\"0\" marginwidth=\"0\">Chargement\u2026\n    <\/iframe>\n<\/div>\n<style>\n.framecontainer {\n  position: relative;\n  width: 100%;\n  overflow: hidden;\n  padding-bottom: 50%;\n}\n\n.responsive-iframe {\n  position: absolute;\n  top: 0;\n  left: 0;\n  bottom: 0;\n  right: 0;\n  height: 100%;\n  border: none;\n}\n\/*\n@media only screen and (max-width: 1199px) {\n   .framecontainer {\n  padding-top: 70%; \n}\n} *\/\n@media only screen and (max-width: 767px) {\n       .framecontainer {\n  padding-top: 500vh; \n}\n}\n\n<\/style>\t\t\t\t<\/div>\n\t\t\t\t<\/div>\n\t\t\t\t\t<\/div>\n\t\t\t\t<\/div>\n\t\t\t\t<\/div>","protected":false},"excerpt":{"rendered":"<p>Enqu\u00eate sur les sachets de nicotine 2023 Considerate Pouchers, une organisation leader de d\u00e9fense des consommateurs, est fi\u00e8re d&#039;annoncer le lancement de l&#039;enqu\u00eate sur les sachets de nicotine 2023, une enqu\u00eate mondiale compl\u00e8te con\u00e7ue pour recueillir des informations pr\u00e9cieuses sur les sachets de nicotine du monde entier. L&#039;enqu\u00eate vise \u00e0 mieux comprendre les pr\u00e9f\u00e9rences, les exp\u00e9riences et les besoins des utilisateurs de pochettes, pour finalement faire entendre leurs voix [\u2026]<\/p>","protected":false},"author":9,"featured_media":0,"parent":0,"menu_order":0,"comment_status":"closed","ping_status":"closed","template":"","meta":{"footnotes":""},"class_list":["post-2483","page","type-page","status-publish","hentry"],"yoast_head":"<!-- This site is optimized with the Yoast SEO plugin v25.0 - https:\/\/yoast.com\/wordpress\/plugins\/seo\/ -->\n<title>Nicotine Pouches Survey 2023 - Considerate Pouchers<\/title>\n<meta name=\"robots\" content=\"index, follow, max-snippet:-1, max-image-preview:large, max-video-preview:-1\" \/>\n<link rel=\"canonical\" href=\"https:\/\/consideratepouchers.org\/fr\/enquete-sur-les-sachets-de-nicotine-2023\/\" \/>\n<meta property=\"og:locale\" content=\"fr_FR\" \/>\n<meta property=\"og:type\" content=\"article\" \/>\n<meta property=\"og:title\" content=\"Nicotine Pouches Survey 2023 - Considerate Pouchers\" \/>\n<meta property=\"og:description\" content=\"Nicotine Pouches Survey 2023 Considerate Pouchers, a leading consumer advocacy organization, is proud to announce the launch of the Nicotine Pouch Survey 2023, a comprehensive global survey designed to gather valuable insights from nicotine pouchers worldwide. The survey aims to better understand the preferences, experiences, and needs of pouch users, ultimately advocating for their voices [&hellip;]\" \/>\n<meta property=\"og:url\" content=\"https:\/\/consideratepouchers.org\/fr\/enquete-sur-les-sachets-de-nicotine-2023\/\" \/>\n<meta property=\"og:site_name\" content=\"Considerate Pouchers\" \/>\n<meta property=\"article:publisher\" content=\"https:\/\/www.facebook.com\/cpouchers\" \/>\n<meta property=\"article:modified_time\" content=\"2024-05-16T11:17:42+00:00\" \/>\n<meta name=\"twitter:card\" content=\"summary_large_image\" \/>\n<meta name=\"twitter:site\" content=\"@CPouchers\" \/>\n<meta name=\"twitter:label1\" content=\"Dur\u00e9e de lecture estim\u00e9e\" \/>\n\t<meta name=\"twitter:data1\" content=\"1 minute\" \/>\n<script type=\"application\/ld+json\" class=\"yoast-schema-graph\">{\"@context\":\"https:\/\/schema.org\",\"@graph\":[{\"@type\":\"WebPage\",\"@id\":\"https:\/\/consideratepouchers.org\/nicotine-pouches-survey-2023\/\",\"url\":\"https:\/\/consideratepouchers.org\/nicotine-pouches-survey-2023\/\",\"name\":\"Nicotine Pouches Survey 2023 - Considerate Pouchers\",\"isPartOf\":{\"@id\":\"https:\/\/consideratepouchers.org\/#website\"},\"datePublished\":\"2024-05-14T09:23:03+00:00\",\"dateModified\":\"2024-05-16T11:17:42+00:00\",\"breadcrumb\":{\"@id\":\"https:\/\/consideratepouchers.org\/nicotine-pouches-survey-2023\/#breadcrumb\"},\"inLanguage\":\"fr-FR\",\"potentialAction\":[{\"@type\":\"ReadAction\",\"target\":[\"https:\/\/consideratepouchers.org\/nicotine-pouches-survey-2023\/\"]}]},{\"@type\":\"BreadcrumbList\",\"@id\":\"https:\/\/consideratepouchers.org\/nicotine-pouches-survey-2023\/#breadcrumb\",\"itemListElement\":[{\"@type\":\"ListItem\",\"position\":1,\"name\":\"Home\",\"item\":\"https:\/\/consideratepouchers.org\/\"},{\"@type\":\"ListItem\",\"position\":2,\"name\":\"Nicotine Pouches Survey 2023\"}]},{\"@type\":\"WebSite\",\"@id\":\"https:\/\/consideratepouchers.org\/#website\",\"url\":\"https:\/\/consideratepouchers.org\/\",\"name\":\"Considerate Pouchers\",\"description\":\"Improving Health &amp; Combatting Misinformation\",\"publisher\":{\"@id\":\"https:\/\/consideratepouchers.org\/#organization\"},\"potentialAction\":[{\"@type\":\"SearchAction\",\"target\":{\"@type\":\"EntryPoint\",\"urlTemplate\":\"https:\/\/consideratepouchers.org\/?s={search_term_string}\"},\"query-input\":{\"@type\":\"PropertyValueSpecification\",\"valueRequired\":true,\"valueName\":\"search_term_string\"}}],\"inLanguage\":\"fr-FR\"},{\"@type\":\"Organization\",\"@id\":\"https:\/\/consideratepouchers.org\/#organization\",\"name\":\"Considerate Pouchers\",\"url\":\"https:\/\/consideratepouchers.org\/\",\"logo\":{\"@type\":\"ImageObject\",\"inLanguage\":\"fr-FR\",\"@id\":\"https:\/\/consideratepouchers.org\/#\/schema\/logo\/image\/\",\"url\":\"https:\/\/consideratepouchers.com\/wp-content\/uploads\/2021\/07\/Considerate-Pouchers-lOGO.png\",\"contentUrl\":\"https:\/\/consideratepouchers.com\/wp-content\/uploads\/2021\/07\/Considerate-Pouchers-lOGO.png\",\"width\":504,\"height\":504,\"caption\":\"Considerate Pouchers\"},\"image\":{\"@id\":\"https:\/\/consideratepouchers.org\/#\/schema\/logo\/image\/\"},\"sameAs\":[\"https:\/\/www.facebook.com\/cpouchers\",\"https:\/\/x.com\/CPouchers\",\"https:\/\/www.instagram.com\/cpouchers\"]}]}<\/script>\n<!-- \/ Yoast SEO plugin. -->","yoast_head_json":{"title":"Nicotine Pouches Survey 2023 - Considerate Pouchers","robots":{"index":"index","follow":"follow","max-snippet":"max-snippet:-1","max-image-preview":"max-image-preview:large","max-video-preview":"max-video-preview:-1"},"canonical":"https:\/\/consideratepouchers.org\/fr\/enquete-sur-les-sachets-de-nicotine-2023\/","og_locale":"fr_FR","og_type":"article","og_title":"Nicotine Pouches Survey 2023 - Considerate Pouchers","og_description":"Nicotine Pouches Survey 2023 Considerate Pouchers, a leading consumer advocacy organization, is proud to announce the launch of the Nicotine Pouch Survey 2023, a comprehensive global survey designed to gather valuable insights from nicotine pouchers worldwide. The survey aims to better understand the preferences, experiences, and needs of pouch users, ultimately advocating for their voices [&hellip;]","og_url":"https:\/\/consideratepouchers.org\/fr\/enquete-sur-les-sachets-de-nicotine-2023\/","og_site_name":"Considerate Pouchers","article_publisher":"https:\/\/www.facebook.com\/cpouchers","article_modified_time":"2024-05-16T11:17:42+00:00","twitter_card":"summary_large_image","twitter_site":"@CPouchers","twitter_misc":{"Dur\u00e9e de lecture estim\u00e9e":"1 minute"},"schema":{"@context":"https:\/\/schema.org","@graph":[{"@type":"WebPage","@id":"https:\/\/consideratepouchers.org\/nicotine-pouches-survey-2023\/","url":"https:\/\/consideratepouchers.org\/nicotine-pouches-survey-2023\/","name":"Nicotine Pouches Survey 2023 - Considerate Pouchers","isPartOf":{"@id":"https:\/\/consideratepouchers.org\/#website"},"datePublished":"2024-05-14T09:23:03+00:00","dateModified":"2024-05-16T11:17:42+00:00","breadcrumb":{"@id":"https:\/\/consideratepouchers.org\/nicotine-pouches-survey-2023\/#breadcrumb"},"inLanguage":"fr-FR","potentialAction":[{"@type":"ReadAction","target":["https:\/\/consideratepouchers.org\/nicotine-pouches-survey-2023\/"]}]},{"@type":"BreadcrumbList","@id":"https:\/\/consideratepouchers.org\/nicotine-pouches-survey-2023\/#breadcrumb","itemListElement":[{"@type":"ListItem","position":1,"name":"Home","item":"https:\/\/consideratepouchers.org\/"},{"@type":"ListItem","position":2,"name":"Nicotine Pouches Survey 2023"}]},{"@type":"WebSite","@id":"https:\/\/consideratepouchers.org\/#website","url":"https:\/\/consideratepouchers.org\/","name":"Considerate Pouchers","description":"Improving Health &amp; Combatting Misinformation","publisher":{"@id":"https:\/\/consideratepouchers.org\/#organization"},"potentialAction":[{"@type":"SearchAction","target":{"@type":"EntryPoint","urlTemplate":"https:\/\/consideratepouchers.org\/?s={search_term_string}"},"query-input":{"@type":"PropertyValueSpecification","valueRequired":true,"valueName":"search_term_string"}}],"inLanguage":"fr-FR"},{"@type":"Organization","@id":"https:\/\/consideratepouchers.org\/#organization","name":"Considerate Pouchers","url":"https:\/\/consideratepouchers.org\/","logo":{"@type":"ImageObject","inLanguage":"fr-FR","@id":"https:\/\/consideratepouchers.org\/#\/schema\/logo\/image\/","url":"https:\/\/consideratepouchers.com\/wp-content\/uploads\/2021\/07\/Considerate-Pouchers-lOGO.png","contentUrl":"https:\/\/consideratepouchers.com\/wp-content\/uploads\/2021\/07\/Considerate-Pouchers-lOGO.png","width":504,"height":504,"caption":"Considerate Pouchers"},"image":{"@id":"https:\/\/consideratepouchers.org\/#\/schema\/logo\/image\/"},"sameAs":["https:\/\/www.facebook.com\/cpouchers","https:\/\/x.com\/CPouchers","https:\/\/www.instagram.com\/cpouchers"]}]}},"_links":{"self":[{"href":"https:\/\/consideratepouchers.org\/fr\/wp-json\/wp\/v2\/pages\/2483","targetHints":{"allow":["GET"]}}],"collection":[{"href":"https:\/\/consideratepouchers.org\/fr\/wp-json\/wp\/v2\/pages"}],"about":[{"href":"https:\/\/consideratepouchers.org\/fr\/wp-json\/wp\/v2\/types\/page"}],"author":[{"embeddable":true,"href":"https:\/\/consideratepouchers.org\/fr\/wp-json\/wp\/v2\/users\/9"}],"replies":[{"embeddable":true,"href":"https:\/\/consideratepouchers.org\/fr\/wp-json\/wp\/v2\/comments?post=2483"}],"version-history":[{"count":0,"href":"https:\/\/consideratepouchers.org\/fr\/wp-json\/wp\/v2\/pages\/2483\/revisions"}],"wp:attachment":[{"href":"https:\/\/consideratepouchers.org\/fr\/wp-json\/wp\/v2\/media?parent=2483"}],"curies":[{"name":"wp","href":"https:\/\/api.w.org\/{rel}","templated":true}]}}