{"id":3051,"date":"2024-05-31T11:39:22","date_gmt":"2024-05-31T11:39:22","guid":{"rendered":"https:\/\/consideratepouchers.org\/?page_id=3051"},"modified":"2024-06-10T12:52:45","modified_gmt":"2024-06-10T12:52:45","slug":"pouch-awareness-month-manifesto","status":"publish","type":"page","link":"https:\/\/consideratepouchers.org\/sv\/manifest-for-manadspasemedvetenhet\/","title":{"rendered":"Manifest f\u00f6r m\u00e5nadsp\u00e5semedvetenhet"},"content":{"rendered":"<div data-elementor-type=\"wp-page\" data-elementor-id=\"3051\" class=\"elementor elementor-3051\" data-elementor-post-type=\"page\">\n\t\t\t\t<div class=\"elementor-element elementor-element-64810e4 e-flex e-con-boxed e-con e-parent\" data-id=\"64810e4\" data-element_type=\"container\" data-settings=\"{&quot;background_background&quot;:&quot;classic&quot;,&quot;shape_divider_bottom&quot;:&quot;waves&quot;}\">\n\t\t\t\t\t<div class=\"e-con-inner\">\n\t\t\t\t<div class=\"elementor-shape elementor-shape-bottom\" data-negative=\"false\">\n\t\t\t<svg xmlns=\"http:\/\/www.w3.org\/2000\/svg\" viewbox=\"0 0 1000 100\" preserveaspectratio=\"none\">\n\t<path class=\"elementor-shape-fill\" d=\"M421.9,6.5c22.6-2.5,51.5,0.4,75.5,5.3c23.6,4.9,70.9,23.5,100.5,35.7c75.8,32.2,133.7,44.5,192.6,49.7\tc23.6,2.1,48.7,3.5,103.4-2.5c54.7-6,106.2-25.6,106.2-25.6V0H0v30.3c0,0,72,32.6,158.4,30.5c39.2-0.7,92.8-6.7,134-22.4\tc21.2-8.1,52.2-18.2,79.7-24.2C399.3,7.9,411.6,7.5,421.9,6.5z\"\/>\n<\/svg>\t\t<\/div>\n\t\t<div class=\"elementor-element elementor-element-f075ab5 e-flex e-con-boxed e-con e-child\" data-id=\"f075ab5\" data-element_type=\"container\">\n\t\t\t\t\t<div class=\"e-con-inner\">\n\t\t\t\t<div class=\"elementor-element elementor-element-fd0e96d elementor-widget__width-initial elementor-widget elementor-widget-heading\" data-id=\"fd0e96d\" data-element_type=\"widget\" data-widget_type=\"heading.default\">\n\t\t\t\t<div class=\"elementor-widget-container\">\n\t\t\t\t\t<h1 class=\"elementor-heading-title elementor-size-default\">M\u00e5nad f\u00f6r medvetenhet om p\u00e5sar\n<p> Manifest<\/h1>\t\t\t\t<\/div>\n\t\t\t\t<\/div>\n\t\t\t\t<div class=\"elementor-element elementor-element-1746963 elementor-widget elementor-widget-button\" data-id=\"1746963\" data-element_type=\"widget\" data-widget_type=\"button.default\">\n\t\t\t\t<div class=\"elementor-widget-container\">\n\t\t\t\t\t\t\t\t\t<div class=\"elementor-button-wrapper\">\n\t\t\t\t\t<a class=\"elementor-button elementor-button-link elementor-size-sm\" href=\"#making-smoking-history\">\n\t\t\t\t\t\t<span class=\"elementor-button-content-wrapper\">\n\t\t\t\t\t\t<span class=\"elementor-button-icon\">\n\t\t\t\t<i aria-hidden=\"true\" class=\"fas fa-chevron-down\"><\/i>\t\t\t<\/span>\n\t\t\t\t\t\t\t\t<\/span>\n\t\t\t\t\t<\/a>\n\t\t\t\t<\/div>\n\t\t\t\t\t\t\t\t<\/div>\n\t\t\t\t<\/div>\n\t\t\t\t\t<\/div>\n\t\t\t\t<\/div>\n\t\t\t\t\t<\/div>\n\t\t\t\t<\/div>\n\t\t<div class=\"elementor-element elementor-element-826a0e2 e-flex e-con-boxed e-con e-parent\" data-id=\"826a0e2\" data-element_type=\"container\">\n\t\t\t\t\t<div class=\"e-con-inner\">\n\t\t\t\t<div class=\"elementor-element elementor-element-ad7d0ed elementor-headline--style-highlight elementor-widget elementor-widget-animated-headline\" data-id=\"ad7d0ed\" data-element_type=\"widget\" data-settings=\"{&quot;highlighted_text&quot;:&quot;Choose Better Health&quot;,&quot;marker&quot;:&quot;underline&quot;,&quot;headline_style&quot;:&quot;highlight&quot;,&quot;loop&quot;:&quot;yes&quot;,&quot;highlight_animation_duration&quot;:1200,&quot;highlight_iteration_delay&quot;:8000}\" data-widget_type=\"animated-headline.default\">\n\t\t\t\t<div class=\"elementor-widget-container\">\n\t\t\t\t\t\t\t<h3 class=\"elementor-headline\">\n\t\t\t\t\t<span class=\"elementor-headline-plain-text elementor-headline-text-wrapper\">#BeConsiderate<\/span>\n\t\t\t\t<span class=\"elementor-headline-dynamic-wrapper elementor-headline-text-wrapper\">\n\t\t\t\t\t<span class=\"elementor-headline-dynamic-text elementor-headline-text-active\">V\u00e4lj B\u00e4ttre h\u00e4lsa<\/span>\n\t\t\t\t<\/span>\n\t\t\t\t<\/h3>\n\t\t\t\t\t\t<\/div>\n\t\t\t\t<\/div>\n\t\t\t\t\t<\/div>\n\t\t\t\t<\/div>\n\t\t<div class=\"elementor-element elementor-element-15976ed e-flex e-con-boxed e-con e-parent\" data-id=\"15976ed\" data-element_type=\"container\" data-settings=\"{&quot;background_background&quot;:&quot;classic&quot;}\">\n\t\t\t\t\t<div class=\"e-con-inner\">\n\t\t<div class=\"elementor-element elementor-element-848872a e-con-full e-flex e-con e-child\" data-id=\"848872a\" data-element_type=\"container\">\n\t\t\t\t<div class=\"elementor-element elementor-element-2c131ad elementor-widget elementor-widget-heading\" data-id=\"2c131ad\" data-element_type=\"widget\" data-widget_type=\"heading.default\">\n\t\t\t\t<div class=\"elementor-widget-container\">\n\t\t\t\t\t<h2 class=\"elementor-heading-title elementor-size-default\">Manifest<\/h2>\t\t\t\t<\/div>\n\t\t\t\t<\/div>\n\t\t\t\t<div class=\"elementor-element elementor-element-7c6c75a elementor-widget-tablet__width-initial elementor-widget elementor-widget-text-editor\" data-id=\"7c6c75a\" data-element_type=\"widget\" data-widget_type=\"text-editor.default\">\n\t\t\t\t<div class=\"elementor-widget-container\">\n\t\t\t\t\t\t\t\t\t<p><span style=\"font-weight: 400;\">Nikotinp\u00e5sar har gett miljoner m\u00e4nniskor makt <\/span><span style=\"font-weight: 400;\">\u00f6ver hela v\u00e4rlden<\/span><span style=\"font-weight: 400;\"> att sluta r\u00f6ka, skydda v\u00e5r h\u00e4lsa, ekonomi och relationer. De har djupt p\u00e5verkat v\u00e5ra liv utan att p\u00e5verka n\u00e5gon annans, tack vare deras diskreta natur.<\/span><\/p><p><span style=\"font-weight: 400;\">P\u00e5sar \u00e4r ett h\u00e4nsynsfullt val f\u00f6r alla: ingen r\u00f6k, ingen lukt och ett val som \u00e4r praktiskt taget osynligt och diskret. De \u00e4r det s\u00e4kraste alternativet till r\u00f6kning och har visat sig vara effektiva f\u00f6r att hj\u00e4lpa m\u00e4nniskor att sluta.<\/span><\/p><p><span style=\"font-weight: 400;\">Sveriges framg\u00e5ngssaga \u00e4r ett bevis p\u00e5 detta: genom att inte begr\u00e4nsa oralt nikotin \u00e4r Sverige det <\/span><span style=\"font-weight: 400;\">p\u00e5 gr\u00e4nsen till att uppn\u00e5<\/span><span style=\"font-weight: 400;\"> V\u00e4rldsh\u00e4lsoorganisationens 5% r\u00f6kincidensm\u00e5l snabbare \u00e4n n\u00e5got annat land. Som ett resultat har svenskar den l\u00e4gsta andelen r\u00f6krelaterade sjukdomar och d\u00f6dsfall i EU.<\/span><\/p><p><span style=\"font-weight: 400;\">Vi \u00e4r dock oroade \u00f6ver att vissa l\u00e4nder \u00f6verv\u00e4ger eller har implementerat restriktioner f\u00f6r p\u00e5sar, vilket kan f\u00e5 f\u00f6r\u00f6dande konsekvenser. V\u00e4nligen var h\u00e4nsynsfull! D\u00e5ligt genomt\u00e4nkt lagstiftning skulle kunna ber\u00f6va m\u00e5nga m\u00e4nniskor denna livlina.<\/span><\/p><p><span style=\"font-weight: 400;\">Den h\u00e4r m\u00e5naden h\u00f6jer vi Pouchers medvetenheten om det mest h\u00e4nsynsfulla, s\u00e4kraste och mest effektiva s\u00e4ttet att hj\u00e4lpa r\u00f6kare att byta bort fr\u00e5n cigaretter. Vi lyfter ocks\u00e5 fram lagstiftningens avg\u00f6rande roll.<\/span><\/p><p><span style=\"font-weight: 400;\">P\u00e5sar ska alltid vara:<\/span><\/p><ul><li style=\"font-weight: 400;\" aria-level=\"1\"><b>Tillg\u00e4nglig<\/b><span style=\"font-weight: 400;\"> \u2013 Lagligt tillg\u00e4ngligt i alla l\u00e4nder f\u00f6r dem som s\u00f6ker ett h\u00e4nsynsfullt alternativ till cigaretter.<\/span><\/li><li style=\"font-weight: 400;\" aria-level=\"1\"><b>Godtagbar<\/b><span style=\"font-weight: 400;\"> \u2013 Finns i olika smaker och nikotinstyrkor f\u00f6r att passa individuella preferenser.<\/span><\/li><li style=\"font-weight: 400;\" aria-level=\"1\"><b>Prisv\u00e4rd<\/b><span style=\"font-weight: 400;\"> \u2013 Att se till att p\u00e5sar f\u00f6rblir ett attraktivt alternativ till cigaretter inneb\u00e4r att de \u00e4r \u00f6verkomliga f\u00f6r alla som beh\u00f6ver dem. Skatter p\u00e5 p\u00e5sar b\u00f6r \u00e5terspegla deras betydligt l\u00e4gre h\u00e4lsorisk.<\/span><\/li><\/ul><p>\u00a0<\/p><p><span style=\"font-weight: 400;\">F\u00f6r b\u00e4ttre h\u00e4lsa,<\/span><\/p><p><span style=\"font-weight: 400;\">Omt\u00e4nksamma p\u00e5sar<\/span><\/p>\t\t\t\t\t\t\t\t<\/div>\n\t\t\t\t<\/div>\n\t\t\t\t<div class=\"elementor-element elementor-element-5276680 elementor-widget elementor-widget-spacer\" data-id=\"5276680\" data-element_type=\"widget\" data-widget_type=\"spacer.default\">\n\t\t\t\t<div class=\"elementor-widget-container\">\n\t\t\t\t\t\t\t<div class=\"elementor-spacer\">\n\t\t\t<div class=\"elementor-spacer-inner\"><\/div>\n\t\t<\/div>\n\t\t\t\t\t\t<\/div>\n\t\t\t\t<\/div>\n\t\t\t\t<\/div>\n\t\t\t\t\t<\/div>\n\t\t\t\t<\/div>\n\t\t<div class=\"elementor-element elementor-element-dea2ac2 e-flex e-con-boxed e-con e-parent\" data-id=\"dea2ac2\" data-element_type=\"container\" data-settings=\"{&quot;background_background&quot;:&quot;classic&quot;}\">\n\t\t\t\t\t<div class=\"e-con-inner\">\n\t\t<div class=\"elementor-element elementor-element-ae06615 e-con-full e-flex e-con e-child\" data-id=\"ae06615\" data-element_type=\"container\">\n\t\t\t\t<div class=\"elementor-element elementor-element-51bc1d8 elementor-widget elementor-widget-heading\" data-id=\"51bc1d8\" data-element_type=\"widget\" data-widget_type=\"heading.default\">\n\t\t\t\t<div class=\"elementor-widget-container\">\n\t\t\t\t\t<h2 class=\"elementor-heading-title elementor-size-default\">Ladda ner Poucher Manifesto<\/h2>\t\t\t\t<\/div>\n\t\t\t\t<\/div>\n\t\t<div class=\"elementor-element elementor-element-5ecd394 e-flex e-con-boxed e-con e-child\" data-id=\"5ecd394\" data-element_type=\"container\">\n\t\t\t\t\t<div class=\"e-con-inner\">\n\t\t<div class=\"elementor-element elementor-element-643bdad e-flex e-con-boxed e-con e-child\" data-id=\"643bdad\" data-element_type=\"container\">\n\t\t\t\t\t<div class=\"e-con-inner\">\n\t\t\t\t<div class=\"elementor-element elementor-element-dbbfbbc elementor-widget elementor-widget-button\" data-id=\"dbbfbbc\" data-element_type=\"widget\" data-widget_type=\"button.default\">\n\t\t\t\t<div class=\"elementor-widget-container\">\n\t\t\t\t\t\t\t\t\t<div class=\"elementor-button-wrapper\">\n\t\t\t\t\t<a class=\"elementor-button elementor-button-link elementor-size-sm\" href=\"https:\/\/consideratepouchers.org\/wp-content\/uploads\/2024\/05\/CPM_ENG.pdf\" target=\"_blank\">\n\t\t\t\t\t\t<span class=\"elementor-button-content-wrapper\">\n\t\t\t\t\t\t\t\t\t<span class=\"elementor-button-text\">ENGELSK<\/span>\n\t\t\t\t\t<\/span>\n\t\t\t\t\t<\/a>\n\t\t\t\t<\/div>\n\t\t\t\t\t\t\t\t<\/div>\n\t\t\t\t<\/div>\n\t\t\t\t\t<\/div>\n\t\t\t\t<\/div>\n\t\t<div class=\"elementor-element elementor-element-2843cd2 e-flex e-con-boxed e-con e-child\" data-id=\"2843cd2\" data-element_type=\"container\">\n\t\t\t\t\t<div class=\"e-con-inner\">\n\t\t\t\t<div class=\"elementor-element elementor-element-f133c60 elementor-widget elementor-widget-button\" data-id=\"f133c60\" data-element_type=\"widget\" data-widget_type=\"button.default\">\n\t\t\t\t<div class=\"elementor-widget-container\">\n\t\t\t\t\t\t\t\t\t<div class=\"elementor-button-wrapper\">\n\t\t\t\t\t<a class=\"elementor-button elementor-button-link elementor-size-sm\" href=\"https:\/\/consideratepouchers.org\/wp-content\/uploads\/2024\/06\/CPM_SWED.pdf\" target=\"_blank\">\n\t\t\t\t\t\t<span class=\"elementor-button-content-wrapper\">\n\t\t\t\t\t\t\t\t\t<span class=\"elementor-button-text\">SVENSKA<\/span>\n\t\t\t\t\t<\/span>\n\t\t\t\t\t<\/a>\n\t\t\t\t<\/div>\n\t\t\t\t\t\t\t\t<\/div>\n\t\t\t\t<\/div>\n\t\t\t\t\t<\/div>\n\t\t\t\t<\/div>\n\t\t<div class=\"elementor-element elementor-element-ca028e2 e-flex e-con-boxed e-con e-child\" data-id=\"ca028e2\" data-element_type=\"container\">\n\t\t\t\t\t<div class=\"e-con-inner\">\n\t\t\t\t<div class=\"elementor-element elementor-element-7dfc468 elementor-widget elementor-widget-button\" data-id=\"7dfc468\" data-element_type=\"widget\" data-widget_type=\"button.default\">\n\t\t\t\t<div class=\"elementor-widget-container\">\n\t\t\t\t\t\t\t\t\t<div class=\"elementor-button-wrapper\">\n\t\t\t\t\t<a class=\"elementor-button elementor-button-link elementor-size-sm\" href=\"https:\/\/consideratepouchers.org\/wp-content\/uploads\/2024\/05\/CPM_GER.pdf\" target=\"_blank\">\n\t\t\t\t\t\t<span class=\"elementor-button-content-wrapper\">\n\t\t\t\t\t\t\t\t\t<span class=\"elementor-button-text\">TYSK<\/span>\n\t\t\t\t\t<\/span>\n\t\t\t\t\t<\/a>\n\t\t\t\t<\/div>\n\t\t\t\t\t\t\t\t<\/div>\n\t\t\t\t<\/div>\n\t\t\t\t\t<\/div>\n\t\t\t\t<\/div>\n\t\t<div class=\"elementor-element elementor-element-558bf3c e-flex e-con-boxed e-con e-child\" data-id=\"558bf3c\" data-element_type=\"container\">\n\t\t\t\t\t<div class=\"e-con-inner\">\n\t\t\t\t<div class=\"elementor-element elementor-element-9a39b56 elementor-widget elementor-widget-button\" data-id=\"9a39b56\" data-element_type=\"widget\" data-widget_type=\"button.default\">\n\t\t\t\t<div class=\"elementor-widget-container\">\n\t\t\t\t\t\t\t\t\t<div class=\"elementor-button-wrapper\">\n\t\t\t\t\t<a class=\"elementor-button elementor-button-link elementor-size-sm\" href=\"https:\/\/consideratepouchers.org\/wp-content\/uploads\/2024\/05\/CPM_UZB.pdf\" target=\"_blank\">\n\t\t\t\t\t\t<span class=\"elementor-button-content-wrapper\">\n\t\t\t\t\t\t\t\t\t<span class=\"elementor-button-text\">UZBEKISKA<\/span>\n\t\t\t\t\t<\/span>\n\t\t\t\t\t<\/a>\n\t\t\t\t<\/div>\n\t\t\t\t\t\t\t\t<\/div>\n\t\t\t\t<\/div>\n\t\t\t\t\t<\/div>\n\t\t\t\t<\/div>\n\t\t<div class=\"elementor-element elementor-element-8d74348 e-flex e-con-boxed e-con e-child\" data-id=\"8d74348\" data-element_type=\"container\">\n\t\t\t\t\t<div class=\"e-con-inner\">\n\t\t\t\t<div class=\"elementor-element elementor-element-10cb940 elementor-widget elementor-widget-button\" data-id=\"10cb940\" data-element_type=\"widget\" data-widget_type=\"button.default\">\n\t\t\t\t<div class=\"elementor-widget-container\">\n\t\t\t\t\t\t\t\t\t<div class=\"elementor-button-wrapper\">\n\t\t\t\t\t<a class=\"elementor-button elementor-button-link elementor-size-sm\" href=\"https:\/\/consideratepouchers.org\/wp-content\/uploads\/2024\/05\/CPM_FR.pdf\" target=\"_blank\">\n\t\t\t\t\t\t<span class=\"elementor-button-content-wrapper\">\n\t\t\t\t\t\t\t\t\t<span class=\"elementor-button-text\">FRANSKA<\/span>\n\t\t\t\t\t<\/span>\n\t\t\t\t\t<\/a>\n\t\t\t\t<\/div>\n\t\t\t\t\t\t\t\t<\/div>\n\t\t\t\t<\/div>\n\t\t\t\t\t<\/div>\n\t\t\t\t<\/div>\n\t\t\t\t\t<\/div>\n\t\t\t\t<\/div>\n\t\t\t\t<\/div>\n\t\t\t\t\t<\/div>\n\t\t\t\t<\/div>\n\t\t\t\t<\/div>","protected":false},"excerpt":{"rendered":"<p>Manifesto f\u00f6r m\u00e5nadsp\u00e5smedvetenhet #BeConsiderate V\u00e4lj ett b\u00e4ttre h\u00e4lsomanifest Nikotinp\u00e5sar har gett miljoner \u00f6ver hela v\u00e4rlden m\u00f6jlighet att sluta r\u00f6ka, vilket skyddar v\u00e5r h\u00e4lsa, ekonomi och relationer. De har djupt p\u00e5verkat v\u00e5ra liv utan att p\u00e5verka n\u00e5gon annans, tack vare deras diskreta natur. P\u00e5sar \u00e4r ett h\u00e4nsynsfullt val f\u00f6r alla: ingen r\u00f6k, ingen lukt och ett val [\u2026]<\/p>","protected":false},"author":10,"featured_media":2061,"parent":0,"menu_order":0,"comment_status":"closed","ping_status":"closed","template":"","meta":{"footnotes":""},"class_list":["post-3051","page","type-page","status-publish","has-post-thumbnail","hentry"],"yoast_head":"<!-- This site is optimized with the Yoast SEO plugin v25.0 - https:\/\/yoast.com\/wordpress\/plugins\/seo\/ -->\n<title>Pouch Awareness Month Manifesto - Considerate Pouchers<\/title>\n<meta name=\"robots\" content=\"index, follow, max-snippet:-1, max-image-preview:large, max-video-preview:-1\" \/>\n<link rel=\"canonical\" href=\"https:\/\/consideratepouchers.org\/sv\/manifest-for-manadspasemedvetenhet\/\" \/>\n<meta property=\"og:locale\" content=\"sv_SE\" \/>\n<meta property=\"og:type\" content=\"article\" \/>\n<meta property=\"og:title\" content=\"Pouch Awareness Month Manifesto - Considerate Pouchers\" \/>\n<meta property=\"og:description\" content=\"Pouch Awareness Month Manifesto #BeConsiderate Choose Better Health Manifesto Nicotine Pouches have empowered millions all around the world to quit smoking, safeguarding our health, finances, and relationships. They&#8217;ve profoundly impacted our lives without affecting anyone else&#8217;s, thanks to their discrete nature. Pouches are a considerate choice for everyone: no smoke, no smell, and a choice [&hellip;]\" \/>\n<meta property=\"og:url\" content=\"https:\/\/consideratepouchers.org\/sv\/manifest-for-manadspasemedvetenhet\/\" \/>\n<meta property=\"og:site_name\" content=\"Considerate Pouchers\" \/>\n<meta property=\"article:publisher\" content=\"https:\/\/www.facebook.com\/cpouchers\" \/>\n<meta property=\"article:modified_time\" content=\"2024-06-10T12:52:45+00:00\" \/>\n<meta property=\"og:image\" content=\"https:\/\/consideratepouchers.org\/wp-content\/uploads\/2024\/04\/LPA_Cover-2.png\" \/>\n\t<meta property=\"og:image:width\" content=\"800\" \/>\n\t<meta property=\"og:image:height\" content=\"222\" \/>\n\t<meta property=\"og:image:type\" content=\"image\/png\" \/>\n<meta name=\"twitter:card\" content=\"summary_large_image\" \/>\n<meta name=\"twitter:site\" content=\"@CPouchers\" \/>\n<meta name=\"twitter:label1\" content=\"Ber\u00e4knad l\u00e4stid\" \/>\n\t<meta name=\"twitter:data1\" content=\"2 minuter\" \/>\n<script type=\"application\/ld+json\" class=\"yoast-schema-graph\">{\"@context\":\"https:\/\/schema.org\",\"@graph\":[{\"@type\":\"WebPage\",\"@id\":\"https:\/\/consideratepouchers.org\/pouch-awareness-month-manifesto\/\",\"url\":\"https:\/\/consideratepouchers.org\/pouch-awareness-month-manifesto\/\",\"name\":\"Pouch Awareness Month Manifesto - Considerate Pouchers\",\"isPartOf\":{\"@id\":\"https:\/\/consideratepouchers.org\/#website\"},\"primaryImageOfPage\":{\"@id\":\"https:\/\/consideratepouchers.org\/pouch-awareness-month-manifesto\/#primaryimage\"},\"image\":{\"@id\":\"https:\/\/consideratepouchers.org\/pouch-awareness-month-manifesto\/#primaryimage\"},\"thumbnailUrl\":\"https:\/\/consideratepouchers.org\/wp-content\/uploads\/2024\/04\/LPA_Cover-2.png\",\"datePublished\":\"2024-05-31T11:39:22+00:00\",\"dateModified\":\"2024-06-10T12:52:45+00:00\",\"breadcrumb\":{\"@id\":\"https:\/\/consideratepouchers.org\/pouch-awareness-month-manifesto\/#breadcrumb\"},\"inLanguage\":\"sv-SE\",\"potentialAction\":[{\"@type\":\"ReadAction\",\"target\":[\"https:\/\/consideratepouchers.org\/pouch-awareness-month-manifesto\/\"]}]},{\"@type\":\"ImageObject\",\"inLanguage\":\"sv-SE\",\"@id\":\"https:\/\/consideratepouchers.org\/pouch-awareness-month-manifesto\/#primaryimage\",\"url\":\"https:\/\/consideratepouchers.org\/wp-content\/uploads\/2024\/04\/LPA_Cover-2.png\",\"contentUrl\":\"https:\/\/consideratepouchers.org\/wp-content\/uploads\/2024\/04\/LPA_Cover-2.png\",\"width\":7680,\"height\":2132},{\"@type\":\"BreadcrumbList\",\"@id\":\"https:\/\/consideratepouchers.org\/pouch-awareness-month-manifesto\/#breadcrumb\",\"itemListElement\":[{\"@type\":\"ListItem\",\"position\":1,\"name\":\"Home\",\"item\":\"https:\/\/consideratepouchers.org\/\"},{\"@type\":\"ListItem\",\"position\":2,\"name\":\"Pouch Awareness Month Manifesto\"}]},{\"@type\":\"WebSite\",\"@id\":\"https:\/\/consideratepouchers.org\/#website\",\"url\":\"https:\/\/consideratepouchers.org\/\",\"name\":\"Considerate Pouchers\",\"description\":\"Improving Health &amp; Combatting Misinformation\",\"publisher\":{\"@id\":\"https:\/\/consideratepouchers.org\/#organization\"},\"potentialAction\":[{\"@type\":\"SearchAction\",\"target\":{\"@type\":\"EntryPoint\",\"urlTemplate\":\"https:\/\/consideratepouchers.org\/?s={search_term_string}\"},\"query-input\":{\"@type\":\"PropertyValueSpecification\",\"valueRequired\":true,\"valueName\":\"search_term_string\"}}],\"inLanguage\":\"sv-SE\"},{\"@type\":\"Organization\",\"@id\":\"https:\/\/consideratepouchers.org\/#organization\",\"name\":\"Considerate Pouchers\",\"url\":\"https:\/\/consideratepouchers.org\/\",\"logo\":{\"@type\":\"ImageObject\",\"inLanguage\":\"sv-SE\",\"@id\":\"https:\/\/consideratepouchers.org\/#\/schema\/logo\/image\/\",\"url\":\"https:\/\/consideratepouchers.com\/wp-content\/uploads\/2021\/07\/Considerate-Pouchers-lOGO.png\",\"contentUrl\":\"https:\/\/consideratepouchers.com\/wp-content\/uploads\/2021\/07\/Considerate-Pouchers-lOGO.png\",\"width\":504,\"height\":504,\"caption\":\"Considerate Pouchers\"},\"image\":{\"@id\":\"https:\/\/consideratepouchers.org\/#\/schema\/logo\/image\/\"},\"sameAs\":[\"https:\/\/www.facebook.com\/cpouchers\",\"https:\/\/x.com\/CPouchers\",\"https:\/\/www.instagram.com\/cpouchers\"]}]}<\/script>\n<!-- \/ Yoast SEO plugin. -->","yoast_head_json":{"title":"Pouch Awareness Month Manifesto - Considerate Pouchers","robots":{"index":"index","follow":"follow","max-snippet":"max-snippet:-1","max-image-preview":"max-image-preview:large","max-video-preview":"max-video-preview:-1"},"canonical":"https:\/\/consideratepouchers.org\/sv\/manifest-for-manadspasemedvetenhet\/","og_locale":"sv_SE","og_type":"article","og_title":"Pouch Awareness Month Manifesto - Considerate Pouchers","og_description":"Pouch Awareness Month Manifesto #BeConsiderate Choose Better Health Manifesto Nicotine Pouches have empowered millions all around the world to quit smoking, safeguarding our health, finances, and relationships. They&#8217;ve profoundly impacted our lives without affecting anyone else&#8217;s, thanks to their discrete nature. Pouches are a considerate choice for everyone: no smoke, no smell, and a choice [&hellip;]","og_url":"https:\/\/consideratepouchers.org\/sv\/manifest-for-manadspasemedvetenhet\/","og_site_name":"Considerate Pouchers","article_publisher":"https:\/\/www.facebook.com\/cpouchers","article_modified_time":"2024-06-10T12:52:45+00:00","og_image":[{"url":"https:\/\/consideratepouchers.org\/wp-content\/uploads\/2024\/04\/LPA_Cover-2.png","width":800,"height":222,"type":"image\/png"}],"twitter_card":"summary_large_image","twitter_site":"@CPouchers","twitter_misc":{"Ber\u00e4knad l\u00e4stid":"2 minuter"},"schema":{"@context":"https:\/\/schema.org","@graph":[{"@type":"WebPage","@id":"https:\/\/consideratepouchers.org\/pouch-awareness-month-manifesto\/","url":"https:\/\/consideratepouchers.org\/pouch-awareness-month-manifesto\/","name":"Pouch Awareness Month Manifesto - Considerate Pouchers","isPartOf":{"@id":"https:\/\/consideratepouchers.org\/#website"},"primaryImageOfPage":{"@id":"https:\/\/consideratepouchers.org\/pouch-awareness-month-manifesto\/#primaryimage"},"image":{"@id":"https:\/\/consideratepouchers.org\/pouch-awareness-month-manifesto\/#primaryimage"},"thumbnailUrl":"https:\/\/consideratepouchers.org\/wp-content\/uploads\/2024\/04\/LPA_Cover-2.png","datePublished":"2024-05-31T11:39:22+00:00","dateModified":"2024-06-10T12:52:45+00:00","breadcrumb":{"@id":"https:\/\/consideratepouchers.org\/pouch-awareness-month-manifesto\/#breadcrumb"},"inLanguage":"sv-SE","potentialAction":[{"@type":"ReadAction","target":["https:\/\/consideratepouchers.org\/pouch-awareness-month-manifesto\/"]}]},{"@type":"ImageObject","inLanguage":"sv-SE","@id":"https:\/\/consideratepouchers.org\/pouch-awareness-month-manifesto\/#primaryimage","url":"https:\/\/consideratepouchers.org\/wp-content\/uploads\/2024\/04\/LPA_Cover-2.png","contentUrl":"https:\/\/consideratepouchers.org\/wp-content\/uploads\/2024\/04\/LPA_Cover-2.png","width":7680,"height":2132},{"@type":"BreadcrumbList","@id":"https:\/\/consideratepouchers.org\/pouch-awareness-month-manifesto\/#breadcrumb","itemListElement":[{"@type":"ListItem","position":1,"name":"Home","item":"https:\/\/consideratepouchers.org\/"},{"@type":"ListItem","position":2,"name":"Pouch Awareness Month Manifesto"}]},{"@type":"WebSite","@id":"https:\/\/consideratepouchers.org\/#website","url":"https:\/\/consideratepouchers.org\/","name":"Considerate Pouchers","description":"Improving Health &amp; Combatting Misinformation","publisher":{"@id":"https:\/\/consideratepouchers.org\/#organization"},"potentialAction":[{"@type":"SearchAction","target":{"@type":"EntryPoint","urlTemplate":"https:\/\/consideratepouchers.org\/?s={search_term_string}"},"query-input":{"@type":"PropertyValueSpecification","valueRequired":true,"valueName":"search_term_string"}}],"inLanguage":"sv-SE"},{"@type":"Organization","@id":"https:\/\/consideratepouchers.org\/#organization","name":"Considerate Pouchers","url":"https:\/\/consideratepouchers.org\/","logo":{"@type":"ImageObject","inLanguage":"sv-SE","@id":"https:\/\/consideratepouchers.org\/#\/schema\/logo\/image\/","url":"https:\/\/consideratepouchers.com\/wp-content\/uploads\/2021\/07\/Considerate-Pouchers-lOGO.png","contentUrl":"https:\/\/consideratepouchers.com\/wp-content\/uploads\/2021\/07\/Considerate-Pouchers-lOGO.png","width":504,"height":504,"caption":"Considerate Pouchers"},"image":{"@id":"https:\/\/consideratepouchers.org\/#\/schema\/logo\/image\/"},"sameAs":["https:\/\/www.facebook.com\/cpouchers","https:\/\/x.com\/CPouchers","https:\/\/www.instagram.com\/cpouchers"]}]}},"_links":{"self":[{"href":"https:\/\/consideratepouchers.org\/sv\/wp-json\/wp\/v2\/pages\/3051","targetHints":{"allow":["GET"]}}],"collection":[{"href":"https:\/\/consideratepouchers.org\/sv\/wp-json\/wp\/v2\/pages"}],"about":[{"href":"https:\/\/consideratepouchers.org\/sv\/wp-json\/wp\/v2\/types\/page"}],"author":[{"embeddable":true,"href":"https:\/\/consideratepouchers.org\/sv\/wp-json\/wp\/v2\/users\/10"}],"replies":[{"embeddable":true,"href":"https:\/\/consideratepouchers.org\/sv\/wp-json\/wp\/v2\/comments?post=3051"}],"version-history":[{"count":0,"href":"https:\/\/consideratepouchers.org\/sv\/wp-json\/wp\/v2\/pages\/3051\/revisions"}],"wp:featuredmedia":[{"embeddable":true,"href":"https:\/\/consideratepouchers.org\/sv\/wp-json\/wp\/v2\/media\/2061"}],"wp:attachment":[{"href":"https:\/\/consideratepouchers.org\/sv\/wp-json\/wp\/v2\/media?parent=3051"}],"curies":[{"name":"wp","href":"https:\/\/api.w.org\/{rel}","templated":true}]}}