{"id":3684,"date":"2025-12-16T15:23:48","date_gmt":"2025-12-16T15:23:48","guid":{"rendered":"https:\/\/consideratepouchers.org\/?page_id=3684"},"modified":"2025-12-18T16:00:45","modified_gmt":"2025-12-18T16:00:45","slug":"misleading-and-manipulating-how-brussels-is-sabotaging-smoking-cessation","status":"publish","type":"page","link":"https:\/\/consideratepouchers.org\/sv\/vilseledande-och-manipulerande-hur-bryssel-saboterar-rokavvanjning\/","title":{"rendered":"Vilseledande och manipulerande: Hur Bryssel saboterar r\u00f6kavv\u00e4njning"},"content":{"rendered":"<div data-elementor-type=\"wp-page\" data-elementor-id=\"3684\" class=\"elementor elementor-3684\" data-elementor-post-type=\"page\">\n\t\t\t\t<div class=\"elementor-element elementor-element-4a7a506 e-flex e-con-boxed e-con e-parent\" data-id=\"4a7a506\" data-element_type=\"container\" data-settings=\"{&quot;background_background&quot;:&quot;classic&quot;}\">\n\t\t\t\t\t<div class=\"e-con-inner\">\n\t\t<div class=\"elementor-element elementor-element-0ef3fed e-flex e-con-boxed e-con e-child\" data-id=\"0ef3fed\" data-element_type=\"container\">\n\t\t\t\t\t<div class=\"e-con-inner\">\n\t\t\t\t<div class=\"elementor-element elementor-element-80b69b8 elementor-widget elementor-widget-heading\" data-id=\"80b69b8\" data-element_type=\"widget\" data-widget_type=\"heading.default\">\n\t\t\t\t<div class=\"elementor-widget-container\">\n\t\t\t\t\t<h1 class=\"elementor-heading-title elementor-size-default\">Vilseledande och manipulerande<\/h1>\t\t\t\t<\/div>\n\t\t\t\t<\/div>\n\t\t\t\t<div class=\"elementor-element elementor-element-125be13 elementor-widget elementor-widget-heading\" data-id=\"125be13\" data-element_type=\"widget\" data-widget_type=\"heading.default\">\n\t\t\t\t<div class=\"elementor-widget-container\">\n\t\t\t\t\t<h1 class=\"elementor-heading-title elementor-size-default\">Hur Bryssel saboterar r\u00f6kavv\u00e4njning\n<\/h1>\t\t\t\t<\/div>\n\t\t\t\t<\/div>\n\t\t\t\t\t<\/div>\n\t\t\t\t<\/div>\n\t\t\t\t\t<\/div>\n\t\t\t\t<\/div>\n\t\t<div class=\"elementor-element elementor-element-21b6c02 e-flex e-con-boxed e-con e-parent\" data-id=\"21b6c02\" data-element_type=\"container\" data-settings=\"{&quot;background_background&quot;:&quot;classic&quot;}\">\n\t\t\t\t\t<div class=\"e-con-inner\">\n\t\t\t\t<div class=\"elementor-element elementor-element-5ae9b3e elementor-widget elementor-widget-heading\" data-id=\"5ae9b3e\" data-element_type=\"widget\" data-widget_type=\"heading.default\">\n\t\t\t\t<div class=\"elementor-widget-container\">\n\t\t\t\t\t<h3 class=\"elementor-heading-title elementor-size-default\">EU-kommissionens misslyckanden i korthet\n<\/h3>\t\t\t\t<\/div>\n\t\t\t\t<\/div>\n\t\t\t\t<div class=\"elementor-element elementor-element-c3f8b57 elementor-widget elementor-widget-text-editor\" data-id=\"c3f8b57\" data-element_type=\"widget\" data-widget_type=\"text-editor.default\">\n\t\t\t\t<div class=\"elementor-widget-container\">\n\t\t\t\t\t\t\t\t\t<p><span style=\"font-weight: 400;\">Europeiska kommissionen sviker Europas r\u00f6kare genom att v\u00e4gra erk\u00e4nna ett grundl\u00e4ggande faktum: <\/span><b>Nikotinp\u00e5sar och andra r\u00f6kfria alternativ \u00e4r inte cigaretter<\/b><span style=\"font-weight: 400;\">De har helt olika riskniv\u00e5er, men Bryssel insisterar p\u00e5 att behandla dem som om de vore lika skadliga. Detta \u00e4r inte ett misstag \u2013 det \u00e4r en politik som bygger p\u00e5 vilseledande ber\u00e4ttelser som h\u00e5ller m\u00e4nniskor fast med den farligaste produkten p\u00e5 marknaden.<\/span><\/p><p><span style=\"font-weight: 400;\">Vi vet redan att skademinskning fungerar. <\/span><b>Sveriges n\u00e4stintill r\u00f6kfria framg\u00e5ng<\/b><span style=\"font-weight: 400;\">, tillsammans med starka resultat i Grekland och Tjeckien, visar att n\u00e4r m\u00e4nniskor har tillg\u00e5ng till s\u00e4krare alternativ, kollapsar r\u00f6kningssiffrorna. Ist\u00e4llet f\u00f6r att l\u00e4ra av dessa exempel tittar kommissionen \u00e5t andra h\u00e5llet.<\/span><\/p><p><span style=\"font-weight: 400;\">Samtidigt r\u00f6r sig Bryssel tyst mot <\/span><b>centraliserade beskattningsbefogenheter<\/b><span style=\"font-weight: 400;\"> \u00f6ver tobak och nikotinprodukter. Om detta lyckas kommer det att g\u00f6ra s\u00e4krare alternativ dyrare och mindre tillg\u00e4ngliga, s\u00e4rskilt f\u00f6r l\u00e5ginkomsttagare \u2013 just de m\u00e4nniskor som kommer att gynnas mest.<\/span><\/p><p><span style=\"font-weight: 400;\">Denna v\u00e5rdsl\u00f6sa riktning riskerar att omintetg\u00f6ra ett decennium av framsteg inom folkh\u00e4lsan. Europa beh\u00f6ver tydlig vetenskap, \u00e4rlig kommunikation och respekt f\u00f6r de medlemsstater som har visat hur verklig skademinskning ser ut.<\/span><\/p>\t\t\t\t\t\t\t\t<\/div>\n\t\t\t\t<\/div>\n\t\t\t\t\t<\/div>\n\t\t\t\t<\/div>\n\t\t<div class=\"elementor-element elementor-element-44eb1e9 e-flex e-con-boxed e-con e-parent\" data-id=\"44eb1e9\" data-element_type=\"container\" data-settings=\"{&quot;background_background&quot;:&quot;classic&quot;}\">\n\t\t\t\t\t<div class=\"e-con-inner\">\n\t\t\t\t<div class=\"elementor-element elementor-element-82b0043 elementor-widget elementor-widget-heading\" data-id=\"82b0043\" data-element_type=\"widget\" data-widget_type=\"heading.default\">\n\t\t\t\t<div class=\"elementor-widget-container\">\n\t\t\t\t\t<h3 class=\"elementor-heading-title elementor-size-default\">L\u00e4s hela artikeln\n\n<\/h3>\t\t\t\t<\/div>\n\t\t\t\t<\/div>\n\t\t\t\t<div class=\"elementor-element elementor-element-83af0d9 elementor-align-center elementor-widget elementor-widget-button\" data-id=\"83af0d9\" data-element_type=\"widget\" data-widget_type=\"button.default\">\n\t\t\t\t<div class=\"elementor-widget-container\">\n\t\t\t\t\t\t\t\t\t<div class=\"elementor-button-wrapper\">\n\t\t\t\t\t<a class=\"elementor-button elementor-button-link elementor-size-sm\" href=\"https:\/\/consideratepouchers.org\/wp-content\/uploads\/2025\/12\/CP-How-Brussels-Is-Sabotaging-Smoking-Cessation.pdf\" target=\"_blank\">\n\t\t\t\t\t\t<span class=\"elementor-button-content-wrapper\">\n\t\t\t\t\t\t\t\t\t<span class=\"elementor-button-text\">Ladda ner<\/span>\n\t\t\t\t\t<\/span>\n\t\t\t\t\t<\/a>\n\t\t\t\t<\/div>\n\t\t\t\t\t\t\t\t<\/div>\n\t\t\t\t<\/div>\n\t\t\t\t\t<\/div>\n\t\t\t\t<\/div>\n\t\t<div class=\"elementor-element elementor-element-cb18bf5 e-flex e-con-boxed e-con e-parent\" data-id=\"cb18bf5\" data-element_type=\"container\" data-settings=\"{&quot;background_background&quot;:&quot;classic&quot;}\">\n\t\t\t\t\t<div class=\"e-con-inner\">\n\t\t\t\t<div class=\"elementor-element elementor-element-19e82c6 elementor-widget elementor-widget-heading\" data-id=\"19e82c6\" data-element_type=\"widget\" data-widget_type=\"heading.default\">\n\t\t\t\t<div class=\"elementor-widget-container\">\n\t\t\t\t\t<h3 class=\"elementor-heading-title elementor-size-default\">Dela med andra!<\/h3>\t\t\t\t<\/div>\n\t\t\t\t<\/div>\n\t\t\t\t<div class=\"elementor-element elementor-element-b62be8c elementor-share-buttons--view-icon elementor-share-buttons--shape-circle elementor-share-buttons--align-center elementor-share-buttons--skin-gradient elementor-grid-0 elementor-share-buttons--color-official elementor-widget elementor-widget-share-buttons\" data-id=\"b62be8c\" data-element_type=\"widget\" data-widget_type=\"share-buttons.default\">\n\t\t\t\t<div class=\"elementor-widget-container\">\n\t\t\t\t\t\t\t<div class=\"elementor-grid\">\n\t\t\t\t\t\t\t\t<div class=\"elementor-grid-item\">\n\t\t\t\t\t\t<div\n\t\t\t\t\t\t\tclass=\"elementor-share-btn elementor-share-btn_x-twitter\"\n\t\t\t\t\t\t\trole=\"button\"\n\t\t\t\t\t\t\ttabindex=\"0\"\n\t\t\t\t\t\t\taria-label=\"Dela p\u00e5 x-twitter\"\n\t\t\t\t\t\t>\n\t\t\t\t\t\t\t\t\t\t\t\t\t\t\t<span class=\"elementor-share-btn__icon\">\n\t\t\t\t\t\t\t\t<i class=\"fab fa-x-twitter\" aria-hidden=\"true\"><\/i>\t\t\t\t\t\t\t<\/span>\n\t\t\t\t\t\t\t\t\t\t\t\t\t\t\t\t\t\t\t\t<\/div>\n\t\t\t\t\t<\/div>\n\t\t\t\t\t\t\t\t\t<div class=\"elementor-grid-item\">\n\t\t\t\t\t\t<div\n\t\t\t\t\t\t\tclass=\"elementor-share-btn elementor-share-btn_facebook\"\n\t\t\t\t\t\t\trole=\"button\"\n\t\t\t\t\t\t\ttabindex=\"0\"\n\t\t\t\t\t\t\taria-label=\"Dela p\u00e5 Facebook\"\n\t\t\t\t\t\t>\n\t\t\t\t\t\t\t\t\t\t\t\t\t\t\t<span class=\"elementor-share-btn__icon\">\n\t\t\t\t\t\t\t\t<i class=\"fab fa-facebook\" aria-hidden=\"true\"><\/i>\t\t\t\t\t\t\t<\/span>\n\t\t\t\t\t\t\t\t\t\t\t\t\t\t\t\t\t\t\t\t<\/div>\n\t\t\t\t\t<\/div>\n\t\t\t\t\t\t\t\t\t<div class=\"elementor-grid-item\">\n\t\t\t\t\t\t<div\n\t\t\t\t\t\t\tclass=\"elementor-share-btn elementor-share-btn_linkedin\"\n\t\t\t\t\t\t\trole=\"button\"\n\t\t\t\t\t\t\ttabindex=\"0\"\n\t\t\t\t\t\t\taria-label=\"Dela p\u00e5 LinkedIn\"\n\t\t\t\t\t\t>\n\t\t\t\t\t\t\t\t\t\t\t\t\t\t\t<span class=\"elementor-share-btn__icon\">\n\t\t\t\t\t\t\t\t<i class=\"fab fa-linkedin\" aria-hidden=\"true\"><\/i>\t\t\t\t\t\t\t<\/span>\n\t\t\t\t\t\t\t\t\t\t\t\t\t\t\t\t\t\t\t\t<\/div>\n\t\t\t\t\t<\/div>\n\t\t\t\t\t\t\t\t\t<div class=\"elementor-grid-item\">\n\t\t\t\t\t\t<div\n\t\t\t\t\t\t\tclass=\"elementor-share-btn elementor-share-btn_whatsapp\"\n\t\t\t\t\t\t\trole=\"button\"\n\t\t\t\t\t\t\ttabindex=\"0\"\n\t\t\t\t\t\t\taria-label=\"Dela p\u00e5 WhatsApp\"\n\t\t\t\t\t\t>\n\t\t\t\t\t\t\t\t\t\t\t\t\t\t\t<span class=\"elementor-share-btn__icon\">\n\t\t\t\t\t\t\t\t<i class=\"fab fa-whatsapp\" aria-hidden=\"true\"><\/i>\t\t\t\t\t\t\t<\/span>\n\t\t\t\t\t\t\t\t\t\t\t\t\t\t\t\t\t\t\t\t<\/div>\n\t\t\t\t\t<\/div>\n\t\t\t\t\t\t<\/div>\n\t\t\t\t\t\t<\/div>\n\t\t\t\t<\/div>\n\t\t\t\t\t<\/div>\n\t\t\t\t<\/div>\n\t\t\t\t<\/div>","protected":false},"excerpt":{"rendered":"<p>Vilseledande och manipulerande hur Bryssel saboterar r\u00f6kavv\u00e4njning EU-kommissionens misslyckanden i korthet Europeiska kommissionen sviker Europas r\u00f6kare genom att v\u00e4gra erk\u00e4nna ett grundl\u00e4ggande faktum: nikotinp\u00e5sar och andra r\u00f6kfria alternativ \u00e4r inte cigaretter. De har helt andra riskniv\u00e5er, men Bryssel insisterar p\u00e5 att behandla dem som om de vore [\u2026]<\/p>","protected":false},"author":10,"featured_media":3628,"parent":0,"menu_order":0,"comment_status":"closed","ping_status":"closed","template":"elementor_header_footer","meta":{"footnotes":""},"class_list":["post-3684","page","type-page","status-publish","has-post-thumbnail","hentry"],"yoast_head":"<!-- This site is optimized with the Yoast SEO plugin v25.0 - https:\/\/yoast.com\/wordpress\/plugins\/seo\/ -->\n<title>Misleading and Manipulating: How Brussels Is Sabotaging Smoking Cessation - Considerate Pouchers<\/title>\n<meta name=\"robots\" content=\"index, follow, max-snippet:-1, max-image-preview:large, max-video-preview:-1\" \/>\n<link rel=\"canonical\" href=\"https:\/\/consideratepouchers.org\/sv\/vilseledande-och-manipulerande-hur-bryssel-saboterar-rokavvanjning\/\" \/>\n<meta property=\"og:locale\" content=\"sv_SE\" \/>\n<meta property=\"og:type\" content=\"article\" \/>\n<meta property=\"og:title\" content=\"Misleading and Manipulating: How Brussels Is Sabotaging Smoking Cessation - Considerate Pouchers\" \/>\n<meta property=\"og:description\" content=\"Misleading and Manipulating How Brussels Is Sabotaging Smoking Cessation The EU Commission\u2019s Failures in Brief The European Commission is failing Europe\u2019s smokers by refusing to acknowledge one basic fact: nicotine pouches and other smoke-free alternatives are not cigarettes. They sit on completely different risk levels, yet Brussels insists on treating them as if they are [&hellip;]\" \/>\n<meta property=\"og:url\" content=\"https:\/\/consideratepouchers.org\/sv\/vilseledande-och-manipulerande-hur-bryssel-saboterar-rokavvanjning\/\" \/>\n<meta property=\"og:site_name\" content=\"Considerate Pouchers\" \/>\n<meta property=\"article:publisher\" content=\"https:\/\/www.facebook.com\/cpouchers\" \/>\n<meta property=\"article:modified_time\" content=\"2025-12-18T16:00:45+00:00\" \/>\n<meta property=\"og:image\" content=\"https:\/\/consideratepouchers.org\/wp-content\/uploads\/2025\/09\/Protect-pouches-Berlin-blog-image-1024x945.png\" \/>\n\t<meta property=\"og:image:width\" content=\"1024\" \/>\n\t<meta property=\"og:image:height\" content=\"945\" \/>\n\t<meta property=\"og:image:type\" content=\"image\/png\" \/>\n<meta name=\"twitter:card\" content=\"summary_large_image\" \/>\n<meta name=\"twitter:site\" content=\"@CPouchers\" \/>\n<meta name=\"twitter:label1\" content=\"Ber\u00e4knad l\u00e4stid\" \/>\n\t<meta name=\"twitter:data1\" content=\"2 minuter\" \/>\n<script type=\"application\/ld+json\" class=\"yoast-schema-graph\">{\"@context\":\"https:\/\/schema.org\",\"@graph\":[{\"@type\":\"WebPage\",\"@id\":\"https:\/\/consideratepouchers.org\/misleading-and-manipulating-how-brussels-is-sabotaging-smoking-cessation\/\",\"url\":\"https:\/\/consideratepouchers.org\/misleading-and-manipulating-how-brussels-is-sabotaging-smoking-cessation\/\",\"name\":\"Misleading and Manipulating: How Brussels Is Sabotaging Smoking Cessation - Considerate Pouchers\",\"isPartOf\":{\"@id\":\"https:\/\/consideratepouchers.org\/#website\"},\"primaryImageOfPage\":{\"@id\":\"https:\/\/consideratepouchers.org\/misleading-and-manipulating-how-brussels-is-sabotaging-smoking-cessation\/#primaryimage\"},\"image\":{\"@id\":\"https:\/\/consideratepouchers.org\/misleading-and-manipulating-how-brussels-is-sabotaging-smoking-cessation\/#primaryimage\"},\"thumbnailUrl\":\"https:\/\/consideratepouchers.org\/wp-content\/uploads\/2025\/09\/Protect-pouches-Berlin-blog-image.png\",\"datePublished\":\"2025-12-16T15:23:48+00:00\",\"dateModified\":\"2025-12-18T16:00:45+00:00\",\"breadcrumb\":{\"@id\":\"https:\/\/consideratepouchers.org\/misleading-and-manipulating-how-brussels-is-sabotaging-smoking-cessation\/#breadcrumb\"},\"inLanguage\":\"sv-SE\",\"potentialAction\":[{\"@type\":\"ReadAction\",\"target\":[\"https:\/\/consideratepouchers.org\/misleading-and-manipulating-how-brussels-is-sabotaging-smoking-cessation\/\"]}]},{\"@type\":\"ImageObject\",\"inLanguage\":\"sv-SE\",\"@id\":\"https:\/\/consideratepouchers.org\/misleading-and-manipulating-how-brussels-is-sabotaging-smoking-cessation\/#primaryimage\",\"url\":\"https:\/\/consideratepouchers.org\/wp-content\/uploads\/2025\/09\/Protect-pouches-Berlin-blog-image.png\",\"contentUrl\":\"https:\/\/consideratepouchers.org\/wp-content\/uploads\/2025\/09\/Protect-pouches-Berlin-blog-image.png\",\"width\":2081,\"height\":1920},{\"@type\":\"BreadcrumbList\",\"@id\":\"https:\/\/consideratepouchers.org\/misleading-and-manipulating-how-brussels-is-sabotaging-smoking-cessation\/#breadcrumb\",\"itemListElement\":[{\"@type\":\"ListItem\",\"position\":1,\"name\":\"Home\",\"item\":\"https:\/\/consideratepouchers.org\/\"},{\"@type\":\"ListItem\",\"position\":2,\"name\":\"Misleading and Manipulating: How Brussels Is Sabotaging Smoking Cessation\"}]},{\"@type\":\"WebSite\",\"@id\":\"https:\/\/consideratepouchers.org\/#website\",\"url\":\"https:\/\/consideratepouchers.org\/\",\"name\":\"Considerate Pouchers\",\"description\":\"Improving Health &amp; Combatting Misinformation\",\"publisher\":{\"@id\":\"https:\/\/consideratepouchers.org\/#organization\"},\"potentialAction\":[{\"@type\":\"SearchAction\",\"target\":{\"@type\":\"EntryPoint\",\"urlTemplate\":\"https:\/\/consideratepouchers.org\/?s={search_term_string}\"},\"query-input\":{\"@type\":\"PropertyValueSpecification\",\"valueRequired\":true,\"valueName\":\"search_term_string\"}}],\"inLanguage\":\"sv-SE\"},{\"@type\":\"Organization\",\"@id\":\"https:\/\/consideratepouchers.org\/#organization\",\"name\":\"Considerate Pouchers\",\"url\":\"https:\/\/consideratepouchers.org\/\",\"logo\":{\"@type\":\"ImageObject\",\"inLanguage\":\"sv-SE\",\"@id\":\"https:\/\/consideratepouchers.org\/#\/schema\/logo\/image\/\",\"url\":\"https:\/\/consideratepouchers.com\/wp-content\/uploads\/2021\/07\/Considerate-Pouchers-lOGO.png\",\"contentUrl\":\"https:\/\/consideratepouchers.com\/wp-content\/uploads\/2021\/07\/Considerate-Pouchers-lOGO.png\",\"width\":504,\"height\":504,\"caption\":\"Considerate Pouchers\"},\"image\":{\"@id\":\"https:\/\/consideratepouchers.org\/#\/schema\/logo\/image\/\"},\"sameAs\":[\"https:\/\/www.facebook.com\/cpouchers\",\"https:\/\/x.com\/CPouchers\",\"https:\/\/www.instagram.com\/cpouchers\"]}]}<\/script>\n<!-- \/ Yoast SEO plugin. -->","yoast_head_json":{"title":"Misleading and Manipulating: How Brussels Is Sabotaging Smoking Cessation - Considerate Pouchers","robots":{"index":"index","follow":"follow","max-snippet":"max-snippet:-1","max-image-preview":"max-image-preview:large","max-video-preview":"max-video-preview:-1"},"canonical":"https:\/\/consideratepouchers.org\/sv\/vilseledande-och-manipulerande-hur-bryssel-saboterar-rokavvanjning\/","og_locale":"sv_SE","og_type":"article","og_title":"Misleading and Manipulating: How Brussels Is Sabotaging Smoking Cessation - Considerate Pouchers","og_description":"Misleading and Manipulating How Brussels Is Sabotaging Smoking Cessation The EU Commission\u2019s Failures in Brief The European Commission is failing Europe\u2019s smokers by refusing to acknowledge one basic fact: nicotine pouches and other smoke-free alternatives are not cigarettes. They sit on completely different risk levels, yet Brussels insists on treating them as if they are [&hellip;]","og_url":"https:\/\/consideratepouchers.org\/sv\/vilseledande-och-manipulerande-hur-bryssel-saboterar-rokavvanjning\/","og_site_name":"Considerate Pouchers","article_publisher":"https:\/\/www.facebook.com\/cpouchers","article_modified_time":"2025-12-18T16:00:45+00:00","og_image":[{"width":1024,"height":945,"url":"https:\/\/consideratepouchers.org\/wp-content\/uploads\/2025\/09\/Protect-pouches-Berlin-blog-image-1024x945.png","type":"image\/png"}],"twitter_card":"summary_large_image","twitter_site":"@CPouchers","twitter_misc":{"Ber\u00e4knad l\u00e4stid":"2 minuter"},"schema":{"@context":"https:\/\/schema.org","@graph":[{"@type":"WebPage","@id":"https:\/\/consideratepouchers.org\/misleading-and-manipulating-how-brussels-is-sabotaging-smoking-cessation\/","url":"https:\/\/consideratepouchers.org\/misleading-and-manipulating-how-brussels-is-sabotaging-smoking-cessation\/","name":"Misleading and Manipulating: How Brussels Is Sabotaging Smoking Cessation - Considerate Pouchers","isPartOf":{"@id":"https:\/\/consideratepouchers.org\/#website"},"primaryImageOfPage":{"@id":"https:\/\/consideratepouchers.org\/misleading-and-manipulating-how-brussels-is-sabotaging-smoking-cessation\/#primaryimage"},"image":{"@id":"https:\/\/consideratepouchers.org\/misleading-and-manipulating-how-brussels-is-sabotaging-smoking-cessation\/#primaryimage"},"thumbnailUrl":"https:\/\/consideratepouchers.org\/wp-content\/uploads\/2025\/09\/Protect-pouches-Berlin-blog-image.png","datePublished":"2025-12-16T15:23:48+00:00","dateModified":"2025-12-18T16:00:45+00:00","breadcrumb":{"@id":"https:\/\/consideratepouchers.org\/misleading-and-manipulating-how-brussels-is-sabotaging-smoking-cessation\/#breadcrumb"},"inLanguage":"sv-SE","potentialAction":[{"@type":"ReadAction","target":["https:\/\/consideratepouchers.org\/misleading-and-manipulating-how-brussels-is-sabotaging-smoking-cessation\/"]}]},{"@type":"ImageObject","inLanguage":"sv-SE","@id":"https:\/\/consideratepouchers.org\/misleading-and-manipulating-how-brussels-is-sabotaging-smoking-cessation\/#primaryimage","url":"https:\/\/consideratepouchers.org\/wp-content\/uploads\/2025\/09\/Protect-pouches-Berlin-blog-image.png","contentUrl":"https:\/\/consideratepouchers.org\/wp-content\/uploads\/2025\/09\/Protect-pouches-Berlin-blog-image.png","width":2081,"height":1920},{"@type":"BreadcrumbList","@id":"https:\/\/consideratepouchers.org\/misleading-and-manipulating-how-brussels-is-sabotaging-smoking-cessation\/#breadcrumb","itemListElement":[{"@type":"ListItem","position":1,"name":"Home","item":"https:\/\/consideratepouchers.org\/"},{"@type":"ListItem","position":2,"name":"Misleading and Manipulating: How Brussels Is Sabotaging Smoking Cessation"}]},{"@type":"WebSite","@id":"https:\/\/consideratepouchers.org\/#website","url":"https:\/\/consideratepouchers.org\/","name":"Considerate Pouchers","description":"Improving Health &amp; Combatting Misinformation","publisher":{"@id":"https:\/\/consideratepouchers.org\/#organization"},"potentialAction":[{"@type":"SearchAction","target":{"@type":"EntryPoint","urlTemplate":"https:\/\/consideratepouchers.org\/?s={search_term_string}"},"query-input":{"@type":"PropertyValueSpecification","valueRequired":true,"valueName":"search_term_string"}}],"inLanguage":"sv-SE"},{"@type":"Organization","@id":"https:\/\/consideratepouchers.org\/#organization","name":"Considerate Pouchers","url":"https:\/\/consideratepouchers.org\/","logo":{"@type":"ImageObject","inLanguage":"sv-SE","@id":"https:\/\/consideratepouchers.org\/#\/schema\/logo\/image\/","url":"https:\/\/consideratepouchers.com\/wp-content\/uploads\/2021\/07\/Considerate-Pouchers-lOGO.png","contentUrl":"https:\/\/consideratepouchers.com\/wp-content\/uploads\/2021\/07\/Considerate-Pouchers-lOGO.png","width":504,"height":504,"caption":"Considerate Pouchers"},"image":{"@id":"https:\/\/consideratepouchers.org\/#\/schema\/logo\/image\/"},"sameAs":["https:\/\/www.facebook.com\/cpouchers","https:\/\/x.com\/CPouchers","https:\/\/www.instagram.com\/cpouchers"]}]}},"_links":{"self":[{"href":"https:\/\/consideratepouchers.org\/sv\/wp-json\/wp\/v2\/pages\/3684","targetHints":{"allow":["GET"]}}],"collection":[{"href":"https:\/\/consideratepouchers.org\/sv\/wp-json\/wp\/v2\/pages"}],"about":[{"href":"https:\/\/consideratepouchers.org\/sv\/wp-json\/wp\/v2\/types\/page"}],"author":[{"embeddable":true,"href":"https:\/\/consideratepouchers.org\/sv\/wp-json\/wp\/v2\/users\/10"}],"replies":[{"embeddable":true,"href":"https:\/\/consideratepouchers.org\/sv\/wp-json\/wp\/v2\/comments?post=3684"}],"version-history":[{"count":0,"href":"https:\/\/consideratepouchers.org\/sv\/wp-json\/wp\/v2\/pages\/3684\/revisions"}],"wp:featuredmedia":[{"embeddable":true,"href":"https:\/\/consideratepouchers.org\/sv\/wp-json\/wp\/v2\/media\/3628"}],"wp:attachment":[{"href":"https:\/\/consideratepouchers.org\/sv\/wp-json\/wp\/v2\/media?parent=3684"}],"curies":[{"name":"wp","href":"https:\/\/api.w.org\/{rel}","templated":true}]}}