{"id":3717,"date":"2026-02-19T16:27:43","date_gmt":"2026-02-19T16:27:43","guid":{"rendered":"https:\/\/consideratepouchers.org\/?page_id=3717"},"modified":"2026-02-25T09:29:04","modified_gmt":"2026-02-25T09:29:04","slug":"european-pouch-accessibility-index-2026","status":"publish","type":"page","link":"https:\/\/consideratepouchers.org\/sv\/europeiskt-tillganglighetsindex-for-pasar-2026\/","title":{"rendered":"Europeiskt tillg\u00e4nglighetsindex f\u00f6r p\u00e5sar 2026"},"content":{"rendered":"<div data-elementor-type=\"wp-page\" data-elementor-id=\"3717\" class=\"elementor elementor-3717\" data-elementor-post-type=\"page\">\n\t\t\t\t<div class=\"elementor-element elementor-element-776cb05 e-flex e-con-boxed e-con e-parent\" data-id=\"776cb05\" data-element_type=\"container\" data-settings=\"{&quot;background_background&quot;:&quot;classic&quot;}\">\n\t\t\t\t\t<div class=\"e-con-inner\">\n\t\t<div class=\"elementor-element elementor-element-79d75a4 e-flex e-con-boxed e-con e-child\" data-id=\"79d75a4\" data-element_type=\"container\">\n\t\t\t\t\t<div class=\"e-con-inner\">\n\t\t\t\t<div class=\"elementor-element elementor-element-651634d elementor-widget elementor-widget-heading\" data-id=\"651634d\" data-element_type=\"widget\" data-widget_type=\"heading.default\">\n\t\t\t\t<div class=\"elementor-widget-container\">\n\t\t\t\t\t<h1 class=\"elementor-heading-title elementor-size-default\">Europeiskt tillg\u00e4nglighetsindex f\u00f6r p\u00e5sar 2026\n<\/h1>\t\t\t\t<\/div>\n\t\t\t\t<\/div>\n\t\t\t\t\t<\/div>\n\t\t\t\t<\/div>\n\t\t\t\t\t<\/div>\n\t\t\t\t<\/div>\n\t\t<div class=\"elementor-element elementor-element-07f142f e-flex e-con-boxed e-con e-parent\" data-id=\"07f142f\" data-element_type=\"container\" data-settings=\"{&quot;background_background&quot;:&quot;classic&quot;}\">\n\t\t\t\t\t<div class=\"e-con-inner\">\n\t\t\t\t<div class=\"elementor-element elementor-element-dbf9038 elementor-widget elementor-widget-heading\" data-id=\"dbf9038\" data-element_type=\"widget\" data-widget_type=\"heading.default\">\n\t\t\t\t<div class=\"elementor-widget-container\">\n\t\t\t\t\t<h3 class=\"elementor-heading-title elementor-size-default\">INTRODUKTION<\/h3>\t\t\t\t<\/div>\n\t\t\t\t<\/div>\n\t\t\t\t<div class=\"elementor-element elementor-element-a131e2f elementor-widget elementor-widget-text-editor\" data-id=\"a131e2f\" data-element_type=\"widget\" data-widget_type=\"text-editor.default\">\n\t\t\t\t<div class=\"elementor-widget-container\">\n\t\t\t\t\t\t\t\t\t<p><span style=\"font-weight: 400;\">I kampen f\u00f6r att g\u00f6ra Europa r\u00f6kfritt har nikotinp\u00e5sar framst\u00e5tt som ett centralt verktyg f\u00f6r folkh\u00e4lsan. Kontinenten st\u00e5r dock inf\u00f6r ett regelverksm\u00e4ssigt v\u00e4gsk\u00e4l. Medan vissa nationer har anammat den svenska erfarenheten och anv\u00e4nt oralt nikotin f\u00f6r att driva r\u00f6kningssiffrorna mot historiskt l\u00e5ga niv\u00e5er, bygger andra lagstiftningshinder som hotar att omintetg\u00f6ra \u00e5rtionden av framsteg inom skademinskning.<\/span><\/p><p><span style=\"font-weight: 400;\">Resultaten fr\u00e5n detta index visar ett tydligt splittrat Europa. H\u00f6gpresterande l\u00e4nder har framg\u00e5ngsrikt s\u00e4rskiljt nikotinp\u00e5sar fr\u00e5n br\u00e4nnbar tobak, och insett att vuxna r\u00f6kare beh\u00f6ver tillg\u00e4ngliga, smaksatta och prisv\u00e4rda alternativ f\u00f6r att framg\u00e5ngsrikt kunna \u00f6verg\u00e5 fr\u00e5n cigaretter. I dessa jurisdiktioner har konsumenterna m\u00f6jlighet att ta ansvar f\u00f6r sin egen h\u00e4lsa genom tydlig digital och fysisk \u00e5tkomst.<\/span><\/p><p><span style=\"font-weight: 400;\">Omv\u00e4nt sveper en v\u00e5g av ogrundad skepticism f\u00f6r n\u00e4rvarande genom m\u00e5nga europeiska huvudst\u00e4der. Vi bevittnar en trend d\u00e4r stater felklassificerar dessa tobaksfria produkter som tobak, eller f\u00f6rs\u00f6ker anv\u00e4nda &quot;nya livsmedel&quot; eller medicinska klassificeringar f\u00f6r att uppr\u00e4tth\u00e5lla faktiska f\u00f6rbud. Denna restriktiva politik skyddar inte folkh\u00e4lsan; ist\u00e4llet skyddar den status quo f\u00f6r cigarettkonsumtion genom att ta bort de mest effektiva avfarterna f\u00f6r r\u00f6kare.<\/span><\/p>\t\t\t\t\t\t\t\t<\/div>\n\t\t\t\t<\/div>\n\t\t\t\t\t<\/div>\n\t\t\t\t<\/div>\n\t\t<div class=\"elementor-element elementor-element-23d79d7 e-flex e-con-boxed e-con e-parent\" data-id=\"23d79d7\" data-element_type=\"container\" data-settings=\"{&quot;background_background&quot;:&quot;classic&quot;}\">\n\t\t\t\t\t<div class=\"e-con-inner\">\n\t\t\t\t<div class=\"elementor-element elementor-element-d610dcc elementor-widget elementor-widget-heading\" data-id=\"d610dcc\" data-element_type=\"widget\" data-widget_type=\"heading.default\">\n\t\t\t\t<div class=\"elementor-widget-container\">\n\t\t\t\t\t<h3 class=\"elementor-heading-title elementor-size-default\">Viktiga resultat<\/h3>\t\t\t\t<\/div>\n\t\t\t\t<\/div>\n\t\t\t\t<div class=\"elementor-element elementor-element-ebf6913 elementor-widget elementor-widget-text-editor\" data-id=\"ebf6913\" data-element_type=\"widget\" data-widget_type=\"text-editor.default\">\n\t\t\t\t<div class=\"elementor-widget-container\">\n\t\t\t\t\t\t\t\t\t<ul><li style=\"font-weight: 400;\" aria-level=\"1\"><b>Sverige s\u00e4krar guldstandarden (70\/70):<\/b><span style=\"font-weight: 400;\"> Sverige \u00e4r fortfarande det enda landet med perfekt resultat, efter att ha lyckats skilja p\u00e5sar fr\u00e5n tobak och till och med s\u00e4nkt skatterna senast 20% f\u00f6r att bel\u00f6na r\u00f6kare f\u00f6r att byta.<\/span><\/li><li style=\"font-weight: 400;\" aria-level=\"1\"><b>Ett v\u00e4xande f\u00f6rbudsblock:<\/b><span style=\"font-weight: 400;\"> Tyskland, Nederl\u00e4nderna, Belgien, Litauen och Cypern fick underk\u00e4nda betyg (F) p\u00e5 grund av totala detaljhandels- och onlinef\u00f6rbud. Dessa \u00e5tg\u00e4rder tar bort de mest effektiva &quot;avfarterna&quot; f\u00f6r r\u00f6kare och skyddar effektivt status quo f\u00f6r cigarettkonsumtion.<\/span><\/li><li style=\"font-weight: 400;\" aria-level=\"1\"><b>Den franska juridiska dragkampen:<\/b><span style=\"font-weight: 400;\"> Frankrike fick ett underk\u00e4nt betyg trots att domstol nyligen avbr\u00f6t sitt f\u00f6rbud mot p\u00e5sar. Indexet belyser att \u00e4ven med ett uppskjutet dekret \u00e4r marknaden i praktiken fortfarande st\u00e4ngd f\u00f6r vuxna konsumenter p\u00e5 grund av restriktiva tolkningar av folkh\u00e4lsolagen.<\/span><\/li><li style=\"font-weight: 400;\" aria-level=\"1\"><b>Spanien som ett &quot;edgefall&quot;:<\/b><span style=\"font-weight: 400;\"> Spaniens po\u00e4ng p\u00e5 45 (C) \u00e5terspeglar en h\u00f6g grad av r\u00e4ttslig os\u00e4kerhet. F\u00f6reslagna smakf\u00f6rbud och ett godtyckligt nikotintak p\u00e5 0,99 mg skapar ett &quot;de facto&quot; f\u00f6rbud som h\u00e4mmar konsumenternas valm\u00f6jligheter och marknadsinnovation f\u00f6r konsumenterna.<\/span><\/li><\/ul>\t\t\t\t\t\t\t\t<\/div>\n\t\t\t\t<\/div>\n\t\t\t\t\t<\/div>\n\t\t\t\t<\/div>\n\t\t<div class=\"elementor-element elementor-element-0c6072b e-flex e-con-boxed e-con e-parent\" data-id=\"0c6072b\" data-element_type=\"container\" data-settings=\"{&quot;background_background&quot;:&quot;classic&quot;}\">\n\t\t\t\t\t<div class=\"e-con-inner\">\n\t\t\t\t<div class=\"elementor-element elementor-element-fbed9cc elementor-widget elementor-widget-heading\" data-id=\"fbed9cc\" data-element_type=\"widget\" data-widget_type=\"heading.default\">\n\t\t\t\t<div class=\"elementor-widget-container\">\n\t\t\t\t\t<h3 class=\"elementor-heading-title elementor-size-default\">F\u00d6RDELEN MED TILLG\u00c5NG: ATT GE DEN EUROPEISKA KONSUMENTEN MAKT\n<\/h3>\t\t\t\t<\/div>\n\t\t\t\t<\/div>\n\t\t\t\t<div class=\"elementor-element elementor-element-ad849ab elementor-widget elementor-widget-text-editor\" data-id=\"ad849ab\" data-element_type=\"widget\" data-widget_type=\"text-editor.default\">\n\t\t\t\t<div class=\"elementor-widget-container\">\n\t\t\t\t\t\t\t\t\t<p><span style=\"font-weight: 400;\">L\u00e4nder som uppn\u00e5dde ett A eller A+ i detta index leder v\u00e4gen inom skademinskning i Europa. F\u00f6r medborgarna i dessa topprankade nationer \u00e4r f\u00f6rdelarna med ett f\u00f6rnuftigt regelverk tydliga:<\/span><\/p><ul><li style=\"font-weight: 400;\" aria-level=\"1\"><b>Differentierade policyramverk:<\/b><span style=\"font-weight: 400;\"> Genom att korrekt skilja p\u00e5sar fr\u00e5n tobak kan dessa stater ge konsumenterna \u00e4rlig utbildning om relativa risker.<\/span><\/li><li style=\"font-weight: 400;\" aria-level=\"1\"><b>Ekonomiska incitament f\u00f6r h\u00e4lsa:<\/b><span style=\"font-weight: 400;\"> Riskproportionell beskattning s\u00e4kerst\u00e4ller att portionsf\u00f6rbrukning f\u00f6rblir ett mer \u00f6verkomligt alternativ \u00e4n d\u00f6dliga cigaretter, vilket ekonomiskt bel\u00f6nar de som byter.<\/span><\/li><li style=\"font-weight: 400;\" aria-level=\"1\"><b>Bevarande genom variation:<\/b><span style=\"font-weight: 400;\"> Att skydda smakalternativen \u00e4r avg\u00f6rande f\u00f6r att s\u00e4kerst\u00e4lla att tidigare r\u00f6kare inte \u00e5terg\u00e5r till tobak, eftersom smaken \u00e4r en viktig drivkraft f\u00f6r l\u00e5ngsiktigt r\u00f6kavv\u00e4njning.<\/span><\/li><li style=\"font-weight: 400;\" aria-level=\"1\"><b>Obrutna leveranskedjor:<\/b><span style=\"font-weight: 400;\"> Robust tillg\u00e4nglighet online och i detaljhandeln s\u00e4kerst\u00e4ller att r\u00f6kare i landsbygdsomr\u00e5den eller omr\u00e5den med d\u00e5ligt f\u00f6rs\u00f6rjning inte l\u00e4mnas efter i \u00f6verg\u00e5ngen till s\u00e4krare alternativ.<\/span><\/li><li style=\"font-weight: 400;\" aria-level=\"1\"><b>St\u00f6dja lokal innovation:<\/b><span style=\"font-weight: 400;\"> R\u00e4ttvisa regler f\u00f6r f\u00f6rs\u00e4ljningsst\u00e4llen g\u00f6r det m\u00f6jligt f\u00f6r oberoende \u00e5terf\u00f6rs\u00e4ljare att betj\u00e4na sina lokalsamh\u00e4llen utan den f\u00f6rkrossande tyngden av tobaksmonopolrestriktioner.<\/span><\/li><\/ul><p>\u00a0<\/p><p><span style=\"font-weight: 400;\">N\u00e4r stater v\u00e4ljer felklassificering och f\u00f6rbud, sviker de sina mest utsatta medborgare. Innovation \u00e4r den enda g\u00e5ngbara v\u00e4gen till ett r\u00f6kfritt Europa.<\/span><\/p>\t\t\t\t\t\t\t\t<\/div>\n\t\t\t\t<\/div>\n\t\t\t\t\t<\/div>\n\t\t\t\t<\/div>\n\t\t<div class=\"elementor-element elementor-element-5a47002 e-flex e-con-boxed e-con e-parent\" data-id=\"5a47002\" data-element_type=\"container\">\n\t\t\t\t\t<div class=\"e-con-inner\">\n\t\t\t\t<div class=\"elementor-element elementor-element-d03b089 elementor-align-center elementor-widget elementor-widget-button\" data-id=\"d03b089\" data-element_type=\"widget\" data-widget_type=\"button.default\">\n\t\t\t\t<div class=\"elementor-widget-container\">\n\t\t\t\t\t\t\t\t\t<div class=\"elementor-button-wrapper\">\n\t\t\t\t\t<a class=\"elementor-button elementor-button-link elementor-size-sm\" href=\"https:\/\/consideratepouchers.org\/wp-content\/uploads\/2026\/02\/EPAI26.pdf\" target=\"_blank\">\n\t\t\t\t\t\t<span class=\"elementor-button-content-wrapper\">\n\t\t\t\t\t\t\t\t\t<span class=\"elementor-button-text\">Ladda ner hela artikeln med metodologi<\/span>\n\t\t\t\t\t<\/span>\n\t\t\t\t\t<\/a>\n\t\t\t\t<\/div>\n\t\t\t\t\t\t\t\t<\/div>\n\t\t\t\t<\/div>\n\t\t\t\t\t<\/div>\n\t\t\t\t<\/div>\n\t\t<div class=\"elementor-element elementor-element-bc56589 e-flex e-con-boxed e-con e-parent\" data-id=\"bc56589\" data-element_type=\"container\">\n\t\t\t\t\t<div class=\"e-con-inner\">\n\t\t\t\t\t<\/div>\n\t\t\t\t<\/div>\n\t\t<div class=\"elementor-element elementor-element-1afb5bf e-flex e-con-boxed e-con e-parent\" data-id=\"1afb5bf\" data-element_type=\"container\">\n\t\t\t\t\t<div class=\"e-con-inner\">\n\t\t\t\t<div class=\"elementor-element elementor-element-845e96c elementor-widget elementor-widget-heading\" data-id=\"845e96c\" data-element_type=\"widget\" data-widget_type=\"heading.default\">\n\t\t\t\t<div class=\"elementor-widget-container\">\n\t\t\t\t\t<h2 class=\"elementor-heading-title elementor-size-default\">F\u00f6rfattare<\/h2>\t\t\t\t<\/div>\n\t\t\t\t<\/div>\n\t\t\t\t<div class=\"elementor-element elementor-element-13b13e9 elementor-widget elementor-widget-spacer\" data-id=\"13b13e9\" data-element_type=\"widget\" data-widget_type=\"spacer.default\">\n\t\t\t\t<div class=\"elementor-widget-container\">\n\t\t\t\t\t\t\t<div class=\"elementor-spacer\">\n\t\t\t<div class=\"elementor-spacer-inner\"><\/div>\n\t\t<\/div>\n\t\t\t\t\t\t<\/div>\n\t\t\t\t<\/div>\n\t\t\t\t<div class=\"elementor-element elementor-element-01428f8 elementor-author-box--layout-image-above elementor-author-box--align-center elementor-widget elementor-widget-author-box\" data-id=\"01428f8\" data-element_type=\"widget\" data-widget_type=\"author-box.default\">\n\t\t\t\t<div class=\"elementor-widget-container\">\n\t\t\t\t\t\t\t<div class=\"elementor-author-box\">\n\t\t\t\t\t\t\t<div  class=\"elementor-author-box__avatar\">\n\t\t\t\t\t<img decoding=\"async\" src=\"https:\/\/consideratepouchers.org\/wp-content\/uploads\/2025\/04\/CP_JU-300x300.png\" alt=\"Bild av Juan Taborcia\" loading=\"lazy\">\n\t\t\t\t<\/div>\n\t\t\t\n\t\t\t<div class=\"elementor-author-box__text\">\n\t\t\t\t\t\t\t\t\t<div >\n\t\t\t\t\t\t<h4 class=\"elementor-author-box__name\">\n\t\t\t\t\t\t\tJuan Taborcia\t\t\t\t\t\t<\/h4>\n\t\t\t\t\t<\/div>\n\t\t\t\t\n\t\t\t\t\t\t\t\t\t<div class=\"elementor-author-box__bio\">\n\t\t\t\t\t\t<p>Global talesperson<\/p>\n\t\t\t\t\t<\/div>\n\t\t\t\t\n\t\t\t\t\t\t\t<\/div>\n\t\t<\/div>\n\t\t\t\t\t\t<\/div>\n\t\t\t\t<\/div>\n\t\t\t\t\t<\/div>\n\t\t\t\t<\/div>\n\t\t\t\t<\/div>","protected":false},"excerpt":{"rendered":"<p>Europeiskt index f\u00f6r tillg\u00e4nglighet av nikotinp\u00e5sar 2026 INLEDNING I kampen f\u00f6r att g\u00f6ra Europa r\u00f6kfritt har nikotinp\u00e5sar framst\u00e5tt som ett viktigt verktyg f\u00f6r folkh\u00e4lsan. Kontinenten st\u00e5r dock inf\u00f6r ett regelverksm\u00e4ssigt v\u00e4gsk\u00e4l. Medan vissa nationer har anammat den svenska erfarenheten och anv\u00e4nt oralt nikotin f\u00f6r att driva r\u00f6kningssiffrorna mot historiskt l\u00e5ga niv\u00e5er, bygger andra lagstiftningshinder som [\u2026]<\/p>","protected":false},"author":10,"featured_media":0,"parent":0,"menu_order":0,"comment_status":"closed","ping_status":"closed","template":"elementor_header_footer","meta":{"footnotes":""},"class_list":["post-3717","page","type-page","status-publish","hentry"],"yoast_head":"<!-- This site is optimized with the Yoast SEO plugin v25.0 - https:\/\/yoast.com\/wordpress\/plugins\/seo\/ -->\n<title>European Pouch Accessibility Index 2026 - Considerate Pouchers<\/title>\n<meta name=\"robots\" content=\"index, follow, max-snippet:-1, max-image-preview:large, max-video-preview:-1\" \/>\n<link rel=\"canonical\" href=\"https:\/\/consideratepouchers.org\/sv\/europeiskt-tillganglighetsindex-for-pasar-2026\/\" \/>\n<meta property=\"og:locale\" content=\"sv_SE\" \/>\n<meta property=\"og:type\" content=\"article\" \/>\n<meta property=\"og:title\" content=\"European Pouch Accessibility Index 2026 - Considerate Pouchers\" \/>\n<meta property=\"og:description\" content=\"European Pouch Accessibility Index 2026 INTRODUCTION In the race to make Europe smoke-free, nicotine pouches have emerged as a pivotal tool for public health. However, the continent faces a regulatory crossroads. While some nations have embraced the Swedish experience, utilizing oral nicotine to drive smoking rates toward historic lows, others are constructing legislative barriers that [&hellip;]\" \/>\n<meta property=\"og:url\" content=\"https:\/\/consideratepouchers.org\/sv\/europeiskt-tillganglighetsindex-for-pasar-2026\/\" \/>\n<meta property=\"og:site_name\" content=\"Considerate Pouchers\" \/>\n<meta property=\"article:publisher\" content=\"https:\/\/www.facebook.com\/cpouchers\" \/>\n<meta property=\"article:modified_time\" content=\"2026-02-25T09:29:04+00:00\" \/>\n<meta name=\"twitter:card\" content=\"summary_large_image\" \/>\n<meta name=\"twitter:site\" content=\"@CPouchers\" \/>\n<meta name=\"twitter:label1\" content=\"Ber\u00e4knad l\u00e4stid\" \/>\n\t<meta name=\"twitter:data1\" content=\"3 minuter\" \/>\n<script type=\"application\/ld+json\" class=\"yoast-schema-graph\">{\"@context\":\"https:\/\/schema.org\",\"@graph\":[{\"@type\":\"WebPage\",\"@id\":\"https:\/\/consideratepouchers.org\/european-pouch-accessibility-index-2026\/\",\"url\":\"https:\/\/consideratepouchers.org\/european-pouch-accessibility-index-2026\/\",\"name\":\"European Pouch Accessibility Index 2026 - Considerate Pouchers\",\"isPartOf\":{\"@id\":\"https:\/\/consideratepouchers.org\/#website\"},\"datePublished\":\"2026-02-19T16:27:43+00:00\",\"dateModified\":\"2026-02-25T09:29:04+00:00\",\"breadcrumb\":{\"@id\":\"https:\/\/consideratepouchers.org\/european-pouch-accessibility-index-2026\/#breadcrumb\"},\"inLanguage\":\"sv-SE\",\"potentialAction\":[{\"@type\":\"ReadAction\",\"target\":[\"https:\/\/consideratepouchers.org\/european-pouch-accessibility-index-2026\/\"]}]},{\"@type\":\"BreadcrumbList\",\"@id\":\"https:\/\/consideratepouchers.org\/european-pouch-accessibility-index-2026\/#breadcrumb\",\"itemListElement\":[{\"@type\":\"ListItem\",\"position\":1,\"name\":\"Home\",\"item\":\"https:\/\/consideratepouchers.org\/\"},{\"@type\":\"ListItem\",\"position\":2,\"name\":\"European Pouch Accessibility Index 2026\"}]},{\"@type\":\"WebSite\",\"@id\":\"https:\/\/consideratepouchers.org\/#website\",\"url\":\"https:\/\/consideratepouchers.org\/\",\"name\":\"Considerate Pouchers\",\"description\":\"Improving Health &amp; Combatting Misinformation\",\"publisher\":{\"@id\":\"https:\/\/consideratepouchers.org\/#organization\"},\"potentialAction\":[{\"@type\":\"SearchAction\",\"target\":{\"@type\":\"EntryPoint\",\"urlTemplate\":\"https:\/\/consideratepouchers.org\/?s={search_term_string}\"},\"query-input\":{\"@type\":\"PropertyValueSpecification\",\"valueRequired\":true,\"valueName\":\"search_term_string\"}}],\"inLanguage\":\"sv-SE\"},{\"@type\":\"Organization\",\"@id\":\"https:\/\/consideratepouchers.org\/#organization\",\"name\":\"Considerate Pouchers\",\"url\":\"https:\/\/consideratepouchers.org\/\",\"logo\":{\"@type\":\"ImageObject\",\"inLanguage\":\"sv-SE\",\"@id\":\"https:\/\/consideratepouchers.org\/#\/schema\/logo\/image\/\",\"url\":\"https:\/\/consideratepouchers.com\/wp-content\/uploads\/2021\/07\/Considerate-Pouchers-lOGO.png\",\"contentUrl\":\"https:\/\/consideratepouchers.com\/wp-content\/uploads\/2021\/07\/Considerate-Pouchers-lOGO.png\",\"width\":504,\"height\":504,\"caption\":\"Considerate Pouchers\"},\"image\":{\"@id\":\"https:\/\/consideratepouchers.org\/#\/schema\/logo\/image\/\"},\"sameAs\":[\"https:\/\/www.facebook.com\/cpouchers\",\"https:\/\/x.com\/CPouchers\",\"https:\/\/www.instagram.com\/cpouchers\"]}]}<\/script>\n<!-- \/ Yoast SEO plugin. -->","yoast_head_json":{"title":"European Pouch Accessibility Index 2026 - Considerate Pouchers","robots":{"index":"index","follow":"follow","max-snippet":"max-snippet:-1","max-image-preview":"max-image-preview:large","max-video-preview":"max-video-preview:-1"},"canonical":"https:\/\/consideratepouchers.org\/sv\/europeiskt-tillganglighetsindex-for-pasar-2026\/","og_locale":"sv_SE","og_type":"article","og_title":"European Pouch Accessibility Index 2026 - Considerate Pouchers","og_description":"European Pouch Accessibility Index 2026 INTRODUCTION In the race to make Europe smoke-free, nicotine pouches have emerged as a pivotal tool for public health. However, the continent faces a regulatory crossroads. While some nations have embraced the Swedish experience, utilizing oral nicotine to drive smoking rates toward historic lows, others are constructing legislative barriers that [&hellip;]","og_url":"https:\/\/consideratepouchers.org\/sv\/europeiskt-tillganglighetsindex-for-pasar-2026\/","og_site_name":"Considerate Pouchers","article_publisher":"https:\/\/www.facebook.com\/cpouchers","article_modified_time":"2026-02-25T09:29:04+00:00","twitter_card":"summary_large_image","twitter_site":"@CPouchers","twitter_misc":{"Ber\u00e4knad l\u00e4stid":"3 minuter"},"schema":{"@context":"https:\/\/schema.org","@graph":[{"@type":"WebPage","@id":"https:\/\/consideratepouchers.org\/european-pouch-accessibility-index-2026\/","url":"https:\/\/consideratepouchers.org\/european-pouch-accessibility-index-2026\/","name":"European Pouch Accessibility Index 2026 - Considerate Pouchers","isPartOf":{"@id":"https:\/\/consideratepouchers.org\/#website"},"datePublished":"2026-02-19T16:27:43+00:00","dateModified":"2026-02-25T09:29:04+00:00","breadcrumb":{"@id":"https:\/\/consideratepouchers.org\/european-pouch-accessibility-index-2026\/#breadcrumb"},"inLanguage":"sv-SE","potentialAction":[{"@type":"ReadAction","target":["https:\/\/consideratepouchers.org\/european-pouch-accessibility-index-2026\/"]}]},{"@type":"BreadcrumbList","@id":"https:\/\/consideratepouchers.org\/european-pouch-accessibility-index-2026\/#breadcrumb","itemListElement":[{"@type":"ListItem","position":1,"name":"Home","item":"https:\/\/consideratepouchers.org\/"},{"@type":"ListItem","position":2,"name":"European Pouch Accessibility Index 2026"}]},{"@type":"WebSite","@id":"https:\/\/consideratepouchers.org\/#website","url":"https:\/\/consideratepouchers.org\/","name":"Considerate Pouchers","description":"Improving Health &amp; Combatting Misinformation","publisher":{"@id":"https:\/\/consideratepouchers.org\/#organization"},"potentialAction":[{"@type":"SearchAction","target":{"@type":"EntryPoint","urlTemplate":"https:\/\/consideratepouchers.org\/?s={search_term_string}"},"query-input":{"@type":"PropertyValueSpecification","valueRequired":true,"valueName":"search_term_string"}}],"inLanguage":"sv-SE"},{"@type":"Organization","@id":"https:\/\/consideratepouchers.org\/#organization","name":"Considerate Pouchers","url":"https:\/\/consideratepouchers.org\/","logo":{"@type":"ImageObject","inLanguage":"sv-SE","@id":"https:\/\/consideratepouchers.org\/#\/schema\/logo\/image\/","url":"https:\/\/consideratepouchers.com\/wp-content\/uploads\/2021\/07\/Considerate-Pouchers-lOGO.png","contentUrl":"https:\/\/consideratepouchers.com\/wp-content\/uploads\/2021\/07\/Considerate-Pouchers-lOGO.png","width":504,"height":504,"caption":"Considerate Pouchers"},"image":{"@id":"https:\/\/consideratepouchers.org\/#\/schema\/logo\/image\/"},"sameAs":["https:\/\/www.facebook.com\/cpouchers","https:\/\/x.com\/CPouchers","https:\/\/www.instagram.com\/cpouchers"]}]}},"_links":{"self":[{"href":"https:\/\/consideratepouchers.org\/sv\/wp-json\/wp\/v2\/pages\/3717","targetHints":{"allow":["GET"]}}],"collection":[{"href":"https:\/\/consideratepouchers.org\/sv\/wp-json\/wp\/v2\/pages"}],"about":[{"href":"https:\/\/consideratepouchers.org\/sv\/wp-json\/wp\/v2\/types\/page"}],"author":[{"embeddable":true,"href":"https:\/\/consideratepouchers.org\/sv\/wp-json\/wp\/v2\/users\/10"}],"replies":[{"embeddable":true,"href":"https:\/\/consideratepouchers.org\/sv\/wp-json\/wp\/v2\/comments?post=3717"}],"version-history":[{"count":0,"href":"https:\/\/consideratepouchers.org\/sv\/wp-json\/wp\/v2\/pages\/3717\/revisions"}],"wp:attachment":[{"href":"https:\/\/consideratepouchers.org\/sv\/wp-json\/wp\/v2\/media?parent=3717"}],"curies":[{"name":"wp","href":"https:\/\/api.w.org\/{rel}","templated":true}]}}